{"id":15129,"date":"2024-07-01T21:28:27","date_gmt":"2024-07-02T00:28:27","guid":{"rendered":"https:\/\/farmaciadagostino.com.ar\/sitio\/producto\/curitas-apositos-adhesivos-transpiel-resistentes-al-agua-20-unidades\/"},"modified":"2026-03-09T10:25:31","modified_gmt":"2026-03-09T13:25:31","slug":"curitas-apositos-adhesivos-transpiel-resistentes-al-agua-20-unidades","status":"publish","type":"product","link":"https:\/\/farmaciadagostino.com.ar\/sitio\/producto\/curitas-apositos-adhesivos-transpiel-resistentes-al-agua-20-unidades\/","title":{"rendered":"Curitas Ap\u00f3sitos Adhesivos Transpiel Resistentes Al Agua (20 Unidades)"},"content":{"rendered":"<p>Los Ap\u00f3sitos adhesivos Curitas Transpiel son ideales para cubrir cualquier tipo de heridas peque\u00f1as. Las vendas se estiran y adaptan a los movimientos de la piel, dej\u00e1ndola respirar correctamente. Adem\u00e1s, posee una almohadilla antiadherente que protege la herida.<br \/>\nSe distinguen por ser resistentes al agua y adherirse de forma duradera a la piel.<br \/>\nCabe destacar que las Curitas est\u00e1n disponibles en distintos tam<br \/>\na\u00f1os para poder cubrir completamente la lesi\u00f3n y\/o en pa\u00f1os para poder cortarse a la medida necesaria. Se adec\u00faan a todo tipo de piel. <\/p>\n<p>BENEFICIOS<br \/>\n&#8211; Repelen el agua y la suciedad<br \/>\n&#8211; Resistentes al agua<br \/>\n&#8211; Fuerte adhesi\u00f3n<br \/>\n&#8211; Su material permite que la piel respire<br \/>\n&#8211; Adecuados para todo tipo de piel<\/p>\n<p>MODO DE USO<br \/>\n1) Limpiar la herida, y con cuidado retir\u00e1 cualquier objeto externo, suciedad o polvo que pudiera tener.<br \/>\n2) Secar bien la herida<br \/>\n3) Colocar el Ap\u00f3sito adhesivo Transpiel Curitas sin estirarlo y evitando dejar pliegues.<\/p>\n","protected":false},"excerpt":{"rendered":"<p>Los Ap\u00f3sitos adhesivos Curitas Transpiel son ideales para cubrir cualquier tipo de heridas peque\u00f1as<\/p>\n","protected":false},"featured_media":9765,"comment_status":"open","ping_status":"closed","template":"","meta":[],"product_brand":[],"product_cat":[152,149],"product_tag":[],"class_list":{"0":"post-15129","1":"product","2":"type-product","3":"status-publish","4":"has-post-thumbnail","6":"product_cat-cuidado-personal","7":"product_cat-farmacia","9":"first","10":"instock","11":"shipping-taxable","12":"purchasable","13":"product-type-simple"},"_links":{"self":[{"href":"https:\/\/farmaciadagostino.com.ar\/sitio\/wp-json\/wp\/v2\/product\/15129","targetHints":{"allow":["GET"]}}],"collection":[{"href":"https:\/\/farmaciadagostino.com.ar\/sitio\/wp-json\/wp\/v2\/product"}],"about":[{"href":"https:\/\/farmaciadagostino.com.ar\/sitio\/wp-json\/wp\/v2\/types\/product"}],"replies":[{"embeddable":true,"href":"https:\/\/farmaciadagostino.com.ar\/sitio\/wp-json\/wp\/v2\/comments?post=15129"}],"wp:featuredmedia":[{"embeddable":true,"href":"https:\/\/farmaciadagostino.com.ar\/sitio\/wp-json\/wp\/v2\/media\/9765"}],"wp:attachment":[{"href":"https:\/\/farmaciadagostino.com.ar\/sitio\/wp-json\/wp\/v2\/media?parent=15129"}],"wp:term":[{"taxonomy":"product_brand","embeddable":true,"href":"https:\/\/farmaciadagostino.com.ar\/sitio\/wp-json\/wp\/v2\/product_brand?post=15129"},{"taxonomy":"product_cat","embeddable":true,"href":"https:\/\/farmaciadagostino.com.ar\/sitio\/wp-json\/wp\/v2\/product_cat?post=15129"},{"taxonomy":"product_tag","embeddable":true,"href":"https:\/\/farmaciadagostino.com.ar\/sitio\/wp-json\/wp\/v2\/product_tag?post=15129"}],"curies":[{"name":"wp","href":"https:\/\/api.w.org\/{rel}","templated":true}]}}