{"id":15131,"date":"2024-07-01T21:28:28","date_gmt":"2024-07-02T00:28:28","guid":{"rendered":"https:\/\/farmaciadagostino.com.ar\/sitio\/producto\/curitas-apositos-de-tela-flexible-xl-10-unidades\/"},"modified":"2026-03-09T10:18:22","modified_gmt":"2026-03-09T13:18:22","slug":"curitas-apositos-de-tela-flexible-xl-10-unidades","status":"publish","type":"product","link":"https:\/\/farmaciadagostino.com.ar\/sitio\/producto\/curitas-apositos-de-tela-flexible-xl-10-unidades\/","title":{"rendered":"Curitas Apositos de Tela Flexible xl (10 Unidades)"},"content":{"rendered":"<p>Los Ap\u00f3sitos adhesivos Curitas Flexible XL son ideales para cubrir todo tipo de heridas grandes, principalmente recomendadas para utilizar en las articulaciones. Bloquean el 99% de las bacterias y poseen una almohadilla antiadherente que protege la herida y la deja respirar. El material se estira adapt\u00e1ndose a los diferentes movimientos de la piel. La versi\u00f3n XL de Curitas Flexible mide 5 x 7,2 cent\u00edmetros. <\/p>\n<p>MODO DE USO:<br \/>\n1) Limpiar la herida, y con cuidado retir\u00e1 cualquier objeto externo, suciedad o polvo que pudiera tener.<br \/>\n2) Secar bien la herida<br \/>\n3) Colocar el Ap\u00f3sito adhesivo Curitas Flexible XL sin estirarlo y evitando dejar pliegues.<br \/>\n4) Al intercambiar los ap\u00f3sitos, se recomienda utilizar Pomada para heridas Curitas y as\u00ed favorecer el proceso de cicatrizaci\u00f3n.<\/p>\n","protected":false},"excerpt":{"rendered":"<p>Los Ap\u00f3sitos adhesivos Curitas Flexible XL son ideales para cubrir todo tipo de heridas grandes, principalmente recomendadas para utilizar en las articulaciones<\/p>\n","protected":false},"featured_media":8381,"comment_status":"open","ping_status":"closed","template":"","meta":[],"product_brand":[],"product_cat":[152,149],"product_tag":[],"class_list":{"0":"post-15131","1":"product","2":"type-product","3":"status-publish","4":"has-post-thumbnail","6":"product_cat-cuidado-personal","7":"product_cat-farmacia","9":"first","10":"instock","11":"shipping-taxable","12":"purchasable","13":"product-type-simple"},"_links":{"self":[{"href":"https:\/\/farmaciadagostino.com.ar\/sitio\/wp-json\/wp\/v2\/product\/15131","targetHints":{"allow":["GET"]}}],"collection":[{"href":"https:\/\/farmaciadagostino.com.ar\/sitio\/wp-json\/wp\/v2\/product"}],"about":[{"href":"https:\/\/farmaciadagostino.com.ar\/sitio\/wp-json\/wp\/v2\/types\/product"}],"replies":[{"embeddable":true,"href":"https:\/\/farmaciadagostino.com.ar\/sitio\/wp-json\/wp\/v2\/comments?post=15131"}],"wp:featuredmedia":[{"embeddable":true,"href":"https:\/\/farmaciadagostino.com.ar\/sitio\/wp-json\/wp\/v2\/media\/8381"}],"wp:attachment":[{"href":"https:\/\/farmaciadagostino.com.ar\/sitio\/wp-json\/wp\/v2\/media?parent=15131"}],"wp:term":[{"taxonomy":"product_brand","embeddable":true,"href":"https:\/\/farmaciadagostino.com.ar\/sitio\/wp-json\/wp\/v2\/product_brand?post=15131"},{"taxonomy":"product_cat","embeddable":true,"href":"https:\/\/farmaciadagostino.com.ar\/sitio\/wp-json\/wp\/v2\/product_cat?post=15131"},{"taxonomy":"product_tag","embeddable":true,"href":"https:\/\/farmaciadagostino.com.ar\/sitio\/wp-json\/wp\/v2\/product_tag?post=15131"}],"curies":[{"name":"wp","href":"https:\/\/api.w.org\/{rel}","templated":true}]}}