{"id":15188,"date":"2024-07-01T21:29:49","date_gmt":"2024-07-02T00:29:49","guid":{"rendered":"https:\/\/farmaciadagostino.com.ar\/sitio\/producto\/maybelline-superstay-foundation-full-coverage-310-sun-081-beige__dfa\/"},"modified":"2026-03-09T10:10:16","modified_gmt":"2026-03-09T13:10:16","slug":"maybelline-superstay-foundation-full-coverage-310-sun-081-beige__dfa","status":"publish","type":"product","link":"https:\/\/farmaciadagostino.com.ar\/sitio\/producto\/maybelline-superstay-foundation-full-coverage-310-sun-081-beige__dfa\/","title":{"rendered":"Maybelline Superstay Foundation Full Coverage 310 Sun 081 beige__dfa"},"content":{"rendered":"<p>La nueva base de acabado matte SuperStay Full Coverage de Maybelline, permite lucir un rostro perfecto durante 24hs. Tono Light Beige.<\/p>\n<h5>Beneficios:<\/h5>\n<p>Su alta cobertura l\u00edquida deja el rostro totalmente libre de imperfecciones al maquillarse. Gracias a su larga duraci\u00f3n, la base hiperpigmentada te brinda una cobertura total, transformadora y concentrada que dura hasta 24 horas. Brinda un acabado impecable que se mantiene intacto durante todo el d\u00eda. Su f\u00f3rmula es ligera y se desliza f\u00e1cilmente en la piel. No contiene aceite ni tapa los poros.<\/p>\n<h5>Modo de Uso:<\/h5>\n<p>Aplicar en el rostro y extender el producto con la ayuda de la yema de tus dedos, o una esponja para lograr una cobertura pareja y uniforme.<\/p>\n","protected":false},"excerpt":{"rendered":"<p>La nueva base de acabado matte SuperStay Full Coverage de Maybelline, permite lucir un rostro perfecto durante 24hs<\/p>\n","protected":false},"featured_media":7054,"comment_status":"open","ping_status":"closed","template":"","meta":[],"product_brand":[],"product_cat":[237],"product_tag":[],"class_list":{"0":"post-15188","1":"product","2":"type-product","3":"status-publish","4":"has-post-thumbnail","6":"product_cat-belleza","8":"first","9":"instock","10":"shipping-taxable","11":"purchasable","12":"product-type-simple"},"_links":{"self":[{"href":"https:\/\/farmaciadagostino.com.ar\/sitio\/wp-json\/wp\/v2\/product\/15188","targetHints":{"allow":["GET"]}}],"collection":[{"href":"https:\/\/farmaciadagostino.com.ar\/sitio\/wp-json\/wp\/v2\/product"}],"about":[{"href":"https:\/\/farmaciadagostino.com.ar\/sitio\/wp-json\/wp\/v2\/types\/product"}],"replies":[{"embeddable":true,"href":"https:\/\/farmaciadagostino.com.ar\/sitio\/wp-json\/wp\/v2\/comments?post=15188"}],"wp:featuredmedia":[{"embeddable":true,"href":"https:\/\/farmaciadagostino.com.ar\/sitio\/wp-json\/wp\/v2\/media\/7054"}],"wp:attachment":[{"href":"https:\/\/farmaciadagostino.com.ar\/sitio\/wp-json\/wp\/v2\/media?parent=15188"}],"wp:term":[{"taxonomy":"product_brand","embeddable":true,"href":"https:\/\/farmaciadagostino.com.ar\/sitio\/wp-json\/wp\/v2\/product_brand?post=15188"},{"taxonomy":"product_cat","embeddable":true,"href":"https:\/\/farmaciadagostino.com.ar\/sitio\/wp-json\/wp\/v2\/product_cat?post=15188"},{"taxonomy":"product_tag","embeddable":true,"href":"https:\/\/farmaciadagostino.com.ar\/sitio\/wp-json\/wp\/v2\/product_tag?post=15188"}],"curies":[{"name":"wp","href":"https:\/\/api.w.org\/{rel}","templated":true}]}}