{"id":15192,"date":"2024-07-01T21:29:51","date_gmt":"2024-07-02T00:29:51","guid":{"rendered":"https:\/\/farmaciadagostino.com.ar\/sitio\/producto\/vogue-base-resist-todo-el-dia-30-ml-avellana\/"},"modified":"2026-03-09T10:18:24","modified_gmt":"2026-03-09T13:18:24","slug":"vogue-base-resist-todo-el-dia-30-ml-avellana","status":"publish","type":"product","link":"https:\/\/farmaciadagostino.com.ar\/sitio\/producto\/vogue-base-resist-todo-el-dia-30-ml-avellana\/","title":{"rendered":"Vogue Base Resist Todo El D\u00eda 30 ml Avellana"},"content":{"rendered":"<p>Base de maquillaje de larga duraci\u00f3n, hasta 24hs. No se transfiere y es resistente al calor y la humedad.<\/p>\n<p>&#8211; Para todo tipo de piel.<br \/>\n&#8211; Larga duraci\u00f3n.<br \/>\n&#8211; Intransferible.<\/p>\n<p>Vogue da color a lo mejor de las mujeres, ofreci\u00e9ndoles productos que acompa\u00f1an cada momento de su vida con amplios rangos de color y de larga duraci\u00f3n, con excelente relaci\u00f3n calidad-precio. La marca se inspira en mujeres que se definen as\u00ed mismas como luchadoras, cotidianas y cercanas, que enfrentan su d\u00eda a d\u00eda con un esp\u00edritu alegre y optimista.<\/p>\n","protected":false},"excerpt":{"rendered":"<p>Base de maquillaje de larga duraci\u00f3n, hasta 24hs<\/p>\n","protected":false},"featured_media":9496,"comment_status":"open","ping_status":"closed","template":"","meta":[],"product_brand":[],"product_cat":[237,265],"product_tag":[],"class_list":{"0":"post-15192","1":"product","2":"type-product","3":"status-publish","4":"has-post-thumbnail","6":"product_cat-belleza","7":"product_cat-maquillaje","9":"first","10":"instock","11":"shipping-taxable","12":"purchasable","13":"product-type-simple"},"_links":{"self":[{"href":"https:\/\/farmaciadagostino.com.ar\/sitio\/wp-json\/wp\/v2\/product\/15192","targetHints":{"allow":["GET"]}}],"collection":[{"href":"https:\/\/farmaciadagostino.com.ar\/sitio\/wp-json\/wp\/v2\/product"}],"about":[{"href":"https:\/\/farmaciadagostino.com.ar\/sitio\/wp-json\/wp\/v2\/types\/product"}],"replies":[{"embeddable":true,"href":"https:\/\/farmaciadagostino.com.ar\/sitio\/wp-json\/wp\/v2\/comments?post=15192"}],"wp:featuredmedia":[{"embeddable":true,"href":"https:\/\/farmaciadagostino.com.ar\/sitio\/wp-json\/wp\/v2\/media\/9496"}],"wp:attachment":[{"href":"https:\/\/farmaciadagostino.com.ar\/sitio\/wp-json\/wp\/v2\/media?parent=15192"}],"wp:term":[{"taxonomy":"product_brand","embeddable":true,"href":"https:\/\/farmaciadagostino.com.ar\/sitio\/wp-json\/wp\/v2\/product_brand?post=15192"},{"taxonomy":"product_cat","embeddable":true,"href":"https:\/\/farmaciadagostino.com.ar\/sitio\/wp-json\/wp\/v2\/product_cat?post=15192"},{"taxonomy":"product_tag","embeddable":true,"href":"https:\/\/farmaciadagostino.com.ar\/sitio\/wp-json\/wp\/v2\/product_tag?post=15192"}],"curies":[{"name":"wp","href":"https:\/\/api.w.org\/{rel}","templated":true}]}}