{"id":15228,"date":"2024-07-01T22:52:10","date_gmt":"2024-07-02T01:52:10","guid":{"rendered":"https:\/\/farmaciadagostino.com.ar\/sitio\/producto\/duracell-pila-chica-triple-aaa-4-unidades\/"},"modified":"2026-03-09T10:25:33","modified_gmt":"2026-03-09T13:25:33","slug":"duracell-pila-chica-triple-aaa-4-unidades","status":"publish","type":"product","link":"https:\/\/farmaciadagostino.com.ar\/sitio\/producto\/duracell-pila-chica-triple-aaa-4-unidades\/","title":{"rendered":"Duracell Pila Chica Triple Aaa (4 Unidades)"},"content":{"rendered":"<p>Duracell es sin\u00f3nimo de alto desempe\u00f1o y de m\u00e1ximo rendimiento, ya que los productos de la marca proporcionan alimentaci\u00f3n fiable y duradera a todos los dispositivos que requieran un toque de potencia adicional. Las pilas alcalinas multiuso AAA duran m\u00e1s, mucho m\u00e1s en comparaci\u00f3n con las pilas comunes de zinc-carb\u00f3n (los resultados pueden variar por dispositivo), lo cual las convierte en la opci\u00f3n ideal para obtener energ\u00eda confiable y de larga duraci\u00f3n. <\/p>\n<p>Gracias a la tecnolog\u00eda Duracell Duralock, las pilas Duracell sin utilizar retienen su capacidad energ\u00e9tica durante un m\u00e1ximo de 10 a\u00f1os de almacenamiento en condiciones ambientales, ofreci\u00e9ndote la libertad de disfrutar del uso de tus aparatos por mucho m\u00e1s tiempo. Las pilas AAA rinden su m\u00e1ximo provecho al ser utilizadas en juguetes, linternas, teclados de computadora y mouses, entre otros dispositivos. <\/p>\n<p> Desde el lanzamiento de la marca en el a\u00f1o 1965, Duracell ha crecido hasta convertirse en un \u00edcono de consumo mundial, conocida por su compromiso con la calidad, la confiabilidad y la innovaci\u00f3n. En promedio, se venden 63 productos de Duracell cada segundo en todo el mundo y cada vez m\u00e1s dispositivos nuevos requieren energ\u00eda de pila. El control de calidad de la empresa es exhaustivo y se enfoca en utilizar materias primas \u00f3ptimas, as\u00ed como tambi\u00e9n en realizar pruebas para inspeccionar el rendimiento de cada uno de los productos antes de que salgan al mercado. Duracell te brinda el poder que necesit\u00e1s cuando lo necesit\u00e1s.<\/p>\n","protected":false},"excerpt":{"rendered":"<p>Duracell es sin\u00f3nimo de alto desempe\u00f1o y de m\u00e1ximo rendimiento, ya que los productos de la marca proporcionan alimentaci\u00f3n fiable y duradera a todos los dispositivos que requieran un toque de potencia adicional<\/p>\n","protected":false},"featured_media":17752,"comment_status":"open","ping_status":"closed","template":"","meta":[],"product_brand":[],"product_cat":[182,240],"product_tag":[],"class_list":{"0":"post-15228","1":"product","2":"type-product","3":"status-publish","4":"has-post-thumbnail","6":"product_cat-electro","7":"product_cat-hogar","9":"first","10":"instock","11":"shipping-taxable","12":"purchasable","13":"product-type-simple"},"_links":{"self":[{"href":"https:\/\/farmaciadagostino.com.ar\/sitio\/wp-json\/wp\/v2\/product\/15228","targetHints":{"allow":["GET"]}}],"collection":[{"href":"https:\/\/farmaciadagostino.com.ar\/sitio\/wp-json\/wp\/v2\/product"}],"about":[{"href":"https:\/\/farmaciadagostino.com.ar\/sitio\/wp-json\/wp\/v2\/types\/product"}],"replies":[{"embeddable":true,"href":"https:\/\/farmaciadagostino.com.ar\/sitio\/wp-json\/wp\/v2\/comments?post=15228"}],"wp:featuredmedia":[{"embeddable":true,"href":"https:\/\/farmaciadagostino.com.ar\/sitio\/wp-json\/wp\/v2\/media\/17752"}],"wp:attachment":[{"href":"https:\/\/farmaciadagostino.com.ar\/sitio\/wp-json\/wp\/v2\/media?parent=15228"}],"wp:term":[{"taxonomy":"product_brand","embeddable":true,"href":"https:\/\/farmaciadagostino.com.ar\/sitio\/wp-json\/wp\/v2\/product_brand?post=15228"},{"taxonomy":"product_cat","embeddable":true,"href":"https:\/\/farmaciadagostino.com.ar\/sitio\/wp-json\/wp\/v2\/product_cat?post=15228"},{"taxonomy":"product_tag","embeddable":true,"href":"https:\/\/farmaciadagostino.com.ar\/sitio\/wp-json\/wp\/v2\/product_tag?post=15228"}],"curies":[{"name":"wp","href":"https:\/\/api.w.org\/{rel}","templated":true}]}}