{"id":15263,"date":"2024-07-01T22:58:27","date_gmt":"2024-07-02T01:58:27","guid":{"rendered":"https:\/\/farmaciadagostino.com.ar\/sitio\/producto\/tio-nacho-acondicionador-aloe-vera-doypack-400-ml\/"},"modified":"2026-03-09T10:10:16","modified_gmt":"2026-03-09T13:10:16","slug":"tio-nacho-acondicionador-aloe-vera-doypack-400-ml","status":"publish","type":"product","link":"https:\/\/farmaciadagostino.com.ar\/sitio\/producto\/tio-nacho-acondicionador-aloe-vera-doypack-400-ml\/","title":{"rendered":"Tio Nacho Acondicionador Aloe Vera Doypack 400 ml"},"content":{"rendered":"<p>Shampoo T\u00edo Nacho Anti-Da\u00f1o, gracias a la combinaci\u00f3n de jalea real y aloe vera 100% org\u00e1nico, ofrece un tratamiento de reparaci\u00f3n intensa para el pelo da\u00f1ado desde el primer uso.<\/p>\n<h5>Beneficios:<\/h5>\n<p>&#8211; REPARACI\u00d3N PROFUNDA: Un tratamiento completo de reparaci\u00f3n intensa para el cabello da\u00f1ado con ingredientes de origen natural.<\/p>\n<p>&#8211; ANTI-DA\u00d1O: Tu pelo reparado, suave, manejable, con brillo y con aspecto saludable, de la ra\u00edz a las puntas.<\/p>\n<p>&#8211; REALMENTE NATURAL: Protege y repara tu pelo sin necesidad de tantos qu\u00edmicos. T\u00edo Nacho Anti-Da\u00f1o Aloe Vera contiene 96% de ingredientes naturales y est\u00e1 libre de parabenos, siliconas y sal.<\/p>\n<p>-REALMENTE SUSTENTABLE: El nuevo T\u00edo Nacho Anti Da\u00f1o Recargable es amigable con el medio ambiente y tiene 79% menos de material de empaque que cualquier otro shampoo o acondicionador.<\/p>\n<p> &#8211; REALMENTE ACCESIBLE: Consegu\u00ed T\u00edo Nacho Anti Da\u00f1o Recargable a un precio s\u00faper accesible.<\/p>\n<h5>Modo de Uso:<\/h5>\n<p>USO DIARIO .Aplic\u00e1 una cantidad suficiente sobre el pelo mojado, distribuyendo con un ligero masaje por el cuero cabelludo. Enjuag\u00e1 con agua y repet\u00ed si es necesario.<\/p>\n<h5>Presentaci\u00f3n:<\/h5>\n<p>400 ml.<\/p>\n","protected":false},"excerpt":{"rendered":"<p>Shampoo T\u00edo Nacho Anti-Da\u00f1o, gracias a la combinaci\u00f3n de jalea real y aloe vera 100% org\u00e1nico, ofrece un tratamiento de reparaci\u00f3n intensa para el pelo da\u00f1ado desde el primer uso<\/p>\n","protected":false},"featured_media":19557,"comment_status":"open","ping_status":"closed","template":"","meta":[],"product_brand":[],"product_cat":[237,152],"product_tag":[],"class_list":{"0":"post-15263","1":"product","2":"type-product","3":"status-publish","4":"has-post-thumbnail","6":"product_cat-belleza","7":"product_cat-cuidado-personal","9":"first","10":"instock","11":"shipping-taxable","12":"purchasable","13":"product-type-simple"},"_links":{"self":[{"href":"https:\/\/farmaciadagostino.com.ar\/sitio\/wp-json\/wp\/v2\/product\/15263","targetHints":{"allow":["GET"]}}],"collection":[{"href":"https:\/\/farmaciadagostino.com.ar\/sitio\/wp-json\/wp\/v2\/product"}],"about":[{"href":"https:\/\/farmaciadagostino.com.ar\/sitio\/wp-json\/wp\/v2\/types\/product"}],"replies":[{"embeddable":true,"href":"https:\/\/farmaciadagostino.com.ar\/sitio\/wp-json\/wp\/v2\/comments?post=15263"}],"wp:featuredmedia":[{"embeddable":true,"href":"https:\/\/farmaciadagostino.com.ar\/sitio\/wp-json\/wp\/v2\/media\/19557"}],"wp:attachment":[{"href":"https:\/\/farmaciadagostino.com.ar\/sitio\/wp-json\/wp\/v2\/media?parent=15263"}],"wp:term":[{"taxonomy":"product_brand","embeddable":true,"href":"https:\/\/farmaciadagostino.com.ar\/sitio\/wp-json\/wp\/v2\/product_brand?post=15263"},{"taxonomy":"product_cat","embeddable":true,"href":"https:\/\/farmaciadagostino.com.ar\/sitio\/wp-json\/wp\/v2\/product_cat?post=15263"},{"taxonomy":"product_tag","embeddable":true,"href":"https:\/\/farmaciadagostino.com.ar\/sitio\/wp-json\/wp\/v2\/product_tag?post=15263"}],"curies":[{"name":"wp","href":"https:\/\/api.w.org\/{rel}","templated":true}]}}