{"id":15292,"date":"2024-07-01T22:58:46","date_gmt":"2024-07-02T01:58:46","guid":{"rendered":"https:\/\/farmaciadagostino.com.ar\/sitio\/producto\/veritas-bebe-polvo-de-fecula-hipoalergenico-180-g\/"},"modified":"2026-03-09T10:10:16","modified_gmt":"2026-03-09T13:10:16","slug":"veritas-bebe-polvo-de-fecula-hipoalergenico-180-g","status":"publish","type":"product","link":"https:\/\/farmaciadagostino.com.ar\/sitio\/producto\/veritas-bebe-polvo-de-fecula-hipoalergenico-180-g\/","title":{"rendered":"Veritas Bebe Polvo de F\u00e9cula Hipoalerg\u00e9nico 180 g"},"content":{"rendered":"<p>La l\u00ednea Veritas Beb\u00e9 ha sido dermatol\u00f3gicamente testeada para ofrecerte una selecta variedad de productos con f\u00f3rmulas hipoalerg\u00e9nicas de muy alta calidad para el cuidado de la piel de tu beb\u00e9. Polvo a base de f\u00e9cula para la piel de tu beb\u00e9. Su f\u00f3rmula absorbente de gran calidad y extremada blancura, ayuda a prevenir irritaciones y paspaduras, manteniendo fresca y saludable la piel del beb\u00e9.<\/p>\n","protected":false},"excerpt":{"rendered":"<p>La l\u00ednea Veritas Beb\u00e9 ha sido dermatol\u00f3gicamente testeada para ofrecerte una selecta variedad de productos con f\u00f3rmulas hipoalerg\u00e9nicas de muy alta calidad para el cuidado de la piel de tu beb\u00e9<\/p>\n","protected":false},"featured_media":19082,"comment_status":"open","ping_status":"closed","template":"","meta":[],"product_brand":[],"product_cat":[152],"product_tag":[],"class_list":{"0":"post-15292","1":"product","2":"type-product","3":"status-publish","4":"has-post-thumbnail","6":"product_cat-cuidado-personal","8":"first","9":"instock","10":"shipping-taxable","11":"purchasable","12":"product-type-simple"},"_links":{"self":[{"href":"https:\/\/farmaciadagostino.com.ar\/sitio\/wp-json\/wp\/v2\/product\/15292","targetHints":{"allow":["GET"]}}],"collection":[{"href":"https:\/\/farmaciadagostino.com.ar\/sitio\/wp-json\/wp\/v2\/product"}],"about":[{"href":"https:\/\/farmaciadagostino.com.ar\/sitio\/wp-json\/wp\/v2\/types\/product"}],"replies":[{"embeddable":true,"href":"https:\/\/farmaciadagostino.com.ar\/sitio\/wp-json\/wp\/v2\/comments?post=15292"}],"wp:featuredmedia":[{"embeddable":true,"href":"https:\/\/farmaciadagostino.com.ar\/sitio\/wp-json\/wp\/v2\/media\/19082"}],"wp:attachment":[{"href":"https:\/\/farmaciadagostino.com.ar\/sitio\/wp-json\/wp\/v2\/media?parent=15292"}],"wp:term":[{"taxonomy":"product_brand","embeddable":true,"href":"https:\/\/farmaciadagostino.com.ar\/sitio\/wp-json\/wp\/v2\/product_brand?post=15292"},{"taxonomy":"product_cat","embeddable":true,"href":"https:\/\/farmaciadagostino.com.ar\/sitio\/wp-json\/wp\/v2\/product_cat?post=15292"},{"taxonomy":"product_tag","embeddable":true,"href":"https:\/\/farmaciadagostino.com.ar\/sitio\/wp-json\/wp\/v2\/product_tag?post=15292"}],"curies":[{"name":"wp","href":"https:\/\/api.w.org\/{rel}","templated":true}]}}