{"id":15414,"date":"2024-07-01T22:59:57","date_gmt":"2024-07-02T01:59:57","guid":{"rendered":"https:\/\/farmaciadagostino.com.ar\/sitio\/producto\/espuma-de-afeitar-gillette-foamy-regular-x-322-ml\/"},"modified":"2026-03-09T10:18:25","modified_gmt":"2026-03-09T13:18:25","slug":"espuma-de-afeitar-gillette-foamy-regular-x-322-ml","status":"publish","type":"product","link":"https:\/\/farmaciadagostino.com.ar\/sitio\/producto\/espuma-de-afeitar-gillette-foamy-regular-x-322-ml\/","title":{"rendered":"Espuma de Afeitar Gillette Foamy Regular x 322 ml"},"content":{"rendered":"<p>Gillette Foamy Regular. Produce una espuma espesa y cremosa. Se esparce y luego enjuaga f\u00e1cilmente para esa gran afeitada que hombres han disfrutado por generaciones.<\/p>\n<h5>Indicaciones:<\/h5>\n<p> Humedezca su cara. Agite el envase, mant\u00e9ngalo vertical y presione la v\u00e1lvula para obtener una peque\u00f1a cantidad de gel. Extienda uniformemente sobre la barba y disfrute de su afeitada. Limpie la v\u00e1lvula con agua caliente despu\u00e9s de usar.<\/p>\n<h5>Advertencias:<\/h5>\n<p>Inflamable. Contenido presurizado. No exponga a frio extremo, al sol ni a temperatura mayor de 50\u00b0C. No arroje al incinerador o al fuego. No perfore. Prohibido su rellenado. No roci\u00e9 sobre llama, flama, ni hacia la cara. Mantenga fuera del alcance de los ni\u00f1os. Evite el contacto con los ojos. No inhale directamente el contenido. Si el rociador no funciona, enjuague con agua tibia. No se aplique sobre piel irritada. Si observa alguna reacci\u00f3n desfavorable, suspenda su uso y consulte a su m\u00e9dico. \u00daselo s\u00f3lo externamente y seg\u00fan se indica.<\/p>\n<h5>Beneficios:<\/h5>\n<p>Confort Glide f\u00f3rmula.<\/p>\n","protected":false},"excerpt":{"rendered":"<p>Gillette Foamy Regular<\/p>\n","protected":false},"featured_media":8869,"comment_status":"open","ping_status":"closed","template":"","meta":[],"product_brand":[],"product_cat":[152],"product_tag":[],"class_list":{"0":"post-15414","1":"product","2":"type-product","3":"status-publish","4":"has-post-thumbnail","6":"product_cat-cuidado-personal","8":"first","9":"instock","10":"shipping-taxable","11":"purchasable","12":"product-type-simple"},"_links":{"self":[{"href":"https:\/\/farmaciadagostino.com.ar\/sitio\/wp-json\/wp\/v2\/product\/15414","targetHints":{"allow":["GET"]}}],"collection":[{"href":"https:\/\/farmaciadagostino.com.ar\/sitio\/wp-json\/wp\/v2\/product"}],"about":[{"href":"https:\/\/farmaciadagostino.com.ar\/sitio\/wp-json\/wp\/v2\/types\/product"}],"replies":[{"embeddable":true,"href":"https:\/\/farmaciadagostino.com.ar\/sitio\/wp-json\/wp\/v2\/comments?post=15414"}],"wp:featuredmedia":[{"embeddable":true,"href":"https:\/\/farmaciadagostino.com.ar\/sitio\/wp-json\/wp\/v2\/media\/8869"}],"wp:attachment":[{"href":"https:\/\/farmaciadagostino.com.ar\/sitio\/wp-json\/wp\/v2\/media?parent=15414"}],"wp:term":[{"taxonomy":"product_brand","embeddable":true,"href":"https:\/\/farmaciadagostino.com.ar\/sitio\/wp-json\/wp\/v2\/product_brand?post=15414"},{"taxonomy":"product_cat","embeddable":true,"href":"https:\/\/farmaciadagostino.com.ar\/sitio\/wp-json\/wp\/v2\/product_cat?post=15414"},{"taxonomy":"product_tag","embeddable":true,"href":"https:\/\/farmaciadagostino.com.ar\/sitio\/wp-json\/wp\/v2\/product_tag?post=15414"}],"curies":[{"name":"wp","href":"https:\/\/api.w.org\/{rel}","templated":true}]}}