{"id":15418,"date":"2024-07-01T23:00:00","date_gmt":"2024-07-02T02:00:00","guid":{"rendered":"https:\/\/farmaciadagostino.com.ar\/sitio\/producto\/body-care-compresa-gel-frio-calor\/"},"modified":"2026-03-09T10:25:34","modified_gmt":"2026-03-09T13:25:34","slug":"body-care-compresa-gel-frio-calor","status":"publish","type":"product","link":"https:\/\/farmaciadagostino.com.ar\/sitio\/producto\/body-care-compresa-gel-frio-calor\/","title":{"rendered":"BODY CARE GEL GDE(2007)ENV X 1"},"content":{"rendered":"<p>INDICACIONES:<br \/>\nRelajaci\u00f3n.<br \/>\nTratamientos de traumatismos y diversas dolencias corporales.<br \/>\nTratamientos post-quir\u00fargicos.<br \/>\nEn estado fr\u00edo, para disminuir inflamaciones y hematomas, evitar la formaci\u00f3n de edemas, paliar la fiebre y dolores de cabeza. Relaja tensiones y dolencias generadas por traumatismos, esguinces, tendinitis y esfuerzos articulares.<br \/>\nEn estado caliente, aplicado sobre la piel protegido por un pa\u00f1o, ideal para desgarros, tensi\u00f3n muscular, artrosis, tort\u00edcolis y lumbago.<\/p>\n<p>CARACTERISTICAS TECNICAS:<br \/>\nConfeccionado en Polietileno-Adhesivo-Nylon.<br \/>\nFr\u00edo\/calor.<br \/>\nReutilizable.<br \/>\nFlexible.<br \/>\nAnat\u00f3mico.<\/p>\n","protected":false},"excerpt":{"rendered":"<p>INDICACIONES:<br \/>\nRelajaci\u00f3n<\/p>\n","protected":false},"featured_media":12397,"comment_status":"open","ping_status":"closed","template":"","meta":[],"product_brand":[],"product_cat":[237],"product_tag":[],"class_list":{"0":"post-15418","1":"product","2":"type-product","3":"status-publish","4":"has-post-thumbnail","6":"product_cat-belleza","8":"first","9":"instock","10":"shipping-taxable","11":"purchasable","12":"product-type-simple"},"_links":{"self":[{"href":"https:\/\/farmaciadagostino.com.ar\/sitio\/wp-json\/wp\/v2\/product\/15418","targetHints":{"allow":["GET"]}}],"collection":[{"href":"https:\/\/farmaciadagostino.com.ar\/sitio\/wp-json\/wp\/v2\/product"}],"about":[{"href":"https:\/\/farmaciadagostino.com.ar\/sitio\/wp-json\/wp\/v2\/types\/product"}],"replies":[{"embeddable":true,"href":"https:\/\/farmaciadagostino.com.ar\/sitio\/wp-json\/wp\/v2\/comments?post=15418"}],"wp:featuredmedia":[{"embeddable":true,"href":"https:\/\/farmaciadagostino.com.ar\/sitio\/wp-json\/wp\/v2\/media\/12397"}],"wp:attachment":[{"href":"https:\/\/farmaciadagostino.com.ar\/sitio\/wp-json\/wp\/v2\/media?parent=15418"}],"wp:term":[{"taxonomy":"product_brand","embeddable":true,"href":"https:\/\/farmaciadagostino.com.ar\/sitio\/wp-json\/wp\/v2\/product_brand?post=15418"},{"taxonomy":"product_cat","embeddable":true,"href":"https:\/\/farmaciadagostino.com.ar\/sitio\/wp-json\/wp\/v2\/product_cat?post=15418"},{"taxonomy":"product_tag","embeddable":true,"href":"https:\/\/farmaciadagostino.com.ar\/sitio\/wp-json\/wp\/v2\/product_tag?post=15418"}],"curies":[{"name":"wp","href":"https:\/\/api.w.org\/{rel}","templated":true}]}}