{"id":15424,"date":"2024-07-01T23:00:01","date_gmt":"2024-07-02T02:00:01","guid":{"rendered":"https:\/\/farmaciadagostino.com.ar\/sitio\/producto\/capilatis-crema-para-manos-y-unas-linea-total-care-100-ml\/"},"modified":"2026-03-09T10:10:17","modified_gmt":"2026-03-09T13:10:17","slug":"capilatis-crema-para-manos-y-unas-linea-total-care-100-ml","status":"publish","type":"product","link":"https:\/\/farmaciadagostino.com.ar\/sitio\/producto\/capilatis-crema-para-manos-y-unas-linea-total-care-100-ml\/","title":{"rendered":"Capilatis Crema Para Manos Y U\u00f1as L\u00ednea Total Care 100 ml"},"content":{"rendered":"<p>La Crema para Manos y U\u00f1as con Glicerina, Aloe vera y Queratina tiene una exclusiva f\u00f3rmula de r\u00e1pida absorci\u00f3n y brinda un cuidado completo para manos, u\u00f1as y cut\u00edculas. Suaviza la piel seca o \u00e1spera desde la primera aplicaci\u00f3n, sin dejar residuos grasos. Efecto humectante prolongado. Evita el resecamiento de manos, u\u00f1as y cut\u00edculas.<br \/>\nRESISTENTE AL AGUA.<\/p>\n<p>Modo de Uso: Aplicar frecuentemente con masajes suaves hasta su total absorci\u00f3n. No deja sensaci\u00f3n de grasitud. Uso externo exclusivo. Puede utilizarse sobre u\u00f1as pintadas y sobre la piel reseca de codos y rodillas.<\/p>\n<p>&#8211; Glicerina y Aloe vera: tienen un efecto humectante prolongado y evitan el resecamiento de la piel.<br \/>\n&#8211; Queratina: ayuda a fortalecer u\u00f1as y cut\u00edculas. <\/p>\n<p>AQUA &#8211; MINERAL OIL &#8211; GLYCERIN &#8211; PROPYLENE GLYCOL &#8211; GLYCERYL STEARATE &#8211; CETEARYL ALCOHOL (AND) SODIUM LAURYL SULFATE (AND) SODIUM CETEARYL SULFATE &#8211; DIMETHICONE &#8211; SODIUM HYDROXYMETHIL GLICINATE &#8211; MUSCLE HYDROLYZED &#8211; CALF SKIN HYDROLYZED &#8211; HYDROLIYZED HAIR KERATIN &#8211; CARBOMER &#8211; FRAGRANCE (Alpha-ISOMETHYL IONONE,  BENZYL ALCOHOL, BENZYL SALICYLATE, BUTYLPHENYL METHYLPROPIONAL, CITRONELLOL, HEXYL CINNAMAL, LINALOOL) &#8211; METHYLPARABEN &#8211; ALOE VERA EXTRACT &#8211; TRIETHANOLAMINE &#8211; PROPYLPARABEN ? EDTA &#8211; SODIUM HYDROXIDE.<\/p>\n","protected":false},"excerpt":{"rendered":"<p>La Crema para Manos y U\u00f1as con Glicerina, Aloe vera y Queratina tiene una exclusiva f\u00f3rmula de r\u00e1pida absorci\u00f3n y brinda un cuidado completo para manos, u\u00f1as y cut\u00edculas<\/p>\n","protected":false},"featured_media":11247,"comment_status":"open","ping_status":"closed","template":"","meta":[],"product_brand":[],"product_cat":[237,152],"product_tag":[],"class_list":{"0":"post-15424","1":"product","2":"type-product","3":"status-publish","4":"has-post-thumbnail","6":"product_cat-belleza","7":"product_cat-cuidado-personal","9":"first","10":"instock","11":"shipping-taxable","12":"purchasable","13":"product-type-simple"},"_links":{"self":[{"href":"https:\/\/farmaciadagostino.com.ar\/sitio\/wp-json\/wp\/v2\/product\/15424","targetHints":{"allow":["GET"]}}],"collection":[{"href":"https:\/\/farmaciadagostino.com.ar\/sitio\/wp-json\/wp\/v2\/product"}],"about":[{"href":"https:\/\/farmaciadagostino.com.ar\/sitio\/wp-json\/wp\/v2\/types\/product"}],"replies":[{"embeddable":true,"href":"https:\/\/farmaciadagostino.com.ar\/sitio\/wp-json\/wp\/v2\/comments?post=15424"}],"wp:featuredmedia":[{"embeddable":true,"href":"https:\/\/farmaciadagostino.com.ar\/sitio\/wp-json\/wp\/v2\/media\/11247"}],"wp:attachment":[{"href":"https:\/\/farmaciadagostino.com.ar\/sitio\/wp-json\/wp\/v2\/media?parent=15424"}],"wp:term":[{"taxonomy":"product_brand","embeddable":true,"href":"https:\/\/farmaciadagostino.com.ar\/sitio\/wp-json\/wp\/v2\/product_brand?post=15424"},{"taxonomy":"product_cat","embeddable":true,"href":"https:\/\/farmaciadagostino.com.ar\/sitio\/wp-json\/wp\/v2\/product_cat?post=15424"},{"taxonomy":"product_tag","embeddable":true,"href":"https:\/\/farmaciadagostino.com.ar\/sitio\/wp-json\/wp\/v2\/product_tag?post=15424"}],"curies":[{"name":"wp","href":"https:\/\/api.w.org\/{rel}","templated":true}]}}