{"id":15426,"date":"2024-07-01T23:00:01","date_gmt":"2024-07-02T02:00:01","guid":{"rendered":"https:\/\/farmaciadagostino.com.ar\/sitio\/producto\/cicatricure-crema-corporal-hidratacion-intensa-ant-estrias-400-ml\/"},"modified":"2026-03-09T10:18:25","modified_gmt":"2026-03-09T13:18:25","slug":"cicatricure-crema-corporal-hidratacion-intensa-ant-estrias-400-ml","status":"publish","type":"product","link":"https:\/\/farmaciadagostino.com.ar\/sitio\/producto\/cicatricure-crema-corporal-hidratacion-intensa-ant-estrias-400-ml\/","title":{"rendered":"Cicatricure Crema Corporal Hidrataci\u00f3n Intensa Ant-Estr\u00edas 400 ml"},"content":{"rendered":"<p>Crema corporal Cicatricure hidrataci\u00f3n intensiva. Cicatricure Anti Estr\u00edas hidrata intensamente la piel, favoreciendo la elasticidad de los tejidos. Fortalece la barrera de la piel. Hidrataci\u00f3n prolongada y r\u00e1pida absorci\u00f3n.<\/p>\n<h5>Beneficios:<\/h5>\n<p>&#8211; ANTI ESTR\u00cdAS: Reducci\u00f3n visible de las estr\u00edas.<\/p>\n<p>&#8211; HIDRATA: Fortalece la barrera de la piel y la hidrata intensamente.<\/p>\n<p>&#8211; F\u00d3RMULA: Su f\u00f3rmula nutritiva de hidrataci\u00f3n prolongada , con un poderoso hidrolizado de amino\u00e1cidos, aporta hidrataci\u00f3n favoreciendo la elasticidad de los tejidos.<\/p>\n<p>&#8211; ESTR\u00cdAS: Reducci\u00f3n visible de estr\u00edas.<\/p>\n<h5>Modo de uso:<\/h5>\n<p>Aplicar diariamente en todo el cuerpo realizando un suave masaje con movimientos circulares hasta que la crema se absorba por completo.<\/p>\n<h5>Presentaci\u00f3n:<\/h5>\n<p>400 ml.<\/p>\n","protected":false},"excerpt":{"rendered":"<p>Crema corporal Cicatricure hidrataci\u00f3n intensiva<\/p>\n","protected":false},"featured_media":12698,"comment_status":"open","ping_status":"closed","template":"","meta":[],"product_brand":[],"product_cat":[237,162],"product_tag":[],"class_list":{"0":"post-15426","1":"product","2":"type-product","3":"status-publish","4":"has-post-thumbnail","6":"product_cat-belleza","7":"product_cat-dermocosmetica","9":"first","10":"instock","11":"shipping-taxable","12":"purchasable","13":"product-type-simple"},"_links":{"self":[{"href":"https:\/\/farmaciadagostino.com.ar\/sitio\/wp-json\/wp\/v2\/product\/15426","targetHints":{"allow":["GET"]}}],"collection":[{"href":"https:\/\/farmaciadagostino.com.ar\/sitio\/wp-json\/wp\/v2\/product"}],"about":[{"href":"https:\/\/farmaciadagostino.com.ar\/sitio\/wp-json\/wp\/v2\/types\/product"}],"replies":[{"embeddable":true,"href":"https:\/\/farmaciadagostino.com.ar\/sitio\/wp-json\/wp\/v2\/comments?post=15426"}],"wp:featuredmedia":[{"embeddable":true,"href":"https:\/\/farmaciadagostino.com.ar\/sitio\/wp-json\/wp\/v2\/media\/12698"}],"wp:attachment":[{"href":"https:\/\/farmaciadagostino.com.ar\/sitio\/wp-json\/wp\/v2\/media?parent=15426"}],"wp:term":[{"taxonomy":"product_brand","embeddable":true,"href":"https:\/\/farmaciadagostino.com.ar\/sitio\/wp-json\/wp\/v2\/product_brand?post=15426"},{"taxonomy":"product_cat","embeddable":true,"href":"https:\/\/farmaciadagostino.com.ar\/sitio\/wp-json\/wp\/v2\/product_cat?post=15426"},{"taxonomy":"product_tag","embeddable":true,"href":"https:\/\/farmaciadagostino.com.ar\/sitio\/wp-json\/wp\/v2\/product_tag?post=15426"}],"curies":[{"name":"wp","href":"https:\/\/api.w.org\/{rel}","templated":true}]}}