{"id":15428,"date":"2024-07-01T23:00:03","date_gmt":"2024-07-02T02:00:03","guid":{"rendered":"https:\/\/farmaciadagostino.com.ar\/sitio\/producto\/cicatricure-crema-corporal-hidratacion-intensiva-400-ml\/"},"modified":"2026-03-09T10:10:17","modified_gmt":"2026-03-09T13:10:17","slug":"cicatricure-crema-corporal-hidratacion-intensiva-400-ml","status":"publish","type":"product","link":"https:\/\/farmaciadagostino.com.ar\/sitio\/producto\/cicatricure-crema-corporal-hidratacion-intensiva-400-ml\/","title":{"rendered":"Cicatricure Crema Corporal Hidratacion Intensiva 400 ml"},"content":{"rendered":"<p>Crema corporal Cicatricure hidrataci\u00f3n intensiva. Cicatricure Firmeza brinda un efecto lifting en la piel, dej\u00e1ndola m\u00e1s firme y suave. Fortalece la barrera de la piel y la hidrata intensamente. Hidrataci\u00f3n por 24 hs y r\u00e1pida absorci\u00f3n.<\/p>\n<h5>Beneficios:<\/h5>\n<p>&#8211; REPARACI\u00d3N: Ayuda a prevenir la descamaci\u00f3n.<\/p>\n<p>&#8211; HIDRATA: Ayuda a reparar la resequedad al hidratar la piel.<\/p>\n<p>&#8211; F\u00d3RMULA: Su f\u00f3rmula nutritiva de hidrataci\u00f3n prolongada contiene un complejo de multivitaminas con un efecto anti envejecimiento que act\u00faa sobre la matriz de la piel.<\/p>\n<p>&#8211; PIEL HUMECTADA: Piel m\u00e1s humectada y visiblemente m\u00e1s el\u00e1stica y suave.<\/p>\n<h5>Modo de uso:<\/h5>\n<p>Aplicar diariamente en todo el cuerpo realizando un suave masaje con movimientos circulares hasta que la crema se absorba por completo.<\/p>\n<h5>Presentaci\u00f3n:<\/h5>\n<p>400 ml.<\/p>\n","protected":false},"excerpt":{"rendered":"<p>Crema corporal Cicatricure hidrataci\u00f3n intensiva<\/p>\n","protected":false},"featured_media":12690,"comment_status":"open","ping_status":"closed","template":"","meta":[],"product_brand":[],"product_cat":[237,162],"product_tag":[],"class_list":{"0":"post-15428","1":"product","2":"type-product","3":"status-publish","4":"has-post-thumbnail","6":"product_cat-belleza","7":"product_cat-dermocosmetica","9":"first","10":"instock","11":"shipping-taxable","12":"purchasable","13":"product-type-simple"},"_links":{"self":[{"href":"https:\/\/farmaciadagostino.com.ar\/sitio\/wp-json\/wp\/v2\/product\/15428","targetHints":{"allow":["GET"]}}],"collection":[{"href":"https:\/\/farmaciadagostino.com.ar\/sitio\/wp-json\/wp\/v2\/product"}],"about":[{"href":"https:\/\/farmaciadagostino.com.ar\/sitio\/wp-json\/wp\/v2\/types\/product"}],"replies":[{"embeddable":true,"href":"https:\/\/farmaciadagostino.com.ar\/sitio\/wp-json\/wp\/v2\/comments?post=15428"}],"wp:featuredmedia":[{"embeddable":true,"href":"https:\/\/farmaciadagostino.com.ar\/sitio\/wp-json\/wp\/v2\/media\/12690"}],"wp:attachment":[{"href":"https:\/\/farmaciadagostino.com.ar\/sitio\/wp-json\/wp\/v2\/media?parent=15428"}],"wp:term":[{"taxonomy":"product_brand","embeddable":true,"href":"https:\/\/farmaciadagostino.com.ar\/sitio\/wp-json\/wp\/v2\/product_brand?post=15428"},{"taxonomy":"product_cat","embeddable":true,"href":"https:\/\/farmaciadagostino.com.ar\/sitio\/wp-json\/wp\/v2\/product_cat?post=15428"},{"taxonomy":"product_tag","embeddable":true,"href":"https:\/\/farmaciadagostino.com.ar\/sitio\/wp-json\/wp\/v2\/product_tag?post=15428"}],"curies":[{"name":"wp","href":"https:\/\/api.w.org\/{rel}","templated":true}]}}