{"id":15429,"date":"2024-07-01T23:00:04","date_gmt":"2024-07-02T02:00:04","guid":{"rendered":"https:\/\/farmaciadagostino.com.ar\/sitio\/producto\/crema-corporal-dove-nutrtiva-piel-seca-x-75-ml\/"},"modified":"2026-03-09T10:18:25","modified_gmt":"2026-03-09T13:18:25","slug":"crema-corporal-dove-nutrtiva-piel-seca-x-75-ml","status":"publish","type":"product","link":"https:\/\/farmaciadagostino.com.ar\/sitio\/producto\/crema-corporal-dove-nutrtiva-piel-seca-x-75-ml\/","title":{"rendered":"Crema Corporal Dove Nutrtiva Piel Seca x 75 ml"},"content":{"rendered":"<p>Hidrataci\u00f3n intensiva que nutre la piel muy seca. Ayuda a tener una piel muy suave. F\u00f3rmula rica y cremosa. La f\u00f3rmula no grasa se absorbe f\u00e1cilmente en la piel. Usar como parte de una rutina diaria. La misma humectaci\u00f3n de Dove ahora en un nuevo formato<\/p>\n","protected":false},"excerpt":{"rendered":"<p>Hidrataci\u00f3n intensiva que nutre la piel muy seca<\/p>\n","protected":false},"featured_media":7340,"comment_status":"open","ping_status":"closed","template":"","meta":[],"product_brand":[],"product_cat":[237,162],"product_tag":[],"class_list":{"0":"post-15429","1":"product","2":"type-product","3":"status-publish","4":"has-post-thumbnail","6":"product_cat-belleza","7":"product_cat-dermocosmetica","9":"first","10":"instock","11":"shipping-taxable","12":"purchasable","13":"product-type-simple"},"_links":{"self":[{"href":"https:\/\/farmaciadagostino.com.ar\/sitio\/wp-json\/wp\/v2\/product\/15429","targetHints":{"allow":["GET"]}}],"collection":[{"href":"https:\/\/farmaciadagostino.com.ar\/sitio\/wp-json\/wp\/v2\/product"}],"about":[{"href":"https:\/\/farmaciadagostino.com.ar\/sitio\/wp-json\/wp\/v2\/types\/product"}],"replies":[{"embeddable":true,"href":"https:\/\/farmaciadagostino.com.ar\/sitio\/wp-json\/wp\/v2\/comments?post=15429"}],"wp:featuredmedia":[{"embeddable":true,"href":"https:\/\/farmaciadagostino.com.ar\/sitio\/wp-json\/wp\/v2\/media\/7340"}],"wp:attachment":[{"href":"https:\/\/farmaciadagostino.com.ar\/sitio\/wp-json\/wp\/v2\/media?parent=15429"}],"wp:term":[{"taxonomy":"product_brand","embeddable":true,"href":"https:\/\/farmaciadagostino.com.ar\/sitio\/wp-json\/wp\/v2\/product_brand?post=15429"},{"taxonomy":"product_cat","embeddable":true,"href":"https:\/\/farmaciadagostino.com.ar\/sitio\/wp-json\/wp\/v2\/product_cat?post=15429"},{"taxonomy":"product_tag","embeddable":true,"href":"https:\/\/farmaciadagostino.com.ar\/sitio\/wp-json\/wp\/v2\/product_tag?post=15429"}],"curies":[{"name":"wp","href":"https:\/\/api.w.org\/{rel}","templated":true}]}}