{"id":15432,"date":"2024-07-01T23:05:58","date_gmt":"2024-07-02T02:05:58","guid":{"rendered":"https:\/\/farmaciadagostino.com.ar\/sitio\/producto\/midermus-leche-de-limpieza-purificante-180-gr\/"},"modified":"2026-03-09T10:25:34","modified_gmt":"2026-03-09T13:25:34","slug":"midermus-leche-de-limpieza-purificante-180-gr","status":"publish","type":"product","link":"https:\/\/farmaciadagostino.com.ar\/sitio\/producto\/midermus-leche-de-limpieza-purificante-180-gr\/","title":{"rendered":"Midermus Leche de Limpieza Purificante 180 gr"},"content":{"rendered":"<p>INFORMACI\u00d3N DEL PRODUCTO  Limpia impurezas preservando los emolientes naturales de piel. Purifica, rehidrata y refresca. Tu rostro queda limpio, suave y fresco gracias a su f\u00f3rmula con extracto de pepino. La limpieza del rostro es fundamental para mantener la piel sana y linda. Create el h\u00e1bito de realizar una limpieza profunda todas las noches antes de acostarte.  La clave para mantener la piel del rostro suave y luminosa es realizar una buena limpieza antes de irte a dormir, para eliminar los restos de maquillaje y otras impurezas, para que la piel pueda respirar y nutrirse durante la noche.   DESCRIPCI\u00d3N  Purifica Rehidrata Refresca Piel libre de impurezas Dermatologicamente testeada Sin parabenos  MODO DE USO  Por la noche, limpi\u00e1 tu rostro con ayuda de un algod\u00f3n. Enjuag\u00e1 con agua tibia y luego aplic\u00e1 una crema hidratante para nutrir la piel mientras descans\u00e1s.<\/p>\n","protected":false},"excerpt":{"rendered":"<p>INFORMACI\u00d3N DEL PRODUCTO  Limpia impurezas preservando los emolientes naturales de piel<\/p>\n","protected":false},"featured_media":11668,"comment_status":"open","ping_status":"closed","template":"","meta":[],"product_brand":[],"product_cat":[237,162],"product_tag":[],"class_list":{"0":"post-15432","1":"product","2":"type-product","3":"status-publish","4":"has-post-thumbnail","6":"product_cat-belleza","7":"product_cat-dermocosmetica","9":"first","10":"instock","11":"shipping-taxable","12":"purchasable","13":"product-type-simple"},"_links":{"self":[{"href":"https:\/\/farmaciadagostino.com.ar\/sitio\/wp-json\/wp\/v2\/product\/15432","targetHints":{"allow":["GET"]}}],"collection":[{"href":"https:\/\/farmaciadagostino.com.ar\/sitio\/wp-json\/wp\/v2\/product"}],"about":[{"href":"https:\/\/farmaciadagostino.com.ar\/sitio\/wp-json\/wp\/v2\/types\/product"}],"replies":[{"embeddable":true,"href":"https:\/\/farmaciadagostino.com.ar\/sitio\/wp-json\/wp\/v2\/comments?post=15432"}],"wp:featuredmedia":[{"embeddable":true,"href":"https:\/\/farmaciadagostino.com.ar\/sitio\/wp-json\/wp\/v2\/media\/11668"}],"wp:attachment":[{"href":"https:\/\/farmaciadagostino.com.ar\/sitio\/wp-json\/wp\/v2\/media?parent=15432"}],"wp:term":[{"taxonomy":"product_brand","embeddable":true,"href":"https:\/\/farmaciadagostino.com.ar\/sitio\/wp-json\/wp\/v2\/product_brand?post=15432"},{"taxonomy":"product_cat","embeddable":true,"href":"https:\/\/farmaciadagostino.com.ar\/sitio\/wp-json\/wp\/v2\/product_cat?post=15432"},{"taxonomy":"product_tag","embeddable":true,"href":"https:\/\/farmaciadagostino.com.ar\/sitio\/wp-json\/wp\/v2\/product_tag?post=15432"}],"curies":[{"name":"wp","href":"https:\/\/api.w.org\/{rel}","templated":true}]}}