{"id":15434,"date":"2024-07-01T23:05:59","date_gmt":"2024-07-02T02:05:59","guid":{"rendered":"https:\/\/farmaciadagostino.com.ar\/sitio\/producto\/neutrogena-gel-hidratatante-corporal-hydro-boost-200-ml\/"},"modified":"2026-03-09T10:18:25","modified_gmt":"2026-03-09T13:18:25","slug":"neutrogena-gel-hidratatante-corporal-hydro-boost-200-ml","status":"publish","type":"product","link":"https:\/\/farmaciadagostino.com.ar\/sitio\/producto\/neutrogena-gel-hidratatante-corporal-hydro-boost-200-ml\/","title":{"rendered":"Neutrogena Gel Hidratatante Corporal Hydro Boost 200 ml"},"content":{"rendered":"<p>El nuevo hidratante corporal NEUTROGENA\u00ae&nbsp;Hydro Boost Water Gel proporciona una piel m\u00e1s firme en 10* d\u00edas, adem\u00e1s de una hidrataci\u00f3n avanzada gracias al poderoso \u00e1cido hialur\u00f3nico el cual retiene hasta 1000 veces su peso en agua, creando una reserva de humectaci\u00f3n en tu piel. Su uso continuo mejora la habilidad de la piel para retener su hidrataci\u00f3n, revitaliz\u00e1ndola y haciendo una diferencia visible en su luminosidad. Textura ultra ligera, refrescante y de r\u00e1pida absorci\u00f3n. *comprobado cl\u00ednicamente con el uso del producto dos veces al d\u00eda.<\/p>\n<h5>Beneficios:<\/h5>\n<p>Proporciona una piel m\u00e1s firme en 10 d\u00edas comprobado cl\u00ednicamente con el uso del producto dos veces al d\u00eda. Hidrataci\u00f3n avanzada con el poderoso \u00e1cido hialur\u00f3nico el cual retiene hasta 1000 veces su peso en agua. Su uso continuo mejora la habilidad de la piel para retener su hidrataci\u00f3n. Textura ultra ligera, refrescante y de r\u00e1pida absorci\u00f3n.<\/p>\n<h5>Modo de uso:<\/h5>\n<p>Aplique NEUTROGENA\u00ae&nbsp;Hydro Boost en todo el cuerpo, masajeando suavemente. Para obtener los resultados deseados usar 2 veces al d\u00eda. Usar preferentemente antes de la fecha impresa en el empaque \/ envase.<\/p>\n<h5>Precauciones:<\/h5>\n<p>S\u00f3lo para uso externo. No ingerir. Evite el contacto directo con los ojos. Si esto ocurre enjuagarse abundantemente. Si se produce irritaci\u00f3n o molestias, suspenda su uso, si persisten las molestias consulte a un m\u00e9dico. Conservar en un lugar fresco y protegido de la luz solar directa. Mant\u00e9ngase fuera del alcance de los ni\u00f1os. USO ADULTO. Uso nocturno.<\/p>\n<h5>Indicaciones:<\/h5>\n<p>Piel normal a seca.<\/p>\n","protected":false},"excerpt":{"rendered":"<p>El nuevo hidratante corporal NEUTROGENA\u00ae&nbsp;Hydro Boost Water Gel proporciona una piel m\u00e1s firme en 10* d\u00edas, adem\u00e1s de una hidrataci\u00f3n avanzada gracias al poderoso \u00e1cido hialur\u00f3nico el cual retiene hasta 1000 veces su peso en agua, creando una reserva de humectaci\u00f3n en tu piel<\/p>\n","protected":false},"featured_media":9804,"comment_status":"open","ping_status":"closed","template":"","meta":[],"product_brand":[],"product_cat":[237,162],"product_tag":[],"class_list":{"0":"post-15434","1":"product","2":"type-product","3":"status-publish","4":"has-post-thumbnail","6":"product_cat-belleza","7":"product_cat-dermocosmetica","9":"first","10":"instock","11":"shipping-taxable","12":"purchasable","13":"product-type-simple"},"_links":{"self":[{"href":"https:\/\/farmaciadagostino.com.ar\/sitio\/wp-json\/wp\/v2\/product\/15434","targetHints":{"allow":["GET"]}}],"collection":[{"href":"https:\/\/farmaciadagostino.com.ar\/sitio\/wp-json\/wp\/v2\/product"}],"about":[{"href":"https:\/\/farmaciadagostino.com.ar\/sitio\/wp-json\/wp\/v2\/types\/product"}],"replies":[{"embeddable":true,"href":"https:\/\/farmaciadagostino.com.ar\/sitio\/wp-json\/wp\/v2\/comments?post=15434"}],"wp:featuredmedia":[{"embeddable":true,"href":"https:\/\/farmaciadagostino.com.ar\/sitio\/wp-json\/wp\/v2\/media\/9804"}],"wp:attachment":[{"href":"https:\/\/farmaciadagostino.com.ar\/sitio\/wp-json\/wp\/v2\/media?parent=15434"}],"wp:term":[{"taxonomy":"product_brand","embeddable":true,"href":"https:\/\/farmaciadagostino.com.ar\/sitio\/wp-json\/wp\/v2\/product_brand?post=15434"},{"taxonomy":"product_cat","embeddable":true,"href":"https:\/\/farmaciadagostino.com.ar\/sitio\/wp-json\/wp\/v2\/product_cat?post=15434"},{"taxonomy":"product_tag","embeddable":true,"href":"https:\/\/farmaciadagostino.com.ar\/sitio\/wp-json\/wp\/v2\/product_tag?post=15434"}],"curies":[{"name":"wp","href":"https:\/\/api.w.org\/{rel}","templated":true}]}}