{"id":15521,"date":"2024-07-01T23:06:42","date_gmt":"2024-07-02T02:06:42","guid":{"rendered":"https:\/\/farmaciadagostino.com.ar\/sitio\/producto\/gum-crema-dental-miraculous-ladybug-100-gr\/"},"modified":"2026-03-09T10:25:34","modified_gmt":"2026-03-09T13:25:34","slug":"gum-crema-dental-miraculous-ladybug-100-gr","status":"publish","type":"product","link":"https:\/\/farmaciadagostino.com.ar\/sitio\/producto\/gum-crema-dental-miraculous-ladybug-100-gr\/","title":{"rendered":"Gum Crema Dental Miraculous Ladybug 100 gr"},"content":{"rendered":"<p>Ens\u00e9\u00f1ale nuevos h\u00e1bitos de limpieza al m\u00e1s peque\u00f1o del hogar con la l\u00ednea de pasta dental Ladybug GUM.<br \/>\n&#8211; Haz la rutina bucal diaria m\u00e1s divertida junto los personajes de Ladybug<\/p>\n","protected":false},"excerpt":{"rendered":"<p>Ens\u00e9\u00f1ale nuevos h\u00e1bitos de limpieza al m\u00e1s peque\u00f1o del hogar con la l\u00ednea de pasta dental Ladybug GUM<\/p>\n","protected":false},"featured_media":13020,"comment_status":"open","ping_status":"closed","template":"","meta":[],"product_brand":[],"product_cat":[177,152,266],"product_tag":[],"class_list":{"0":"post-15521","1":"product","2":"type-product","3":"status-publish","4":"has-post-thumbnail","6":"product_cat-bebe-maternidad","7":"product_cat-cuidado-personal","8":"product_cat-infancias","10":"first","11":"instock","12":"shipping-taxable","13":"purchasable","14":"product-type-simple"},"_links":{"self":[{"href":"https:\/\/farmaciadagostino.com.ar\/sitio\/wp-json\/wp\/v2\/product\/15521","targetHints":{"allow":["GET"]}}],"collection":[{"href":"https:\/\/farmaciadagostino.com.ar\/sitio\/wp-json\/wp\/v2\/product"}],"about":[{"href":"https:\/\/farmaciadagostino.com.ar\/sitio\/wp-json\/wp\/v2\/types\/product"}],"replies":[{"embeddable":true,"href":"https:\/\/farmaciadagostino.com.ar\/sitio\/wp-json\/wp\/v2\/comments?post=15521"}],"wp:featuredmedia":[{"embeddable":true,"href":"https:\/\/farmaciadagostino.com.ar\/sitio\/wp-json\/wp\/v2\/media\/13020"}],"wp:attachment":[{"href":"https:\/\/farmaciadagostino.com.ar\/sitio\/wp-json\/wp\/v2\/media?parent=15521"}],"wp:term":[{"taxonomy":"product_brand","embeddable":true,"href":"https:\/\/farmaciadagostino.com.ar\/sitio\/wp-json\/wp\/v2\/product_brand?post=15521"},{"taxonomy":"product_cat","embeddable":true,"href":"https:\/\/farmaciadagostino.com.ar\/sitio\/wp-json\/wp\/v2\/product_cat?post=15521"},{"taxonomy":"product_tag","embeddable":true,"href":"https:\/\/farmaciadagostino.com.ar\/sitio\/wp-json\/wp\/v2\/product_tag?post=15521"}],"curies":[{"name":"wp","href":"https:\/\/api.w.org\/{rel}","templated":true}]}}