{"id":15545,"date":"2024-07-01T23:07:02","date_gmt":"2024-07-02T02:07:02","guid":{"rendered":"https:\/\/farmaciadagostino.com.ar\/sitio\/producto\/eucerin-spray-corporal-reparador-aquaphor-para-piel-seca-150-ml\/"},"modified":"2026-03-09T10:10:19","modified_gmt":"2026-03-09T13:10:19","slug":"eucerin-spray-corporal-reparador-aquaphor-para-piel-seca-150-ml","status":"publish","type":"product","link":"https:\/\/farmaciadagostino.com.ar\/sitio\/producto\/eucerin-spray-corporal-reparador-aquaphor-para-piel-seca-150-ml\/","title":{"rendered":"Eucerin Spray Corporal Reparador Aquaphor Para Piel Seca 150 ml"},"content":{"rendered":"<p>El Spray corporal reparador Eucerin Aquaphor libre de agua permite retener la humedad y mantener la piel hidratada intensamente, brindando una sensaci\u00f3n de alivio inmediato. Su f\u00f3rmula combina dos ingredientes: Pantenol y Glicerina para fortalecer y favorecer el proceso natural de regeneraci\u00f3n de la piel. Adem\u00e1s, es un innovador ung\u00fcento corporal en spray para brazos, piernas y otras \u00e1reas m\u00e1s extensas o de dif\u00edcil acceso. Se puede utilizar al rev\u00e9s, lo que permite un alcance de 360 grados.<\/p>\n<h5>Propiedades:<\/h5>\n<p>Sin perfumes, sin conservantes, sin agua. <\/p>\n<p>No comedog\u00e9nico, no graso.<\/p>\n<p>R\u00e1pida absorci\u00f3n.<\/p>\n<h5>Beneficios:<\/h5>\n<p>&#8211; Hidrata intensamente.<\/p>\n<p>&#8211; Repara la piel muy seca y agrietada.<\/p>\n<p>&#8211; Spray corporal que tiene un alcance de 360 grados.<\/p>\n<p>&#8211; Brinda una sensaci\u00f3n de alivio inmediato.<\/p>\n<p>&#8211; Apto para piel sensible.<\/p>\n<h5>Composici\u00f3n:<\/h5>\n<p>Aqua, Isododecane, Isohexadecane, Coco-Caprylate-Caprate, Glycerin, Glyceryl Glucoside, Isopropyl Palmitate, Sodium Chloride, Trisodium EDTA, Phenoxyethanol, CI 61565.<\/p>\n<h5>Modo de uso:<\/h5>\n<p>1) Agitar bien antes de usar. <\/p>\n<p>2) Aplicar Eucerin Aquaphor Spray corporal reparador a 15 cent\u00edmetros de la piel y frotar suavemente. <\/p>\n<p>3) Colocar tantas veces como sea necesario. <\/p>\n<p>4) No aplicar sobre heridas abiertas, sangrantes o h\u00famedas. Evite la pulverizaci\u00f3n prolongada y la inhalaci\u00f3n directa. <\/p>\n<p>5) Para obtener mejores resultados, utilizar en combinaci\u00f3n con un limpiador para pieles sensibles y secas como Eucerin pH5 Aceite de Ducha.<\/p>\n","protected":false},"excerpt":{"rendered":"<p>El Spray corporal reparador Eucerin Aquaphor libre de agua permite retener la humedad y mantener la piel hidratada intensamente, brindando una sensaci\u00f3n de alivio inmediato<\/p>\n","protected":false},"featured_media":9039,"comment_status":"open","ping_status":"closed","template":"","meta":[],"product_brand":[],"product_cat":[237,162],"product_tag":[],"class_list":{"0":"post-15545","1":"product","2":"type-product","3":"status-publish","4":"has-post-thumbnail","6":"product_cat-belleza","7":"product_cat-dermocosmetica","9":"first","10":"instock","11":"shipping-taxable","12":"purchasable","13":"product-type-simple"},"_links":{"self":[{"href":"https:\/\/farmaciadagostino.com.ar\/sitio\/wp-json\/wp\/v2\/product\/15545","targetHints":{"allow":["GET"]}}],"collection":[{"href":"https:\/\/farmaciadagostino.com.ar\/sitio\/wp-json\/wp\/v2\/product"}],"about":[{"href":"https:\/\/farmaciadagostino.com.ar\/sitio\/wp-json\/wp\/v2\/types\/product"}],"replies":[{"embeddable":true,"href":"https:\/\/farmaciadagostino.com.ar\/sitio\/wp-json\/wp\/v2\/comments?post=15545"}],"wp:featuredmedia":[{"embeddable":true,"href":"https:\/\/farmaciadagostino.com.ar\/sitio\/wp-json\/wp\/v2\/media\/9039"}],"wp:attachment":[{"href":"https:\/\/farmaciadagostino.com.ar\/sitio\/wp-json\/wp\/v2\/media?parent=15545"}],"wp:term":[{"taxonomy":"product_brand","embeddable":true,"href":"https:\/\/farmaciadagostino.com.ar\/sitio\/wp-json\/wp\/v2\/product_brand?post=15545"},{"taxonomy":"product_cat","embeddable":true,"href":"https:\/\/farmaciadagostino.com.ar\/sitio\/wp-json\/wp\/v2\/product_cat?post=15545"},{"taxonomy":"product_tag","embeddable":true,"href":"https:\/\/farmaciadagostino.com.ar\/sitio\/wp-json\/wp\/v2\/product_tag?post=15545"}],"curies":[{"name":"wp","href":"https:\/\/api.w.org\/{rel}","templated":true}]}}