{"id":15547,"date":"2024-07-01T23:07:06","date_gmt":"2024-07-02T02:07:06","guid":{"rendered":"https:\/\/farmaciadagostino.com.ar\/sitio\/producto\/acf-set-doble-limpieza-munequera\/"},"modified":"2026-03-09T10:25:36","modified_gmt":"2026-03-09T13:25:36","slug":"acf-set-doble-limpieza-munequera","status":"publish","type":"product","link":"https:\/\/farmaciadagostino.com.ar\/sitio\/producto\/acf-set-doble-limpieza-munequera\/","title":{"rendered":"Acf Set Doble Limpieza Mu\u00f1equera"},"content":{"rendered":"<p>ACEITE LIMPIADOR ACF by DADATINA Doble limpieza (DL)<br \/>\nRemueve eficazmente maquillaje, suciedad y protector solar sin alterar los l\u00edpidos propios de la piel.<br \/>\nCONTENIDO NETO: 115 ML<\/p>\n<p>GEL DE LIMPIEZA ACF by DADATINA Doble limpieza (DL)<br \/>\nCompleta la limpieza y calma la piel, dejando el rostro listo para continuar la rutina.<br \/>\nCONTENIDO NETO: 200 g<\/p>\n<p>CL\u00cdNICA Y DERMATOL\u00d3GICAMENTE TESTEADOS<br \/>\nINDUSTRIA ARGENTINA<\/p>\n<p>PAD REUTILIZABLE<br \/>\n1 Pads reutilizables de doble tela (toalla de secado r\u00e1pido &#8211; toalla extra suave) para remover restos de maquillaje, protector solar, cremas y aceite de limpieza. Utilizar h\u00famedo, secar al aire.<\/p>\n<p>MU\u00d1EQUERAS<br \/>\nDos mu\u00f1equeras s\u00faper delicadas de alta absorci\u00f3n ideales para tu rutina!<\/p>\n","protected":false},"excerpt":{"rendered":"<p>ACEITE LIMPIADOR ACF by DADATINA Doble limpieza (DL)<br \/>\nRemueve eficazmente maquillaje, suciedad y protector solar sin alterar los l\u00edpidos propios de la piel<\/p>\n","protected":false},"featured_media":12473,"comment_status":"open","ping_status":"closed","template":"","meta":[],"product_brand":[],"product_cat":[237,162],"product_tag":[],"class_list":{"0":"post-15547","1":"product","2":"type-product","3":"status-publish","4":"has-post-thumbnail","6":"product_cat-belleza","7":"product_cat-dermocosmetica","9":"first","10":"instock","11":"shipping-taxable","12":"purchasable","13":"product-type-simple"},"_links":{"self":[{"href":"https:\/\/farmaciadagostino.com.ar\/sitio\/wp-json\/wp\/v2\/product\/15547","targetHints":{"allow":["GET"]}}],"collection":[{"href":"https:\/\/farmaciadagostino.com.ar\/sitio\/wp-json\/wp\/v2\/product"}],"about":[{"href":"https:\/\/farmaciadagostino.com.ar\/sitio\/wp-json\/wp\/v2\/types\/product"}],"replies":[{"embeddable":true,"href":"https:\/\/farmaciadagostino.com.ar\/sitio\/wp-json\/wp\/v2\/comments?post=15547"}],"wp:featuredmedia":[{"embeddable":true,"href":"https:\/\/farmaciadagostino.com.ar\/sitio\/wp-json\/wp\/v2\/media\/12473"}],"wp:attachment":[{"href":"https:\/\/farmaciadagostino.com.ar\/sitio\/wp-json\/wp\/v2\/media?parent=15547"}],"wp:term":[{"taxonomy":"product_brand","embeddable":true,"href":"https:\/\/farmaciadagostino.com.ar\/sitio\/wp-json\/wp\/v2\/product_brand?post=15547"},{"taxonomy":"product_cat","embeddable":true,"href":"https:\/\/farmaciadagostino.com.ar\/sitio\/wp-json\/wp\/v2\/product_cat?post=15547"},{"taxonomy":"product_tag","embeddable":true,"href":"https:\/\/farmaciadagostino.com.ar\/sitio\/wp-json\/wp\/v2\/product_tag?post=15547"}],"curies":[{"name":"wp","href":"https:\/\/api.w.org\/{rel}","templated":true}]}}