{"id":15549,"date":"2024-07-01T23:07:06","date_gmt":"2024-07-02T02:07:06","guid":{"rendered":"https:\/\/farmaciadagostino.com.ar\/sitio\/producto\/cetaphil-crema-hidratante-facial-diario-fps-50-50-ml\/"},"modified":"2026-03-09T10:18:27","modified_gmt":"2026-03-09T13:18:27","slug":"cetaphil-crema-hidratante-facial-diario-fps-50-50-ml","status":"publish","type":"product","link":"https:\/\/farmaciadagostino.com.ar\/sitio\/producto\/cetaphil-crema-hidratante-facial-diario-fps-50-50-ml\/","title":{"rendered":"Cetaphil Crema Hidratante Facial Diario Fps 50 50 ml"},"content":{"rendered":"<p>Est\u00e1 cl\u00ednicamente probado que hidrata la piel con FPS 50, ayudando a defenderla de los da\u00f1inos rayos solares. <\/p>\n<h5>Beneficios:<\/h5>\n<p>Formulado con di\u00f3xido de titanio micronizado, que se absorbe r\u00e1pidamente y no deja ning\u00fan residuo blanco. <\/p>\n<p>-Nutre para retener la humedad vital de la piel durante todo el d\u00eda. <\/p>\n<p>-Probado por dermat\u00f3logos y cl\u00ednicamente probado para ser suave con la piel sensible.<\/p>\n<h5>Modo de uso:<\/h5>\n<p>Dia. <\/p>\n<h5>Composici\u00f3n:<\/h5>\n<p>Ingredientes Activos: Octinoxate 7.5%, Octisalate 5%, Octocrylene 7%, Oxybenzone 6%, Titanium Dioxide 5.7% Inactive Ingredients: Water, Propylene Glycol, Glycerin, Dimethicone, VP\/Eicosene Copolymer, Cyclomethicone, Stearic Acid, Dimethiconol, Potassium Cetyl Phosphate, Glyceryl Stearate, PEG-100 Stearate, Aluminum Hydroxide, Disodium EDTA, Tocopherol, Triethanolamine, Phenoxyethanol, Ethylparaben, Chlorphenesin, Cetyl Alcohol, Carbomer, Methylparaben, Xanthan Gum. FIL 456. . <\/p>\n<h5>Tipo de Piel:<\/h5>\n<p>Para pieles secas a normales y sensibles. <\/p>\n<h5>Zona de Aplicaci\u00f3n:<\/h5>\n<p>Rostro. <\/p>\n","protected":false},"excerpt":{"rendered":"<p>Est\u00e1 cl\u00ednicamente probado que hidrata la piel con FPS 50, ayudando a defenderla de los da\u00f1inos rayos solares<\/p>\n","protected":false},"featured_media":7538,"comment_status":"open","ping_status":"closed","template":"","meta":[],"product_brand":[],"product_cat":[237,152],"product_tag":[],"class_list":{"0":"post-15549","1":"product","2":"type-product","3":"status-publish","4":"has-post-thumbnail","6":"product_cat-belleza","7":"product_cat-cuidado-personal","9":"first","10":"instock","11":"shipping-taxable","12":"purchasable","13":"product-type-simple"},"_links":{"self":[{"href":"https:\/\/farmaciadagostino.com.ar\/sitio\/wp-json\/wp\/v2\/product\/15549","targetHints":{"allow":["GET"]}}],"collection":[{"href":"https:\/\/farmaciadagostino.com.ar\/sitio\/wp-json\/wp\/v2\/product"}],"about":[{"href":"https:\/\/farmaciadagostino.com.ar\/sitio\/wp-json\/wp\/v2\/types\/product"}],"replies":[{"embeddable":true,"href":"https:\/\/farmaciadagostino.com.ar\/sitio\/wp-json\/wp\/v2\/comments?post=15549"}],"wp:featuredmedia":[{"embeddable":true,"href":"https:\/\/farmaciadagostino.com.ar\/sitio\/wp-json\/wp\/v2\/media\/7538"}],"wp:attachment":[{"href":"https:\/\/farmaciadagostino.com.ar\/sitio\/wp-json\/wp\/v2\/media?parent=15549"}],"wp:term":[{"taxonomy":"product_brand","embeddable":true,"href":"https:\/\/farmaciadagostino.com.ar\/sitio\/wp-json\/wp\/v2\/product_brand?post=15549"},{"taxonomy":"product_cat","embeddable":true,"href":"https:\/\/farmaciadagostino.com.ar\/sitio\/wp-json\/wp\/v2\/product_cat?post=15549"},{"taxonomy":"product_tag","embeddable":true,"href":"https:\/\/farmaciadagostino.com.ar\/sitio\/wp-json\/wp\/v2\/product_tag?post=15549"}],"curies":[{"name":"wp","href":"https:\/\/api.w.org\/{rel}","templated":true}]}}