{"id":15573,"date":"2024-07-01T23:07:30","date_gmt":"2024-07-02T02:07:30","guid":{"rendered":"https:\/\/farmaciadagostino.com.ar\/sitio\/producto\/farma-clean-serum-concentrado-pura-vitamina-c-30-ml\/"},"modified":"2026-03-09T10:18:27","modified_gmt":"2026-03-09T13:18:27","slug":"farma-clean-serum-concentrado-pura-vitamina-c-30-ml","status":"publish","type":"product","link":"https:\/\/farmaciadagostino.com.ar\/sitio\/producto\/farma-clean-serum-concentrado-pura-vitamina-c-30-ml\/","title":{"rendered":"Farma Clean Serum Concentrado Pura Vitamina C 30 ml"},"content":{"rendered":"<p>Farmaclean Serum Concentrado de Pura Vitamina C en Ascorbyl Gluc\u00f3sido al 12%, es una f\u00f3rmula en base acuosa es libre de aceites, y que reduce significativamente los signos de la edad iluminando y balanceando cualquier tono de piel. Adem\u00e1s, por su poderoso efecto antioxidante, protege la piel de los efectos ocasionados por el da\u00f1o producido por los distintos agentes clim\u00e1ticos.<\/p>\n<p>Adem\u00e1s de ayudar a desvanecer visiblemente las decoloraciones o disminuir las l\u00edneas finas y arrugas, el uso de un s\u00e9rum de vitamina C tambi\u00e9n puede proporcionar protecci\u00f3n antioxidante para ayudar a defenderse de los radicales libres da\u00f1inos para la piel.<\/p>\n","protected":false},"excerpt":{"rendered":"<p>Farmaclean Serum Concentrado de Pura Vitamina C en Ascorbyl Gluc\u00f3sido al 12%, es una f\u00f3rmula en base acuosa es libre de aceites, y que reduce significativamente los signos de la edad iluminando y balanceando cualquier tono de piel<\/p>\n","protected":false},"featured_media":13079,"comment_status":"open","ping_status":"closed","template":"","meta":[],"product_brand":[],"product_cat":[237,162],"product_tag":[],"class_list":{"0":"post-15573","1":"product","2":"type-product","3":"status-publish","4":"has-post-thumbnail","6":"product_cat-belleza","7":"product_cat-dermocosmetica","9":"first","10":"instock","11":"shipping-taxable","12":"purchasable","13":"product-type-simple"},"_links":{"self":[{"href":"https:\/\/farmaciadagostino.com.ar\/sitio\/wp-json\/wp\/v2\/product\/15573","targetHints":{"allow":["GET"]}}],"collection":[{"href":"https:\/\/farmaciadagostino.com.ar\/sitio\/wp-json\/wp\/v2\/product"}],"about":[{"href":"https:\/\/farmaciadagostino.com.ar\/sitio\/wp-json\/wp\/v2\/types\/product"}],"replies":[{"embeddable":true,"href":"https:\/\/farmaciadagostino.com.ar\/sitio\/wp-json\/wp\/v2\/comments?post=15573"}],"wp:featuredmedia":[{"embeddable":true,"href":"https:\/\/farmaciadagostino.com.ar\/sitio\/wp-json\/wp\/v2\/media\/13079"}],"wp:attachment":[{"href":"https:\/\/farmaciadagostino.com.ar\/sitio\/wp-json\/wp\/v2\/media?parent=15573"}],"wp:term":[{"taxonomy":"product_brand","embeddable":true,"href":"https:\/\/farmaciadagostino.com.ar\/sitio\/wp-json\/wp\/v2\/product_brand?post=15573"},{"taxonomy":"product_cat","embeddable":true,"href":"https:\/\/farmaciadagostino.com.ar\/sitio\/wp-json\/wp\/v2\/product_cat?post=15573"},{"taxonomy":"product_tag","embeddable":true,"href":"https:\/\/farmaciadagostino.com.ar\/sitio\/wp-json\/wp\/v2\/product_tag?post=15573"}],"curies":[{"name":"wp","href":"https:\/\/api.w.org\/{rel}","templated":true}]}}