{"id":15581,"date":"2024-07-01T23:07:32","date_gmt":"2024-07-02T02:07:32","guid":{"rendered":"https:\/\/farmaciadagostino.com.ar\/sitio\/producto\/monoestuche-tio-nacho-herbolaria-milenaria-sham-aco-415-xml\/"},"modified":"2026-03-09T10:18:27","modified_gmt":"2026-03-09T13:18:27","slug":"monoestuche-tio-nacho-herbolaria-milenaria-sham-aco-415-xml","status":"publish","type":"product","link":"https:\/\/farmaciadagostino.com.ar\/sitio\/producto\/monoestuche-tio-nacho-herbolaria-milenaria-sham-aco-415-xml\/","title":{"rendered":"Monoestuche T\u00edo Nacho Herbolaria Milenaria Sham + Aco 415 xml"},"content":{"rendered":"<p>Pack promocional de shampoo y acondicionador T\u00edo Nacho Herbolaria Milenaria con jalea real, ortiga y extractos anti ca\u00edda de origen natural. Ayudan a dejar tu pelo visiblemente m\u00e1s fuerte, resistente y protegido.<br \/>\n[ FORTALECIMIENTO CAPILAR ] Shampoo y acondicionador que combinan una serie de extractos de origen natural con propiedades que nutren y<br \/>\nfortalecen la ra\u00edz, limpian a profundidad el fol\u00edculo y ayudan a eliminar el exceso de sebo en el cuero cabelludo.<br \/>\n[ ANTI-CA\u00cdDA ] Estimula el crecimiento y ayuda a revitalizar el cabello fr\u00e1gil y en situaci\u00f3n de ca\u00edda.<br \/>\n[ REALMENTE NATURAL ] La selecci\u00f3n de los ingredientes m\u00e1s poderosos de la naturaleza que fortalecer\u00e1n tu cabello hebra por hebra.<br \/>\n[ USO DIARIO ] Aplica una cantidad suficiente sobre el cabello mojado, distribuyendo con un ligero masaje por el cuero cabelludo. Enjuaga con agua y repite si es necesario. Luego de lavar tu cabello pelo con shampoo  aplic\u00e1  el acondicionador sobre el pelo mojado de medios a puntas. Deja reposar y enjuaga bien.<\/p>\n","protected":false},"excerpt":{"rendered":"<p>Pack promocional de shampoo y acondicionador T\u00edo Nacho Herbolaria Milenaria con jalea real, ortiga y extractos anti ca\u00edda de origen natural<\/p>\n","protected":false},"featured_media":12838,"comment_status":"open","ping_status":"closed","template":"","meta":[],"product_brand":[],"product_cat":[237,152],"product_tag":[],"class_list":{"0":"post-15581","1":"product","2":"type-product","3":"status-publish","4":"has-post-thumbnail","6":"product_cat-belleza","7":"product_cat-cuidado-personal","9":"first","10":"instock","11":"shipping-taxable","12":"purchasable","13":"product-type-simple"},"_links":{"self":[{"href":"https:\/\/farmaciadagostino.com.ar\/sitio\/wp-json\/wp\/v2\/product\/15581","targetHints":{"allow":["GET"]}}],"collection":[{"href":"https:\/\/farmaciadagostino.com.ar\/sitio\/wp-json\/wp\/v2\/product"}],"about":[{"href":"https:\/\/farmaciadagostino.com.ar\/sitio\/wp-json\/wp\/v2\/types\/product"}],"replies":[{"embeddable":true,"href":"https:\/\/farmaciadagostino.com.ar\/sitio\/wp-json\/wp\/v2\/comments?post=15581"}],"wp:featuredmedia":[{"embeddable":true,"href":"https:\/\/farmaciadagostino.com.ar\/sitio\/wp-json\/wp\/v2\/media\/12838"}],"wp:attachment":[{"href":"https:\/\/farmaciadagostino.com.ar\/sitio\/wp-json\/wp\/v2\/media?parent=15581"}],"wp:term":[{"taxonomy":"product_brand","embeddable":true,"href":"https:\/\/farmaciadagostino.com.ar\/sitio\/wp-json\/wp\/v2\/product_brand?post=15581"},{"taxonomy":"product_cat","embeddable":true,"href":"https:\/\/farmaciadagostino.com.ar\/sitio\/wp-json\/wp\/v2\/product_cat?post=15581"},{"taxonomy":"product_tag","embeddable":true,"href":"https:\/\/farmaciadagostino.com.ar\/sitio\/wp-json\/wp\/v2\/product_tag?post=15581"}],"curies":[{"name":"wp","href":"https:\/\/api.w.org\/{rel}","templated":true}]}}