{"id":15593,"date":"2024-07-01T23:07:38","date_gmt":"2024-07-02T02:07:38","guid":{"rendered":"https:\/\/farmaciadagostino.com.ar\/sitio\/producto\/maybelline-delineador-de-ojos-tattoo-liner-smokey-gel-pencil-black\/"},"modified":"2026-03-09T10:18:27","modified_gmt":"2026-03-09T13:18:27","slug":"maybelline-delineador-de-ojos-tattoo-liner-smokey-gel-pencil-black","status":"publish","type":"product","link":"https:\/\/farmaciadagostino.com.ar\/sitio\/producto\/maybelline-delineador-de-ojos-tattoo-liner-smokey-gel-pencil-black\/","title":{"rendered":"Maybelline Delineador de Ojos Tattoo Liner Smokey Gel Pencil Black"},"content":{"rendered":"<p>Nuevo l\u00e1piz de ojos Tattoo Liner efecto tatuaje semi-permanente. A prueba de agua, roces y sudor.  Se desmaquilla con agua tibia o agua micelar.<\/p>\n<h5>Beneficios:<\/h5>\n<p>L\u00e1piz de ojos efecto tatuaje semi-permanente. Su f\u00f3rmula con pigmentos intensos resiste roces, agua y sudor. No transfiere, no se corre. Su textura cremosa y su punta afilable permite delinear sin esfuerzo sobre las pesta\u00f1as y la l\u00ednea de agua.<\/p>\n<h5>Modo de uso:<\/h5>\n<p>Paso 1: Empieza dibujando el trazo sobre la l\u00ednea de pesta\u00f1as desde el interior del ojo hacia el exterior, aumentando el grosor de \u00e9ste paulatinamente. Paso 2: Repite el proceso en el p\u00e1rpado interior. Paso 3: Deja secar 30 segundos para una intensidad tattoo.<\/p>\n","protected":false},"excerpt":{"rendered":"<p>Nuevo l\u00e1piz de ojos Tattoo Liner efecto tatuaje semi-permanente<\/p>\n","protected":false},"featured_media":7796,"comment_status":"open","ping_status":"closed","template":"","meta":[],"product_brand":[],"product_cat":[237],"product_tag":[],"class_list":{"0":"post-15593","1":"product","2":"type-product","3":"status-publish","4":"has-post-thumbnail","6":"product_cat-belleza","8":"first","9":"instock","10":"shipping-taxable","11":"purchasable","12":"product-type-simple"},"_links":{"self":[{"href":"https:\/\/farmaciadagostino.com.ar\/sitio\/wp-json\/wp\/v2\/product\/15593","targetHints":{"allow":["GET"]}}],"collection":[{"href":"https:\/\/farmaciadagostino.com.ar\/sitio\/wp-json\/wp\/v2\/product"}],"about":[{"href":"https:\/\/farmaciadagostino.com.ar\/sitio\/wp-json\/wp\/v2\/types\/product"}],"replies":[{"embeddable":true,"href":"https:\/\/farmaciadagostino.com.ar\/sitio\/wp-json\/wp\/v2\/comments?post=15593"}],"wp:featuredmedia":[{"embeddable":true,"href":"https:\/\/farmaciadagostino.com.ar\/sitio\/wp-json\/wp\/v2\/media\/7796"}],"wp:attachment":[{"href":"https:\/\/farmaciadagostino.com.ar\/sitio\/wp-json\/wp\/v2\/media?parent=15593"}],"wp:term":[{"taxonomy":"product_brand","embeddable":true,"href":"https:\/\/farmaciadagostino.com.ar\/sitio\/wp-json\/wp\/v2\/product_brand?post=15593"},{"taxonomy":"product_cat","embeddable":true,"href":"https:\/\/farmaciadagostino.com.ar\/sitio\/wp-json\/wp\/v2\/product_cat?post=15593"},{"taxonomy":"product_tag","embeddable":true,"href":"https:\/\/farmaciadagostino.com.ar\/sitio\/wp-json\/wp\/v2\/product_tag?post=15593"}],"curies":[{"name":"wp","href":"https:\/\/api.w.org\/{rel}","templated":true}]}}