{"id":15595,"date":"2024-07-01T23:07:38","date_gmt":"2024-07-02T02:07:38","guid":{"rendered":"https:\/\/farmaciadagostino.com.ar\/sitio\/producto\/maybelline-delineador-liquido-hyper-precise-all-day-matte\/"},"modified":"2026-03-09T10:10:20","modified_gmt":"2026-03-09T13:10:20","slug":"maybelline-delineador-liquido-hyper-precise-all-day-matte","status":"publish","type":"product","link":"https:\/\/farmaciadagostino.com.ar\/sitio\/producto\/maybelline-delineador-liquido-hyper-precise-all-day-matte\/","title":{"rendered":"Maybelline Delineador Liquido Hyper Precise All Day Matte"},"content":{"rendered":"<p> Delineador de ojo liquido con punta precisa de larga duraci\u00f3n para crear un delineado perfecto y lucir una mirada profunda. <\/p>\n<h5>Beneficios:<\/h5>\n<p> Resistente al agua, no se corre, no se borra de agarre estable. <\/p>\n<h5>Modo de uso:<\/h5>\n<p>Comenz\u00e1 trazando la l\u00ednea en la esquina interior del p\u00e1rpado a lo largo de la l\u00ednea de las pesta\u00f1as siguiendo el contorno de tu ojo. Para un look m\u00e1s dram\u00e1tico, traz\u00e1 una l\u00ednea m\u00e1s gruesa en las esquinas exteriores. <\/p>\n","protected":false},"excerpt":{"rendered":"<p> Delineador de ojo liquido con punta precisa de larga duraci\u00f3n para crear un delineado perfecto y lucir una mirada profunda<\/p>\n","protected":false},"featured_media":7759,"comment_status":"open","ping_status":"closed","template":"","meta":[],"product_brand":[],"product_cat":[237],"product_tag":[],"class_list":{"0":"post-15595","1":"product","2":"type-product","3":"status-publish","4":"has-post-thumbnail","6":"product_cat-belleza","8":"first","9":"instock","10":"shipping-taxable","11":"purchasable","12":"product-type-simple"},"_links":{"self":[{"href":"https:\/\/farmaciadagostino.com.ar\/sitio\/wp-json\/wp\/v2\/product\/15595","targetHints":{"allow":["GET"]}}],"collection":[{"href":"https:\/\/farmaciadagostino.com.ar\/sitio\/wp-json\/wp\/v2\/product"}],"about":[{"href":"https:\/\/farmaciadagostino.com.ar\/sitio\/wp-json\/wp\/v2\/types\/product"}],"replies":[{"embeddable":true,"href":"https:\/\/farmaciadagostino.com.ar\/sitio\/wp-json\/wp\/v2\/comments?post=15595"}],"wp:featuredmedia":[{"embeddable":true,"href":"https:\/\/farmaciadagostino.com.ar\/sitio\/wp-json\/wp\/v2\/media\/7759"}],"wp:attachment":[{"href":"https:\/\/farmaciadagostino.com.ar\/sitio\/wp-json\/wp\/v2\/media?parent=15595"}],"wp:term":[{"taxonomy":"product_brand","embeddable":true,"href":"https:\/\/farmaciadagostino.com.ar\/sitio\/wp-json\/wp\/v2\/product_brand?post=15595"},{"taxonomy":"product_cat","embeddable":true,"href":"https:\/\/farmaciadagostino.com.ar\/sitio\/wp-json\/wp\/v2\/product_cat?post=15595"},{"taxonomy":"product_tag","embeddable":true,"href":"https:\/\/farmaciadagostino.com.ar\/sitio\/wp-json\/wp\/v2\/product_tag?post=15595"}],"curies":[{"name":"wp","href":"https:\/\/api.w.org\/{rel}","templated":true}]}}