{"id":15598,"date":"2024-07-01T23:07:39","date_gmt":"2024-07-02T02:07:39","guid":{"rendered":"https:\/\/farmaciadagostino.com.ar\/sitio\/producto\/maybelline-tattoo-liner-lapiz-gel-900-deep-onyx\/"},"modified":"2026-03-09T10:10:20","modified_gmt":"2026-03-09T13:10:20","slug":"maybelline-tattoo-liner-lapiz-gel-900-deep-onyx","status":"publish","type":"product","link":"https:\/\/farmaciadagostino.com.ar\/sitio\/producto\/maybelline-tattoo-liner-lapiz-gel-900-deep-onyx\/","title":{"rendered":"Maybelline Tattoo Liner Lapiz Gel 900 Deep Onyx"},"content":{"rendered":"<p> El delineador de ojos Maybelline Tattoo Liner es semi-permanente y tiene efecto tatuaje. Posee una textura cremosa que le da a los ojos una mirada m\u00e1s intensa. Es ultra pigmentado.<\/p>\n<h5>Beneficios&gt;\/h3&gt;<\/p>\n<p> Su f\u00f3rmula con pigmentos intensos resiste roces, agua y sudor sin transferirse ni correrse.Tiene una larga duraci\u00f3n de hasta 36 horas.<\/p>\n<\/h5>\n<h5>Modo de uso:<\/h5>\n<p>Delinea el p\u00e1rpado superior desde el lagrimal hacia afuera aumentando de a poco el grosor. Repet\u00ed con el p\u00e1rpado inferior. D\u00e9jalo secar por 30 segundos para lograr mayor intensidad.<\/p>\n","protected":false},"excerpt":{"rendered":"<p> El delineador de ojos Maybelline Tattoo Liner es semi-permanente y tiene efecto tatuaje<\/p>\n","protected":false},"featured_media":7775,"comment_status":"open","ping_status":"closed","template":"","meta":[],"product_brand":[],"product_cat":[237],"product_tag":[],"class_list":{"0":"post-15598","1":"product","2":"type-product","3":"status-publish","4":"has-post-thumbnail","6":"product_cat-belleza","8":"first","9":"instock","10":"shipping-taxable","11":"purchasable","12":"product-type-simple"},"_links":{"self":[{"href":"https:\/\/farmaciadagostino.com.ar\/sitio\/wp-json\/wp\/v2\/product\/15598","targetHints":{"allow":["GET"]}}],"collection":[{"href":"https:\/\/farmaciadagostino.com.ar\/sitio\/wp-json\/wp\/v2\/product"}],"about":[{"href":"https:\/\/farmaciadagostino.com.ar\/sitio\/wp-json\/wp\/v2\/types\/product"}],"replies":[{"embeddable":true,"href":"https:\/\/farmaciadagostino.com.ar\/sitio\/wp-json\/wp\/v2\/comments?post=15598"}],"wp:featuredmedia":[{"embeddable":true,"href":"https:\/\/farmaciadagostino.com.ar\/sitio\/wp-json\/wp\/v2\/media\/7775"}],"wp:attachment":[{"href":"https:\/\/farmaciadagostino.com.ar\/sitio\/wp-json\/wp\/v2\/media?parent=15598"}],"wp:term":[{"taxonomy":"product_brand","embeddable":true,"href":"https:\/\/farmaciadagostino.com.ar\/sitio\/wp-json\/wp\/v2\/product_brand?post=15598"},{"taxonomy":"product_cat","embeddable":true,"href":"https:\/\/farmaciadagostino.com.ar\/sitio\/wp-json\/wp\/v2\/product_cat?post=15598"},{"taxonomy":"product_tag","embeddable":true,"href":"https:\/\/farmaciadagostino.com.ar\/sitio\/wp-json\/wp\/v2\/product_tag?post=15598"}],"curies":[{"name":"wp","href":"https:\/\/api.w.org\/{rel}","templated":true}]}}