{"id":15599,"date":"2024-07-01T23:07:40","date_gmt":"2024-07-02T02:07:40","guid":{"rendered":"https:\/\/farmaciadagostino.com.ar\/sitio\/producto\/delineador-de-ojos-rimmel-scandal-eyes-waterprof-kohl-kajal-black\/"},"modified":"2026-03-09T10:18:27","modified_gmt":"2026-03-09T13:18:27","slug":"delineador-de-ojos-rimmel-scandal-eyes-waterprof-kohl-kajal-black","status":"publish","type":"product","link":"https:\/\/farmaciadagostino.com.ar\/sitio\/producto\/delineador-de-ojos-rimmel-scandal-eyes-waterprof-kohl-kajal-black\/","title":{"rendered":"Delineador de Ojos Rimmel Scandal Eyes Waterprof Kohl Kajal Black"},"content":{"rendered":"<p>Delinea tus ojos con el l\u00e1piz de Rimmel resistente al agua y a prueba de manchas. Rimmel London te trae Scandaleyes Waterproof Kohl Kajal. El color de larga duraci\u00f3n no se correr\u00e1 ni se manchar\u00e1. Este l\u00e1piz delineador de ojos negro Kohl Kajal es a prueba de agua, resiste las l\u00e1grimas o el sudor, \u00a1y cualquier otra cosa que la noche te depare! Aplique el delinador Scandaleyes Kohl Kajal alrededor de la parte superior e inferior de la l\u00ednea de las pesta\u00f1as. Para una mirada atrevida, difumina la l\u00ednea sobre el p\u00e1rpado. Luego difumina con tu sombra de ojos Rimmel London favorita. <\/p>\n<h5>Beneficios:<\/h5>\n<p>Es un l\u00e1piz de precisi\u00f3n suave, a prueba de manchas y resistente al agua. Este delineador de ojos en l\u00e1piz negro resiste las l\u00e1grimas y el sudor. El l\u00e1piz se desliza f\u00e1cilmente y dura todo el d\u00eda sin mancharse. Su f\u00f3rmula cremosa ultra suave viene en una gama de colores dram\u00e1ticos. para ojos sensibles<\/p>\n","protected":false},"excerpt":{"rendered":"<p>Delinea tus ojos con el l\u00e1piz de Rimmel resistente al agua y a prueba de manchas<\/p>\n","protected":false},"featured_media":17847,"comment_status":"open","ping_status":"closed","template":"","meta":[],"product_brand":[],"product_cat":[237,265],"product_tag":[],"class_list":{"0":"post-15599","1":"product","2":"type-product","3":"status-publish","4":"has-post-thumbnail","6":"product_cat-belleza","7":"product_cat-maquillaje","9":"first","10":"instock","11":"shipping-taxable","12":"purchasable","13":"product-type-simple"},"_links":{"self":[{"href":"https:\/\/farmaciadagostino.com.ar\/sitio\/wp-json\/wp\/v2\/product\/15599","targetHints":{"allow":["GET"]}}],"collection":[{"href":"https:\/\/farmaciadagostino.com.ar\/sitio\/wp-json\/wp\/v2\/product"}],"about":[{"href":"https:\/\/farmaciadagostino.com.ar\/sitio\/wp-json\/wp\/v2\/types\/product"}],"replies":[{"embeddable":true,"href":"https:\/\/farmaciadagostino.com.ar\/sitio\/wp-json\/wp\/v2\/comments?post=15599"}],"wp:featuredmedia":[{"embeddable":true,"href":"https:\/\/farmaciadagostino.com.ar\/sitio\/wp-json\/wp\/v2\/media\/17847"}],"wp:attachment":[{"href":"https:\/\/farmaciadagostino.com.ar\/sitio\/wp-json\/wp\/v2\/media?parent=15599"}],"wp:term":[{"taxonomy":"product_brand","embeddable":true,"href":"https:\/\/farmaciadagostino.com.ar\/sitio\/wp-json\/wp\/v2\/product_brand?post=15599"},{"taxonomy":"product_cat","embeddable":true,"href":"https:\/\/farmaciadagostino.com.ar\/sitio\/wp-json\/wp\/v2\/product_cat?post=15599"},{"taxonomy":"product_tag","embeddable":true,"href":"https:\/\/farmaciadagostino.com.ar\/sitio\/wp-json\/wp\/v2\/product_tag?post=15599"}],"curies":[{"name":"wp","href":"https:\/\/api.w.org\/{rel}","templated":true}]}}