{"id":15600,"date":"2024-07-01T23:07:41","date_gmt":"2024-07-02T02:07:41","guid":{"rendered":"https:\/\/farmaciadagostino.com.ar\/sitio\/producto\/rimmel-delineador-exaggerate-liquid-eye-wp-black\/"},"modified":"2026-03-09T10:25:36","modified_gmt":"2026-03-09T13:25:36","slug":"rimmel-delineador-exaggerate-liquid-eye-wp-black","status":"publish","type":"product","link":"https:\/\/farmaciadagostino.com.ar\/sitio\/producto\/rimmel-delineador-exaggerate-liquid-eye-wp-black\/","title":{"rendered":"Rimmel Delineador Exaggerate Liquid Eye Wp Black"},"content":{"rendered":"<p>Rimmel Exaggerate Waterproof es un delineador l\u00edquido de color intenso, resistentes al agua. La f\u00f3rmula l\u00edquida de alta pigmentaci\u00f3n proporciona un delineado de ojos audaz con un acabado brillante. El aplicador de m\u00e1ximo control ayuda a crear una l\u00ednea suave y precisa en el contorno del ojo. Resistente al agua, a las manchas y a las corridas, con una duraci\u00f3n de hasta 24 horas. Disponible en tono negro.<\/p>\n<h5>Beneficios:<\/h5>\n<p>F\u00f3rmula l\u00edquida altamente pigmentada que proporciona un delineado de ojos audaz con un acabado brillante.<\/p>\n<p>El aplicador de m\u00e1ximo control ayuda a crear l\u00edneas suaves y precisas alrededor del contorno del ojo.<\/p>\n<p>Resistente al agua, a los borrones y a las manchas.<\/p>\n<p>Probado por dermat\u00f3logos y oftalm\u00f3logos.<\/p>\n<p>Waterproof.<\/p>\n","protected":false},"excerpt":{"rendered":"<p>Rimmel Exaggerate Waterproof es un delineador l\u00edquido de color intenso, resistentes al agua<\/p>\n","protected":false},"featured_media":17844,"comment_status":"open","ping_status":"closed","template":"","meta":[],"product_brand":[],"product_cat":[237],"product_tag":[],"class_list":{"0":"post-15600","1":"product","2":"type-product","3":"status-publish","4":"has-post-thumbnail","6":"product_cat-belleza","8":"first","9":"instock","10":"shipping-taxable","11":"purchasable","12":"product-type-simple"},"_links":{"self":[{"href":"https:\/\/farmaciadagostino.com.ar\/sitio\/wp-json\/wp\/v2\/product\/15600","targetHints":{"allow":["GET"]}}],"collection":[{"href":"https:\/\/farmaciadagostino.com.ar\/sitio\/wp-json\/wp\/v2\/product"}],"about":[{"href":"https:\/\/farmaciadagostino.com.ar\/sitio\/wp-json\/wp\/v2\/types\/product"}],"replies":[{"embeddable":true,"href":"https:\/\/farmaciadagostino.com.ar\/sitio\/wp-json\/wp\/v2\/comments?post=15600"}],"wp:featuredmedia":[{"embeddable":true,"href":"https:\/\/farmaciadagostino.com.ar\/sitio\/wp-json\/wp\/v2\/media\/17844"}],"wp:attachment":[{"href":"https:\/\/farmaciadagostino.com.ar\/sitio\/wp-json\/wp\/v2\/media?parent=15600"}],"wp:term":[{"taxonomy":"product_brand","embeddable":true,"href":"https:\/\/farmaciadagostino.com.ar\/sitio\/wp-json\/wp\/v2\/product_brand?post=15600"},{"taxonomy":"product_cat","embeddable":true,"href":"https:\/\/farmaciadagostino.com.ar\/sitio\/wp-json\/wp\/v2\/product_cat?post=15600"},{"taxonomy":"product_tag","embeddable":true,"href":"https:\/\/farmaciadagostino.com.ar\/sitio\/wp-json\/wp\/v2\/product_tag?post=15600"}],"curies":[{"name":"wp","href":"https:\/\/api.w.org\/{rel}","templated":true}]}}