{"id":15602,"date":"2024-07-01T23:07:41","date_gmt":"2024-07-02T02:07:41","guid":{"rendered":"https:\/\/farmaciadagostino.com.ar\/sitio\/producto\/rimmel-glam-eyes-liquido-liner-black\/"},"modified":"2026-03-09T10:18:27","modified_gmt":"2026-03-09T13:18:27","slug":"rimmel-glam-eyes-liquido-liner-black","status":"publish","type":"product","link":"https:\/\/farmaciadagostino.com.ar\/sitio\/producto\/rimmel-glam-eyes-liquido-liner-black\/","title":{"rendered":"Rimmel Glam Eyes Liquido Liner Black"},"content":{"rendered":"<p>El delineador l\u00edquido profesional Glam Eyes de Rimmel crea una look glamuroso con el m\u00ednimo esfuerzo. Su color, inspirado en pasarelas, se mantiene intacto para lograr un impacto duradero. Su pincel fino ayuda a crear l\u00edneas precisas en un solo trazo y su f\u00f3rmula que no se borra es resistente a la transferencia.\n<\/p>\n<p>El delineador Glam Eyes de Rimmel London es una herramienta esencial que deber\u00eda estar en toda colecci\u00f3n de maquillaje. Adem\u00e1s, es un excelente regalo para cualquier persona y ocasi\u00f3n.<br \/>\nDelineador probado por dermat\u00f3logos y oftalm\u00f3logos. Disponible en tono Negro Glamour. <\/p>\n<p>Desde Rimmel London creemos que la verdadera belleza, es la propia autoexpresi\u00f3n. Rimmel no es perfecci\u00f3n ni intimidaci\u00f3n, es como Londres: joven, urbano, ecl\u00e9ctico, vanguardista. Es expresi\u00f3n sin reglas, es real, es accesible. Live the London Look<\/p>\n<h5>Beneficios:<\/h5>\n<p>Delineador de ojos que se mantiene fijo y sin imperfecciones .<\/p>\n<p>Su pincel ayuda a crear l\u00edneas precisas.<\/p>\n<p>Delineador l\u00edquido con f\u00f3rmula resistente a la transferencia y los borrones.<\/p>\n<p>Perfecto para ojos sensibles.<\/p>\n<p>Delineador l\u00edquido de larga duraci\u00f3n, disponible en color Negro Glamour. <\/p>\n","protected":false},"excerpt":{"rendered":"<p>El delineador l\u00edquido profesional Glam Eyes de Rimmel crea una look glamuroso con el m\u00ednimo esfuerzo<\/p>\n","protected":false},"featured_media":17846,"comment_status":"open","ping_status":"closed","template":"","meta":[],"product_brand":[],"product_cat":[237],"product_tag":[],"class_list":{"0":"post-15602","1":"product","2":"type-product","3":"status-publish","4":"has-post-thumbnail","6":"product_cat-belleza","8":"first","9":"instock","10":"shipping-taxable","11":"purchasable","12":"product-type-simple"},"_links":{"self":[{"href":"https:\/\/farmaciadagostino.com.ar\/sitio\/wp-json\/wp\/v2\/product\/15602","targetHints":{"allow":["GET"]}}],"collection":[{"href":"https:\/\/farmaciadagostino.com.ar\/sitio\/wp-json\/wp\/v2\/product"}],"about":[{"href":"https:\/\/farmaciadagostino.com.ar\/sitio\/wp-json\/wp\/v2\/types\/product"}],"replies":[{"embeddable":true,"href":"https:\/\/farmaciadagostino.com.ar\/sitio\/wp-json\/wp\/v2\/comments?post=15602"}],"wp:featuredmedia":[{"embeddable":true,"href":"https:\/\/farmaciadagostino.com.ar\/sitio\/wp-json\/wp\/v2\/media\/17846"}],"wp:attachment":[{"href":"https:\/\/farmaciadagostino.com.ar\/sitio\/wp-json\/wp\/v2\/media?parent=15602"}],"wp:term":[{"taxonomy":"product_brand","embeddable":true,"href":"https:\/\/farmaciadagostino.com.ar\/sitio\/wp-json\/wp\/v2\/product_brand?post=15602"},{"taxonomy":"product_cat","embeddable":true,"href":"https:\/\/farmaciadagostino.com.ar\/sitio\/wp-json\/wp\/v2\/product_cat?post=15602"},{"taxonomy":"product_tag","embeddable":true,"href":"https:\/\/farmaciadagostino.com.ar\/sitio\/wp-json\/wp\/v2\/product_tag?post=15602"}],"curies":[{"name":"wp","href":"https:\/\/api.w.org\/{rel}","templated":true}]}}