{"id":15606,"date":"2024-07-01T23:07:42","date_gmt":"2024-07-02T02:07:42","guid":{"rendered":"https:\/\/farmaciadagostino.com.ar\/sitio\/producto\/axe-gold-wood-vainilla-desodorante-masculino-aerosol-x-150-ml\/"},"modified":"2026-03-09T10:25:36","modified_gmt":"2026-03-09T13:25:36","slug":"axe-gold-wood-vainilla-desodorante-masculino-aerosol-x-150-ml","status":"publish","type":"product","link":"https:\/\/farmaciadagostino.com.ar\/sitio\/producto\/axe-gold-wood-vainilla-desodorante-masculino-aerosol-x-150-ml\/","title":{"rendered":"Axe Gold Wood Vainilla Desodorante Masculino Aerosol x 150 ml"},"content":{"rendered":"<p>AXE Gold es un desodorante para hombre corporal que tiene una fragancia oriental con sutil aroma amaderado y con notas de mandarina, pimienta negra y sensual vainilla. El chocolate fundido se mezcla con c\u00edtricos frescos y maderas para obtener un aroma masculino oscuramente dulce. Preparate para las aventuras. De todo tipo. Nunca sab\u00e9s lo que hay a la vuelta de la esquina. O qui\u00e9n. Por eso necesit\u00e1s un desodorante en aerosol que te mantenga oliendo como un ganador todo el d\u00eda, todos los d\u00edas. Nuestra nueva y revolucionaria tecnolog\u00eda de doble acci\u00f3n combate las bacterias que causan el mal olor para que puedas oler incre\u00edble durante 48 horas. Sent\u00ed vos tambi\u00e9n el efecto AXE. Porque oler incre\u00edble vale oro, ten\u00e9s que tener siempre a mano el desodorante AXE Gold. No importa lo que se te presente: vos est\u00e1s listo. Una aplicaci\u00f3n r\u00e1pida en toooodo el cuerpo te mantiene con un olorcito ganador e irresistible durante 48 horas. Agit\u00e1, gir\u00e1 la parte de arriba para abrir la tapa y roci\u00e1 el producto por todo el cuerpo. Manten\u00e9 el envase del desodorante en aerosol a 15 cent\u00edmetros y evit\u00e1 las partes \u00edntimas. Sent\u00ed el dulzor de esta fragancia con olorcito ganador y compartilo con el mundo. Todo el d\u00eda, toda la noche, pase lo que pase, est\u00e1s listo para ir por el oro. El mismo aroma de AXE Gold en el que siempre confiaste, ahora en lata renovada hecha de aluminio infinitamente reciclable. M\u00e1s fresco est\u00e1s vos, m\u00e1s limpio est\u00e1 el planeta. En AXE nos propusimos que para 2025 todos nuestros envases sean reciclables o incluyan materiales reciclados. La f\u00f3rmula de los desodorantes en aerosol AXE tienen 0% sales de aluminio y no da\u00f1an la capa de ozono. Bienvenido al futuro&#8230; huele incre\u00edble.<\/p>\n<h5>Beneficios:<\/h5>\n<p>AXE Gold es un desodorante para hombre corporal que tiene una fragancia oriental con sutil aroma amaderado y notas de mandarina, pimienta negra y vainilla. Dejando un dulce aroma masculino. La tecnolog\u00eda del desodorante Axe Gold combate las bacterias que causan el mal olor para que puedas oler incre\u00edble hasta 48 horas. Preparate para todo tipo de aventuras. Porque oler incre\u00edble vale oro, ten\u00e9s que tener siempre a mano el desodorante AXE Gold. Una aplicaci\u00f3n r\u00e1pida en todo el cuerpo te mantiene con un olorcito ganador e irresistible durante 48 horas. Agit\u00e1, gir\u00e1 la parte de arriba para abrir la tapa del desodorante y roci\u00e1 el producto por todo el cuerpo. Sent\u00ed el dulzor de esta fragancia con olorcito ganador y compartilo con el mundo. El mismo aroma del desodorante AXE Gold en el que siempre confiaste, ahora en lata renovada hecha de aluminio infinitamente reciclable. M\u00e1s fresco est\u00e1s vos, m\u00e1s limpio est\u00e1 el planeta. La f\u00f3rmula de los desodorantes en aerosol AXE tienen 0% sales de aluminio y no da\u00f1an la capa de ozono.<\/p>\n<h5>Modo de uso:<\/h5>\n<p> No pulverizar cerca de llama, superficies calientes o cuerpos incandescentes. No fumar. No exponer al sol ni a temperaturas mayores a 50 \u00b0C. No aplicar cerca de los ojos. Proteger los ojos durante la aplicaci\u00f3n. No perforar ni incinerar incluso despu\u00e9s de usado. Prohibido su rellenado. Evitar inhalaci\u00f3n directa. Utilizar en ambientes bien ventilados. No aplicar sobre piel irritada o lastimada. Evitar el uso \u00edntimo. Discontinuar su uso si aparecen s\u00edntomas de irritaci\u00f3n, enrojecimiento o alguna molestia. Dejar fuera del alcance de los ni\u00f1os. Envase a presi\u00f3n: puede explotar si se calienta. Aplicar a no menos de 15 cm de la piel.<\/p>\n","protected":false},"excerpt":{"rendered":"<p>AXE Gold es un desodorante para hombre corporal que tiene una fragancia oriental con sutil aroma amaderado y con notas de mandarina, pimienta negra y sensual vainilla<\/p>\n","protected":false},"featured_media":10443,"comment_status":"open","ping_status":"closed","template":"","meta":[],"product_brand":[],"product_cat":[152],"product_tag":[],"class_list":{"0":"post-15606","1":"product","2":"type-product","3":"status-publish","4":"has-post-thumbnail","6":"product_cat-cuidado-personal","8":"first","9":"instock","10":"shipping-taxable","11":"purchasable","12":"product-type-simple"},"_links":{"self":[{"href":"https:\/\/farmaciadagostino.com.ar\/sitio\/wp-json\/wp\/v2\/product\/15606","targetHints":{"allow":["GET"]}}],"collection":[{"href":"https:\/\/farmaciadagostino.com.ar\/sitio\/wp-json\/wp\/v2\/product"}],"about":[{"href":"https:\/\/farmaciadagostino.com.ar\/sitio\/wp-json\/wp\/v2\/types\/product"}],"replies":[{"embeddable":true,"href":"https:\/\/farmaciadagostino.com.ar\/sitio\/wp-json\/wp\/v2\/comments?post=15606"}],"wp:featuredmedia":[{"embeddable":true,"href":"https:\/\/farmaciadagostino.com.ar\/sitio\/wp-json\/wp\/v2\/media\/10443"}],"wp:attachment":[{"href":"https:\/\/farmaciadagostino.com.ar\/sitio\/wp-json\/wp\/v2\/media?parent=15606"}],"wp:term":[{"taxonomy":"product_brand","embeddable":true,"href":"https:\/\/farmaciadagostino.com.ar\/sitio\/wp-json\/wp\/v2\/product_brand?post=15606"},{"taxonomy":"product_cat","embeddable":true,"href":"https:\/\/farmaciadagostino.com.ar\/sitio\/wp-json\/wp\/v2\/product_cat?post=15606"},{"taxonomy":"product_tag","embeddable":true,"href":"https:\/\/farmaciadagostino.com.ar\/sitio\/wp-json\/wp\/v2\/product_tag?post=15606"}],"curies":[{"name":"wp","href":"https:\/\/api.w.org\/{rel}","templated":true}]}}