{"id":15607,"date":"2024-07-01T23:07:46","date_gmt":"2024-07-02T02:07:46","guid":{"rendered":"https:\/\/farmaciadagostino.com.ar\/sitio\/producto\/axe-musk-canela-y-ambar-desodorane-bodyspray-aerosol-150-ml\/"},"modified":"2026-03-09T10:10:20","modified_gmt":"2026-03-09T13:10:20","slug":"axe-musk-canela-y-ambar-desodorane-bodyspray-aerosol-150-ml","status":"publish","type":"product","link":"https:\/\/farmaciadagostino.com.ar\/sitio\/producto\/axe-musk-canela-y-ambar-desodorane-bodyspray-aerosol-150-ml\/","title":{"rendered":"Axe Musk Canela Y Ambar Desodorane Bodyspray Aerosol 150 ml"},"content":{"rendered":"<p>AXE Musk es un desodorante para hombre corporal que combina perfectamente lo cl\u00e1sico y lo elegante. La calidez de la canela y el \u00e1mbar, combinadas con gotas de lim\u00f3n, brindan una fragancia masculina que nunca pasa de moda. Este desodorante corporal es la elecci\u00f3n perfecta para un d\u00eda especial, con una fragancia duradera y atemporal que ya se volvi\u00f3 tu marca registrada. Llev\u00e1 tu perfume caracter\u00edstico, ahora por muuuucho m\u00e1s tiempo con AXE Musk. Nuestra nueva y revolucionaria tecnolog\u00eda de doble acci\u00f3n combate las bacterias que causan el mal olor para que puedas oler incre\u00edble durante 48 horas. Sent\u00ed vos tambi\u00e9n el efecto AXE. Con los desodorantes AXE Musk y su cl\u00e1sico aroma a canela y \u00e1mbar que ya te caracteriza, no importa lo que se te presente: est\u00e1s listo. Una aplicaci\u00f3n r\u00e1pida en toooodo el cuerpo te mantiene con un olorcito elegante e irresistible durante 48 horas. Agit\u00e1, gir\u00e1 la parte de arriba para abrir la tapa y roci\u00e1 el producto por todo el cuerpo. Manten\u00e9 el envase del desodorante en aerosol a 15 cent\u00edmetros y evit\u00e1 las partes \u00edntimas. Sent\u00ed el poder de lo cl\u00e1sico y llev\u00e1 tu marca al mundo. Spoiler alert: vas a oler incre\u00edblemente elegante. El mismo aroma de AXE Musk en el que siempre confiaste, ahora en lata renovada hecha de aluminio infinitamente reciclable. M\u00e1s fresco est\u00e1s vos, m\u00e1s limpio est\u00e1 el planeta. En AXE nos propusimos que para 2025 todos nuestros envases sean reciclables o incluyan materiales reciclados. La f\u00f3rmula de los desodorantes en aerosol AXE tienen 0% sales de aluminio y no da\u00f1an la capa de ozono. Bienvenido al futuro&#8230; huele incre\u00edble.<\/p>\n<h5>Beneficios:<\/h5>\n<p>AXE Musk es un desodorante para hombre corporal que combina lo cl\u00e1sico y lo elegante. La calidez de la canela y el \u00e1mbar, combinadas con gotas de lim\u00f3n, brindan una fragancia que nunca pasa de moda. El desodorante AXE Musk tiene una nueva y revolucionaria tecnolog\u00eda de doble acci\u00f3n combate las bacterias que causan el mal olor para que puedas oler incre\u00edble durante 48 horas. Con los desodorantes AXE Musk y su cl\u00e1sico aroma a canela y \u00e1mbar est\u00e1s listo para lo que sea. Una aplicaci\u00f3n r\u00e1pida en toooodo el cuerpo te mantiene con un olorcito irresistible hasta 48 horas. Agit\u00e1, gir\u00e1 la parte de arriba para abrir la tapa de tu desodorante y roci\u00e1 el producto por todo el cuerpo. Sent\u00ed el poder de lo cl\u00e1sico. Spoiler alert: vas a oler incre\u00edblemente elegante. El mismo aroma del desodorante AXE Musk en el que siempre confiaste, ahora en lata renovada hecha de aluminio infinitamente reciclable. M\u00e1s fresco est\u00e1s vos, m\u00e1s limpio est\u00e1 el planeta. La f\u00f3rmula de los desodorantes en aerosol AXE tienen 0% sales de aluminio y no da\u00f1an la capa de ozono.<\/p>\n<h5>Modo de uso:<\/h5>\n<p>Peligro. No pulverizar cerca de llama, superficies calientes o cuerpos incandescentes. No fumar. No exponer al sol ni a temperaturas mayores a 50 \u00b0C. No aplicar cerca de los ojos. Proteger los ojos durante la aplicaci\u00f3n. No perforar ni incinerar incluso despu\u00e9s de usado. Prohibido su rellenado. Evitar inhalaci\u00f3n directa. Utilizar en ambientes bien ventilados. No aplicar sobre piel irritada o lastimada. Evitar el uso \u00edntimo. Discontinuar su uso si aparecen s\u00edntomas de irritaci\u00f3n, enrojecimiento o alguna molestia. Dejar fuera del alcance de los ni\u00f1os. Envase a presi\u00f3n: puede explotar si se calienta. Aplicar a no menos de 15 cm de la piel.<\/p>\n","protected":false},"excerpt":{"rendered":"<p>AXE Musk es un desodorante para hombre corporal que combina perfectamente lo cl\u00e1sico y lo elegante<\/p>\n","protected":false},"featured_media":18960,"comment_status":"open","ping_status":"closed","template":"","meta":[],"product_brand":[],"product_cat":[152],"product_tag":[],"class_list":{"0":"post-15607","1":"product","2":"type-product","3":"status-publish","4":"has-post-thumbnail","6":"product_cat-cuidado-personal","8":"first","9":"instock","10":"shipping-taxable","11":"purchasable","12":"product-type-simple"},"_links":{"self":[{"href":"https:\/\/farmaciadagostino.com.ar\/sitio\/wp-json\/wp\/v2\/product\/15607","targetHints":{"allow":["GET"]}}],"collection":[{"href":"https:\/\/farmaciadagostino.com.ar\/sitio\/wp-json\/wp\/v2\/product"}],"about":[{"href":"https:\/\/farmaciadagostino.com.ar\/sitio\/wp-json\/wp\/v2\/types\/product"}],"replies":[{"embeddable":true,"href":"https:\/\/farmaciadagostino.com.ar\/sitio\/wp-json\/wp\/v2\/comments?post=15607"}],"wp:featuredmedia":[{"embeddable":true,"href":"https:\/\/farmaciadagostino.com.ar\/sitio\/wp-json\/wp\/v2\/media\/18960"}],"wp:attachment":[{"href":"https:\/\/farmaciadagostino.com.ar\/sitio\/wp-json\/wp\/v2\/media?parent=15607"}],"wp:term":[{"taxonomy":"product_brand","embeddable":true,"href":"https:\/\/farmaciadagostino.com.ar\/sitio\/wp-json\/wp\/v2\/product_brand?post=15607"},{"taxonomy":"product_cat","embeddable":true,"href":"https:\/\/farmaciadagostino.com.ar\/sitio\/wp-json\/wp\/v2\/product_cat?post=15607"},{"taxonomy":"product_tag","embeddable":true,"href":"https:\/\/farmaciadagostino.com.ar\/sitio\/wp-json\/wp\/v2\/product_tag?post=15607"}],"curies":[{"name":"wp","href":"https:\/\/api.w.org\/{rel}","templated":true}]}}