{"id":15608,"date":"2024-07-01T23:07:46","date_gmt":"2024-07-02T02:07:46","guid":{"rendered":"https:\/\/farmaciadagostino.com.ar\/sitio\/producto\/desodorante-aerosol-axe-collision-bodyspray-150-ml\/"},"modified":"2026-03-09T10:18:27","modified_gmt":"2026-03-09T13:18:27","slug":"desodorante-aerosol-axe-collision-bodyspray-150-ml","status":"publish","type":"product","link":"https:\/\/farmaciadagostino.com.ar\/sitio\/producto\/desodorante-aerosol-axe-collision-bodyspray-150-ml\/","title":{"rendered":"Desodorante Aerosol Axe Collision Bodyspray 150 \u00a0ml"},"content":{"rendered":"<p>AXE Collision es un desodorante para hombre corporal con una fragancia multifac\u00e9tica. Sus sutiles notas de cuero generan una sensaci\u00f3n de limpieza y frescura que luego se relajan con el dulce aroma de galletitas de vainilla. Una combinaci\u00f3n tentadoramente irresistible para vos y para todos los que te rodean. Viv\u00ed la experiencia cuero y cookies. Sensaci\u00f3n de limpieza con un toque de dulzor que ahora dura muuuucho m\u00e1s tiempo con AXE Collision. Nuestra nueva y revolucionaria tecnolog\u00eda de doble acci\u00f3n combate las bacterias que causan el mal olor para que puedas oler incre\u00edble durante 48 horas. Experiment\u00e1 vos tambi\u00e9n el efecto AXE. Con los desodorantes AXE Collision y su aroma inesperado a cuero y cookies, no importa lo que se te presente: est\u00e1s listo. Una aplicaci\u00f3n r\u00e1pida en toooodo el cuerpo te mantiene con un olorcito tentador e irresistible durante 48 horas. Agit\u00e1, gir\u00e1 la parte de arriba para abrir la tapa y roci\u00e1 el producto por todo el cuerpo. Manten\u00e9 el envase del desodorante en aerosol a 15 cent\u00edmetros y evit\u00e1 las partes \u00edntimas. Sent\u00ed el poder del cuero y la vainilla e invit\u00e1 a vivir la experiencia a todo el mundo. Spoiler alert: vas a oler incre\u00edblemente tentador. El mismo aroma de AXE Collision en el que siempre confiaste, ahora en lata renovada hecha de aluminio infinitamente reciclable. M\u00e1s fresco est\u00e1s vos, m\u00e1s limpio est\u00e1 el planeta. En AXE nos propusimos que para 2025 todos nuestros envases sean reciclables o incluyan materiales reciclados. La f\u00f3rmula de los desodorantes en aerosol AXE tienen 0% sales de aluminio y no da\u00f1an la capa de ozono. Bienvenido al futuro&#8230; huele incre\u00edble.<\/p>\n<h5>Beneficios:<\/h5>\n<p>AXE Collision es un desodorante para hombre corporal con una fragancia multifac\u00e9tica; sutiles notas de cuero para una sensaci\u00f3n de limpieza y frescura y un dulce aroma a galletitas de vainilla. Gracias a su nueva y revolucionaria tecnolog\u00eda de doble acci\u00f3n el desodorante Axe Collision combate las bacterias que causan el mal olor para que puedas oler incre\u00edble hasta por 48 horas. Con su aroma inesperado a cuero y cookies, est\u00e1s listo para lo que sea. Una combinaci\u00f3n irresistible para vos y para los que te rodean. \u00a1Viv\u00ed la experiencia de los desodorantes Axe Collision! Agit\u00e1, gir\u00e1 la parte de arriba para abrir la tapa del desodorante y roci\u00e1 el producto por todo el cuerpo. Sent\u00ed el poder del cuero y la vainilla. Spoiler alert: vas a oler incre\u00edblemente tentador. El mismo aroma de los desodorantes AXE Collision en los que siempre confiaste, ahora en lata renovada hecha de aluminio infinitamente reciclable. M\u00e1s fresco est\u00e1s vos, m\u00e1s limpio est\u00e1 el planeta. La f\u00f3rmula de los desodorantes en aerosol AXE tienen 0% sales de aluminio y no da\u00f1an la capa de ozono.<\/p>\n<h5>Modo de uso:<\/h5>\n<p>No pulverizar cerca de llama. No exponer al sol ni a temperaturas mayores a 50 \u00b0C. Mantener el recipiente herm\u00e9ticamente cerrado en lugar ventilado, fresco y seco. Proteger los ojos durante la aplicaci\u00f3n. No perforar ni incinerar. Evitar inhalaci\u00f3n directa. No aplicar sobre piel irritada o lastimada. Discontinuar su uso si aparecen s\u00edntomas de irritaci\u00f3n, enrojecimiento o alguna molestia. Dejar fuera del alcance de los ni\u00f1os. Aplicar solamente en las axilas a no menos de 15 cm de la piel.<\/p>\n","protected":false},"excerpt":{"rendered":"<p>AXE Collision es un desodorante para hombre corporal con una fragancia multifac\u00e9tica<\/p>\n","protected":false},"featured_media":18962,"comment_status":"open","ping_status":"closed","template":"","meta":[],"product_brand":[],"product_cat":[152],"product_tag":[],"class_list":{"0":"post-15608","1":"product","2":"type-product","3":"status-publish","4":"has-post-thumbnail","6":"product_cat-cuidado-personal","8":"first","9":"instock","10":"shipping-taxable","11":"purchasable","12":"product-type-simple"},"_links":{"self":[{"href":"https:\/\/farmaciadagostino.com.ar\/sitio\/wp-json\/wp\/v2\/product\/15608","targetHints":{"allow":["GET"]}}],"collection":[{"href":"https:\/\/farmaciadagostino.com.ar\/sitio\/wp-json\/wp\/v2\/product"}],"about":[{"href":"https:\/\/farmaciadagostino.com.ar\/sitio\/wp-json\/wp\/v2\/types\/product"}],"replies":[{"embeddable":true,"href":"https:\/\/farmaciadagostino.com.ar\/sitio\/wp-json\/wp\/v2\/comments?post=15608"}],"wp:featuredmedia":[{"embeddable":true,"href":"https:\/\/farmaciadagostino.com.ar\/sitio\/wp-json\/wp\/v2\/media\/18962"}],"wp:attachment":[{"href":"https:\/\/farmaciadagostino.com.ar\/sitio\/wp-json\/wp\/v2\/media?parent=15608"}],"wp:term":[{"taxonomy":"product_brand","embeddable":true,"href":"https:\/\/farmaciadagostino.com.ar\/sitio\/wp-json\/wp\/v2\/product_brand?post=15608"},{"taxonomy":"product_cat","embeddable":true,"href":"https:\/\/farmaciadagostino.com.ar\/sitio\/wp-json\/wp\/v2\/product_cat?post=15608"},{"taxonomy":"product_tag","embeddable":true,"href":"https:\/\/farmaciadagostino.com.ar\/sitio\/wp-json\/wp\/v2\/product_tag?post=15608"}],"curies":[{"name":"wp","href":"https:\/\/api.w.org\/{rel}","templated":true}]}}