{"id":15612,"date":"2024-07-01T23:07:48","date_gmt":"2024-07-02T02:07:48","guid":{"rendered":"https:\/\/farmaciadagostino.com.ar\/sitio\/producto\/boos-intense-rainbow-desodorante-femenino-123-ml\/"},"modified":"2026-03-09T10:18:27","modified_gmt":"2026-03-09T13:18:27","slug":"boos-intense-rainbow-desodorante-femenino-123-ml","status":"publish","type":"product","link":"https:\/\/farmaciadagostino.com.ar\/sitio\/producto\/boos-intense-rainbow-desodorante-femenino-123-ml\/","title":{"rendered":"Boos Intense Rainbow Desodorante Femenino 123 ml"},"content":{"rendered":"<p>Posee una fragancia con una salida de naranja glaseada, naranja amarga y lim\u00f3n. Adem\u00e1s, tiene un coraz\u00f3n de rosa de grasse, neroli, rosa de damasco y flor de azahar del naranjo. Y un fondo de haba tonka, vainilla, cachemira, heliotropo y caramelo. <\/p>\n","protected":false},"excerpt":{"rendered":"<p>Posee una fragancia con una salida de naranja glaseada, naranja amarga y lim\u00f3n<\/p>\n","protected":false},"featured_media":19626,"comment_status":"open","ping_status":"closed","template":"","meta":[],"product_brand":[],"product_cat":[237],"product_tag":[],"class_list":{"0":"post-15612","1":"product","2":"type-product","3":"status-publish","4":"has-post-thumbnail","6":"product_cat-belleza","8":"first","9":"instock","10":"shipping-taxable","11":"purchasable","12":"product-type-simple"},"_links":{"self":[{"href":"https:\/\/farmaciadagostino.com.ar\/sitio\/wp-json\/wp\/v2\/product\/15612","targetHints":{"allow":["GET"]}}],"collection":[{"href":"https:\/\/farmaciadagostino.com.ar\/sitio\/wp-json\/wp\/v2\/product"}],"about":[{"href":"https:\/\/farmaciadagostino.com.ar\/sitio\/wp-json\/wp\/v2\/types\/product"}],"replies":[{"embeddable":true,"href":"https:\/\/farmaciadagostino.com.ar\/sitio\/wp-json\/wp\/v2\/comments?post=15612"}],"wp:featuredmedia":[{"embeddable":true,"href":"https:\/\/farmaciadagostino.com.ar\/sitio\/wp-json\/wp\/v2\/media\/19626"}],"wp:attachment":[{"href":"https:\/\/farmaciadagostino.com.ar\/sitio\/wp-json\/wp\/v2\/media?parent=15612"}],"wp:term":[{"taxonomy":"product_brand","embeddable":true,"href":"https:\/\/farmaciadagostino.com.ar\/sitio\/wp-json\/wp\/v2\/product_brand?post=15612"},{"taxonomy":"product_cat","embeddable":true,"href":"https:\/\/farmaciadagostino.com.ar\/sitio\/wp-json\/wp\/v2\/product_cat?post=15612"},{"taxonomy":"product_tag","embeddable":true,"href":"https:\/\/farmaciadagostino.com.ar\/sitio\/wp-json\/wp\/v2\/product_tag?post=15612"}],"curies":[{"name":"wp","href":"https:\/\/api.w.org\/{rel}","templated":true}]}}