{"id":15654,"date":"2024-07-01T23:08:01","date_gmt":"2024-07-02T02:08:01","guid":{"rendered":"https:\/\/farmaciadagostino.com.ar\/sitio\/producto\/nivea-antitranspirante-protect-care-spray-for-men-150-ml\/"},"modified":"2026-03-09T10:25:36","modified_gmt":"2026-03-09T13:25:36","slug":"nivea-antitranspirante-protect-care-spray-for-men-150-ml","status":"publish","type":"product","link":"https:\/\/farmaciadagostino.com.ar\/sitio\/producto\/nivea-antitranspirante-protect-care-spray-for-men-150-ml\/","title":{"rendered":"Nivea Antitranspirante Protect &amp; Care Spray For Men 150 ml"},"content":{"rendered":"<p>El Desodorante antitranspirante Nivea Men Protect &amp; Care en aerosol protege contra la transpiraci\u00f3n y el mal olor durante todo el d\u00eda, brindando un m\u00e1ximo cuidado para las axilas. Adem\u00e1s, es un antitranspirante que ofrece 48 horas de protecci\u00f3n y no irrita la piel. Es adecuado para todo tipo de pieles. <\/p>\n<h5>Beneficios:<\/h5>\n<p>&#8211; 48 horas de protecci\u00f3n. <\/p>\n<p>&#8211; Protege contra el mal olor. <\/p>\n<p>&#8211; Cuidado intenso y duradero. <\/p>\n<p>&#8211; Axilas suaves y protegidas. <\/p>\n<p>&#8211; Apto para todo tipo de piel. <\/p>\n<h5>Composici\u00f3n:<\/h5>\n<p>Butane, Isobutane, Propane, Cyclomethicone, Aluminum Chlorohydrate, Isopropyl Palmitate, Parfum, Glycerin, Panthenol, Octyldodecanol, Persea Gratissima Oil, Disteardimonium Hectorite, Dimethicone, Propylene Carbonate, Dimethiconol, Aqua, Limonene, Linalool, Coumarin. <\/p>\n<h5>Propiedades:<\/h5>\n<p>alcohol, sin conservantes, sin parabenos, sin sal. &lt;p<\/p>\n<h5>Modo de Uso:<\/p>\n<p>&#8211; Agitar bien el envase antes de usar. <\/p>\n<p>-Aplicar NIVEA MEN Protect &amp; Care Desodorante antitranspirante a 15 cm de distancia de las axilas de manera uniforme y pareja. <\/p>\n<p>-Dejar de secar antes de colocar la prenda de vestir. <\/p>\n<p>                            &lt;\/p<\/p>\n<h5>\n","protected":false},"excerpt":{"rendered":"<p>El Desodorante antitranspirante Nivea Men Protect &amp; Care en aerosol protege contra la transpiraci\u00f3n y el mal olor durante todo el d\u00eda, brindando un m\u00e1ximo cuidado para las axilas<\/p>\n","protected":false},"featured_media":8375,"comment_status":"open","ping_status":"closed","template":"","meta":[],"product_brand":[],"product_cat":[262,152],"product_tag":[],"class_list":{"0":"post-15654","1":"product","2":"type-product","3":"status-publish","4":"has-post-thumbnail","6":"product_cat-promo","7":"product_cat-cuidado-personal","9":"first","10":"instock","11":"sale","12":"shipping-taxable","13":"purchasable","14":"product-type-simple"},"_links":{"self":[{"href":"https:\/\/farmaciadagostino.com.ar\/sitio\/wp-json\/wp\/v2\/product\/15654","targetHints":{"allow":["GET"]}}],"collection":[{"href":"https:\/\/farmaciadagostino.com.ar\/sitio\/wp-json\/wp\/v2\/product"}],"about":[{"href":"https:\/\/farmaciadagostino.com.ar\/sitio\/wp-json\/wp\/v2\/types\/product"}],"replies":[{"embeddable":true,"href":"https:\/\/farmaciadagostino.com.ar\/sitio\/wp-json\/wp\/v2\/comments?post=15654"}],"wp:featuredmedia":[{"embeddable":true,"href":"https:\/\/farmaciadagostino.com.ar\/sitio\/wp-json\/wp\/v2\/media\/8375"}],"wp:attachment":[{"href":"https:\/\/farmaciadagostino.com.ar\/sitio\/wp-json\/wp\/v2\/media?parent=15654"}],"wp:term":[{"taxonomy":"product_brand","embeddable":true,"href":"https:\/\/farmaciadagostino.com.ar\/sitio\/wp-json\/wp\/v2\/product_brand?post=15654"},{"taxonomy":"product_cat","embeddable":true,"href":"https:\/\/farmaciadagostino.com.ar\/sitio\/wp-json\/wp\/v2\/product_cat?post=15654"},{"taxonomy":"product_tag","embeddable":true,"href":"https:\/\/farmaciadagostino.com.ar\/sitio\/wp-json\/wp\/v2\/product_tag?post=15654"}],"curies":[{"name":"wp","href":"https:\/\/api.w.org\/{rel}","templated":true}]}}