{"id":15693,"date":"2024-07-01T23:08:24","date_gmt":"2024-07-02T02:08:24","guid":{"rendered":"https:\/\/farmaciadagostino.com.ar\/sitio\/producto\/desodorante-nivea-pearl-beauty-sin-siliconas-en-aerosol-x-150-ml\/"},"modified":"2026-03-09T10:18:28","modified_gmt":"2026-03-09T13:18:28","slug":"desodorante-nivea-pearl-beauty-sin-siliconas-en-aerosol-x-150-ml","status":"publish","type":"product","link":"https:\/\/farmaciadagostino.com.ar\/sitio\/producto\/desodorante-nivea-pearl-beauty-sin-siliconas-en-aerosol-x-150-ml\/","title":{"rendered":"Desodorante Nivea Pearl &amp; Beauty Sin Siliconas en Aerosol x 150 ml"},"content":{"rendered":"<p>El Desodorante antitranspirante femenino Nivea Black Pearl en aerosol brinda una m\u00e1xima protecci\u00f3n durante 48 horas. Gracias a su innovadora f\u00f3rmula con Extracto de Perlas y Arcilla Natural, las axilas lucir\u00e1n suaves y con un tono parejo. Est\u00e1 probado en todo tipo de pieles, es ideal para pieles normales.<\/p>\n<h5>Beneficios:<\/h5>\n<p>&#8211; 48 horas de protecci\u00f3n.<\/p>\n<p>&#8211; Brinda un tono uniforme a la piel.<\/p>\n<p>&#8211; Con Extracto de Perlas y Aceite Natural: proporciona suavidad a las axilas. <\/p>\n<p>&#8211; Fragancia refrescante de larga duraci\u00f3n.<\/p>\n<p>&#8211; Apto para todo tipo de piel.<\/p>\n<h5>Composici\u00f3n:<\/h5>\n<p>Butane, Isobutane, Propane, Cyclomethicone, Aluminum Chlorohydrate, Isopropyl Palmitate, Parfum, Hydrolyzed Pearl, Talc, Persea Gratissima Oil, Octyldodecanol, Disteardimonium Hectorite, Dimethicone, Propylene Carbonate, Dimethiconol, Geraniol, Benzyl Alcohol.<\/p>\n<h5>Propiedades:<\/h5>\n<p>Sin alcohol, sin conservantes.<\/p>\n<p>-sin parabenos, sin sal.<\/p>\n<h5>Modo de uso:<\/h5>\n<p>-Agitar bien el envase antes de usar.<\/p>\n<p>&#8211; Aplicar NIVEA Black Pearl Desodorante femenino a 15 cm de distancia de las axilas de manera uniforme y pareja.<\/p>\n<p>-Dejar de secar antes de colocar la prenda de vestir.<\/p>\n","protected":false},"excerpt":{"rendered":"<p>El Desodorante antitranspirante femenino Nivea Black Pearl en aerosol brinda una m\u00e1xima protecci\u00f3n durante 48 horas<\/p>\n","protected":false},"featured_media":8385,"comment_status":"open","ping_status":"closed","template":"","meta":[],"product_brand":[],"product_cat":[152],"product_tag":[],"class_list":{"0":"post-15693","1":"product","2":"type-product","3":"status-publish","4":"has-post-thumbnail","6":"product_cat-cuidado-personal","8":"first","9":"instock","10":"shipping-taxable","11":"purchasable","12":"product-type-simple"},"_links":{"self":[{"href":"https:\/\/farmaciadagostino.com.ar\/sitio\/wp-json\/wp\/v2\/product\/15693","targetHints":{"allow":["GET"]}}],"collection":[{"href":"https:\/\/farmaciadagostino.com.ar\/sitio\/wp-json\/wp\/v2\/product"}],"about":[{"href":"https:\/\/farmaciadagostino.com.ar\/sitio\/wp-json\/wp\/v2\/types\/product"}],"replies":[{"embeddable":true,"href":"https:\/\/farmaciadagostino.com.ar\/sitio\/wp-json\/wp\/v2\/comments?post=15693"}],"wp:featuredmedia":[{"embeddable":true,"href":"https:\/\/farmaciadagostino.com.ar\/sitio\/wp-json\/wp\/v2\/media\/8385"}],"wp:attachment":[{"href":"https:\/\/farmaciadagostino.com.ar\/sitio\/wp-json\/wp\/v2\/media?parent=15693"}],"wp:term":[{"taxonomy":"product_brand","embeddable":true,"href":"https:\/\/farmaciadagostino.com.ar\/sitio\/wp-json\/wp\/v2\/product_brand?post=15693"},{"taxonomy":"product_cat","embeddable":true,"href":"https:\/\/farmaciadagostino.com.ar\/sitio\/wp-json\/wp\/v2\/product_cat?post=15693"},{"taxonomy":"product_tag","embeddable":true,"href":"https:\/\/farmaciadagostino.com.ar\/sitio\/wp-json\/wp\/v2\/product_tag?post=15693"}],"curies":[{"name":"wp","href":"https:\/\/api.w.org\/{rel}","templated":true}]}}