{"id":15694,"date":"2024-07-01T23:08:24","date_gmt":"2024-07-02T02:08:24","guid":{"rendered":"https:\/\/farmaciadagostino.com.ar\/sitio\/producto\/paula-cahen-danvers-aerosol-123-ml\/"},"modified":"2026-03-09T10:25:37","modified_gmt":"2026-03-09T13:25:37","slug":"paula-cahen-danvers-aerosol-123-ml","status":"publish","type":"product","link":"https:\/\/farmaciadagostino.com.ar\/sitio\/producto\/paula-cahen-danvers-aerosol-123-ml\/","title":{"rendered":"Paula Cahen D&#8217;anvers Aerosol 123 ml"},"content":{"rendered":"<p>Desodorante femenino, su fragancia cuenta con una sutil presencia de durazno y bergamota, toques de orqu\u00eddea, tuberosa, s\u00e1ndalo, vainilla y \u00e1mbar.<\/p>\n","protected":false},"excerpt":{"rendered":"<p>Desodorante femenino, su fragancia cuenta con una sutil presencia de durazno y bergamota, toques de orqu\u00eddea, tuberosa, s\u00e1ndalo, vainilla y \u00e1mbar<\/p>\n","protected":false},"featured_media":10889,"comment_status":"open","ping_status":"closed","template":"","meta":[],"product_brand":[],"product_cat":[237],"product_tag":[],"class_list":{"0":"post-15694","1":"product","2":"type-product","3":"status-publish","4":"has-post-thumbnail","6":"product_cat-belleza","8":"first","9":"instock","10":"shipping-taxable","11":"purchasable","12":"product-type-simple"},"_links":{"self":[{"href":"https:\/\/farmaciadagostino.com.ar\/sitio\/wp-json\/wp\/v2\/product\/15694","targetHints":{"allow":["GET"]}}],"collection":[{"href":"https:\/\/farmaciadagostino.com.ar\/sitio\/wp-json\/wp\/v2\/product"}],"about":[{"href":"https:\/\/farmaciadagostino.com.ar\/sitio\/wp-json\/wp\/v2\/types\/product"}],"replies":[{"embeddable":true,"href":"https:\/\/farmaciadagostino.com.ar\/sitio\/wp-json\/wp\/v2\/comments?post=15694"}],"wp:featuredmedia":[{"embeddable":true,"href":"https:\/\/farmaciadagostino.com.ar\/sitio\/wp-json\/wp\/v2\/media\/10889"}],"wp:attachment":[{"href":"https:\/\/farmaciadagostino.com.ar\/sitio\/wp-json\/wp\/v2\/media?parent=15694"}],"wp:term":[{"taxonomy":"product_brand","embeddable":true,"href":"https:\/\/farmaciadagostino.com.ar\/sitio\/wp-json\/wp\/v2\/product_brand?post=15694"},{"taxonomy":"product_cat","embeddable":true,"href":"https:\/\/farmaciadagostino.com.ar\/sitio\/wp-json\/wp\/v2\/product_cat?post=15694"},{"taxonomy":"product_tag","embeddable":true,"href":"https:\/\/farmaciadagostino.com.ar\/sitio\/wp-json\/wp\/v2\/product_tag?post=15694"}],"curies":[{"name":"wp","href":"https:\/\/api.w.org\/{rel}","templated":true}]}}