{"id":15722,"date":"2024-07-01T23:08:39","date_gmt":"2024-07-02T02:08:39","guid":{"rendered":"https:\/\/farmaciadagostino.com.ar\/sitio\/producto\/dove-desodorante-rollon-go-fresh-verbena-50-ml\/"},"modified":"2026-03-09T10:18:28","modified_gmt":"2026-03-09T13:18:28","slug":"dove-desodorante-rollon-go-fresh-verbena-50-ml","status":"publish","type":"product","link":"https:\/\/farmaciadagostino.com.ar\/sitio\/producto\/dove-desodorante-rollon-go-fresh-verbena-50-ml\/","title":{"rendered":"Dove Desodorante Rollon Go Fresh Verbena 50 ml"},"content":{"rendered":"<p>Sent\u00ed la proteccion antitranspirante por 48 horas con el delicioso y refrescante aroma de la granada y verbena<br \/>\nInstrucciones de uso:<br \/>\nPara una mejor protecci\u00f3n durante todo el d\u00eda: despu\u00e9s de la ducha, aseg\u00farate que tus axilas est\u00e9n completamente secas. Luego agita el envase para mezclar homog\u00e9neamente los ingredientes protectores y nutritivos. Finalmente, levanta tu brazo y aplic\u00e1 el producto en tu axila. El envase se debe sostener a 15cm de las axilas durante dos segundos aproximadamente y listo.<\/p>\n","protected":false},"excerpt":{"rendered":"<p>Sent\u00ed la proteccion antitranspirante por 48 horas con el delicioso y refrescante aroma de la granada y verbena<br \/>\nInstrucciones de uso:<br \/>\nPara una mejor protecci\u00f3n durante todo el d\u00eda: despu\u00e9s de la ducha, aseg\u00farate que tus axilas est\u00e9n completamente secas<\/p>\n","protected":false},"featured_media":6957,"comment_status":"open","ping_status":"closed","template":"","meta":[],"product_brand":[],"product_cat":[152],"product_tag":[],"class_list":{"0":"post-15722","1":"product","2":"type-product","3":"status-publish","4":"has-post-thumbnail","6":"product_cat-cuidado-personal","8":"first","9":"instock","10":"shipping-taxable","11":"purchasable","12":"product-type-simple"},"_links":{"self":[{"href":"https:\/\/farmaciadagostino.com.ar\/sitio\/wp-json\/wp\/v2\/product\/15722","targetHints":{"allow":["GET"]}}],"collection":[{"href":"https:\/\/farmaciadagostino.com.ar\/sitio\/wp-json\/wp\/v2\/product"}],"about":[{"href":"https:\/\/farmaciadagostino.com.ar\/sitio\/wp-json\/wp\/v2\/types\/product"}],"replies":[{"embeddable":true,"href":"https:\/\/farmaciadagostino.com.ar\/sitio\/wp-json\/wp\/v2\/comments?post=15722"}],"wp:featuredmedia":[{"embeddable":true,"href":"https:\/\/farmaciadagostino.com.ar\/sitio\/wp-json\/wp\/v2\/media\/6957"}],"wp:attachment":[{"href":"https:\/\/farmaciadagostino.com.ar\/sitio\/wp-json\/wp\/v2\/media?parent=15722"}],"wp:term":[{"taxonomy":"product_brand","embeddable":true,"href":"https:\/\/farmaciadagostino.com.ar\/sitio\/wp-json\/wp\/v2\/product_brand?post=15722"},{"taxonomy":"product_cat","embeddable":true,"href":"https:\/\/farmaciadagostino.com.ar\/sitio\/wp-json\/wp\/v2\/product_cat?post=15722"},{"taxonomy":"product_tag","embeddable":true,"href":"https:\/\/farmaciadagostino.com.ar\/sitio\/wp-json\/wp\/v2\/product_tag?post=15722"}],"curies":[{"name":"wp","href":"https:\/\/api.w.org\/{rel}","templated":true}]}}