{"id":15724,"date":"2024-07-01T23:08:40","date_gmt":"2024-07-02T02:08:40","guid":{"rendered":"https:\/\/farmaciadagostino.com.ar\/sitio\/producto\/nivea-desodorante-antitranspirante-femenino-dry-comfort-roll-on-50-ml\/"},"modified":"2026-03-09T10:25:37","modified_gmt":"2026-03-09T13:25:37","slug":"nivea-desodorante-antitranspirante-femenino-dry-comfort-roll-on-50-ml","status":"publish","type":"product","link":"https:\/\/farmaciadagostino.com.ar\/sitio\/producto\/nivea-desodorante-antitranspirante-femenino-dry-comfort-roll-on-50-ml\/","title":{"rendered":"Nivea Desodorante Antitranspirante Femenino Dry Comfort Roll On 50 ml"},"content":{"rendered":"<h5>Descripcion<\/h5>\n<p>El Desodorante antitranspirante Unisex NIVEA Dry Comfort Roll On ofrece 72 horas de protecci\u00f3n. Adem\u00e1s, proporciona efecto seco y suavidad durante todo el d\u00eda. Su f\u00f3rmula balanceada no contiene alcohol ni conservantes y es la \u00f3ptima combinaci\u00f3n del efectivo cuidado que solo NIVEA sabe dar. Es adecuado para todo tipo de pieles, especialmente para pieles normales.<\/p>\n<h5>Beneficios:<\/h5>\n<p>&#8211; 72 horas de protecci\u00f3n. &#8211; Efecto seco: sensaci\u00f3n duradera de piel seca. &#8211; Cuidado intensivo.- Axilas suaves y protegidas. &#8211; Apto para todo tipo de piel.<\/p>\n<h5>Composici\u00f3n:<\/h5>\n<p>Aqua, Aluminum Chlorohydrate, PPG-15 Stearyl Ether, Steareth-2, Steareth-21, Parfum, Aluminum Sesquichlorohydrate, Magnesium Aluminum Silicate, Persea Gratissima Oil, Trisodium EDTA, Limonene, Linalool, Alpha-Isomethyl Ionone, Benzyl Alcohol, Geraniol, Citronellol, Benzyl Salicylate, Hexyl Cinnamal, Butylphenyl Methylpropional, Citral, Benzyl Benzoate.<\/p>\n<h5>Propiedades:<\/h5>\n<h5>\n<p>Sin alcohol, sin conservantes, sin parabenos, sin sal.<\/p>\n<\/h5>\n<h5>Modo de uso:<\/h5>\n<p>1) Aplicar NIVEA Dry Comfort Roll On Desodorante de manera suave y pareja. 2) Dejar secar antes de colocar la prenda de vestir.<\/p>\n","protected":false},"excerpt":{"rendered":"<p>DescripcionEl Desodorante antitranspirante Unisex NIVEA Dry Comfort Roll On ofrece 72 horas de protecci\u00f3n<\/p>\n","protected":false},"featured_media":8077,"comment_status":"open","ping_status":"closed","template":"","meta":[],"product_brand":[],"product_cat":[152],"product_tag":[],"class_list":{"0":"post-15724","1":"product","2":"type-product","3":"status-publish","4":"has-post-thumbnail","6":"product_cat-cuidado-personal","8":"first","9":"instock","10":"shipping-taxable","11":"purchasable","12":"product-type-simple"},"_links":{"self":[{"href":"https:\/\/farmaciadagostino.com.ar\/sitio\/wp-json\/wp\/v2\/product\/15724","targetHints":{"allow":["GET"]}}],"collection":[{"href":"https:\/\/farmaciadagostino.com.ar\/sitio\/wp-json\/wp\/v2\/product"}],"about":[{"href":"https:\/\/farmaciadagostino.com.ar\/sitio\/wp-json\/wp\/v2\/types\/product"}],"replies":[{"embeddable":true,"href":"https:\/\/farmaciadagostino.com.ar\/sitio\/wp-json\/wp\/v2\/comments?post=15724"}],"wp:featuredmedia":[{"embeddable":true,"href":"https:\/\/farmaciadagostino.com.ar\/sitio\/wp-json\/wp\/v2\/media\/8077"}],"wp:attachment":[{"href":"https:\/\/farmaciadagostino.com.ar\/sitio\/wp-json\/wp\/v2\/media?parent=15724"}],"wp:term":[{"taxonomy":"product_brand","embeddable":true,"href":"https:\/\/farmaciadagostino.com.ar\/sitio\/wp-json\/wp\/v2\/product_brand?post=15724"},{"taxonomy":"product_cat","embeddable":true,"href":"https:\/\/farmaciadagostino.com.ar\/sitio\/wp-json\/wp\/v2\/product_cat?post=15724"},{"taxonomy":"product_tag","embeddable":true,"href":"https:\/\/farmaciadagostino.com.ar\/sitio\/wp-json\/wp\/v2\/product_tag?post=15724"}],"curies":[{"name":"wp","href":"https:\/\/api.w.org\/{rel}","templated":true}]}}