{"id":15725,"date":"2024-07-01T23:08:40","date_gmt":"2024-07-02T02:08:40","guid":{"rendered":"https:\/\/farmaciadagostino.com.ar\/sitio\/producto\/nivea-desodorante-antitranspirante-femenino-pearl-beauty-roll-on-50-ml\/"},"modified":"2026-03-09T10:10:21","modified_gmt":"2026-03-09T13:10:21","slug":"nivea-desodorante-antitranspirante-femenino-pearl-beauty-roll-on-50-ml","status":"publish","type":"product","link":"https:\/\/farmaciadagostino.com.ar\/sitio\/producto\/nivea-desodorante-antitranspirante-femenino-pearl-beauty-roll-on-50-ml\/","title":{"rendered":"Nivea Desodorante Antitranspirante Femenino pearl &amp; Beauty Roll On 50 ml"},"content":{"rendered":"<p>El Desodorante antitranspirante femenino Nivea Pearl &amp; Beauty Roll On brinda una m\u00e1xima protecci\u00f3n durante 48 horas. Gracias a su innovadora f\u00f3rmula con Extracto de Perlas y Arcilla Natural, las axilas lucir\u00e1n suaves y con un tono parejo. Est\u00e1 probado en todo tipo de pieles, es ideal para pieles normales.<\/p>\n<h5>Beneficios:<\/h5>\n<p>&#8211; 48 horas de protecci\u00f3n.<\/p>\n<p>&#8211; Brinda un tono uniforme a la piel.<\/p>\n<p>&#8211; Con Extracto de Perlas que proporciona suavidad a las axilas.<\/p>\n<p>&#8211; Fragancia refrescante.<\/p>\n<p>&#8211; Apto para todo tipo de piel.<\/p>\n<h5>Composici\u00f3n:<\/h5>\n<p>Aqua, Steareth-2, Steareth-21, Parfum, Hydrolyzed Pearl, Persea Gratissima Oil, Trisodium EDTA, Geraniol, Benzyl Alcohol.<\/p>\n<h5>Propiedades:<\/h5>\n<p>Sin alcohol, sin conservantes, sin parabenos, sin sal.<\/p>\n<h5>Modo de Uso:<\/h5>\n<p>-Aplicar NIVEA Pearl &amp; Beauty Roll On Desodorante femenino de manera suave y pareja.<\/p>\n<p>-Dejar secar antes de colocar la prenda de vestir.<\/p>\n","protected":false},"excerpt":{"rendered":"<p>El Desodorante antitranspirante femenino Nivea Pearl &amp; Beauty Roll On brinda una m\u00e1xima protecci\u00f3n durante 48 horas<\/p>\n","protected":false},"featured_media":8081,"comment_status":"open","ping_status":"closed","template":"","meta":[],"product_brand":[],"product_cat":[152],"product_tag":[],"class_list":{"0":"post-15725","1":"product","2":"type-product","3":"status-publish","4":"has-post-thumbnail","6":"product_cat-cuidado-personal","8":"first","9":"instock","10":"shipping-taxable","11":"purchasable","12":"product-type-simple"},"_links":{"self":[{"href":"https:\/\/farmaciadagostino.com.ar\/sitio\/wp-json\/wp\/v2\/product\/15725","targetHints":{"allow":["GET"]}}],"collection":[{"href":"https:\/\/farmaciadagostino.com.ar\/sitio\/wp-json\/wp\/v2\/product"}],"about":[{"href":"https:\/\/farmaciadagostino.com.ar\/sitio\/wp-json\/wp\/v2\/types\/product"}],"replies":[{"embeddable":true,"href":"https:\/\/farmaciadagostino.com.ar\/sitio\/wp-json\/wp\/v2\/comments?post=15725"}],"wp:featuredmedia":[{"embeddable":true,"href":"https:\/\/farmaciadagostino.com.ar\/sitio\/wp-json\/wp\/v2\/media\/8081"}],"wp:attachment":[{"href":"https:\/\/farmaciadagostino.com.ar\/sitio\/wp-json\/wp\/v2\/media?parent=15725"}],"wp:term":[{"taxonomy":"product_brand","embeddable":true,"href":"https:\/\/farmaciadagostino.com.ar\/sitio\/wp-json\/wp\/v2\/product_brand?post=15725"},{"taxonomy":"product_cat","embeddable":true,"href":"https:\/\/farmaciadagostino.com.ar\/sitio\/wp-json\/wp\/v2\/product_cat?post=15725"},{"taxonomy":"product_tag","embeddable":true,"href":"https:\/\/farmaciadagostino.com.ar\/sitio\/wp-json\/wp\/v2\/product_tag?post=15725"}],"curies":[{"name":"wp","href":"https:\/\/api.w.org\/{rel}","templated":true}]}}