{"id":15726,"date":"2024-07-01T23:08:41","date_gmt":"2024-07-02T02:08:41","guid":{"rendered":"https:\/\/farmaciadagostino.com.ar\/sitio\/producto\/rexona-desodorante-roll-on-active-emotion-50-ml\/"},"modified":"2026-03-09T10:18:28","modified_gmt":"2026-03-09T13:18:28","slug":"rexona-desodorante-roll-on-active-emotion-50-ml","status":"publish","type":"product","link":"https:\/\/farmaciadagostino.com.ar\/sitio\/producto\/rexona-desodorante-roll-on-active-emotion-50-ml\/","title":{"rendered":"Rexona Desodorante Roll On Active Emotion 50 ml"},"content":{"rendered":"<p>Desodorante Antitranspirante Rexona Women Active Emotion roll-on frescura en cada movimiento. La tecnolog\u00eda MotionSense\u2122 de Rexona, contiene micro c\u00e1psulas que se rompen con la fricci\u00f3n a medida que te mov\u00e9s, liberando protecci\u00f3n inmediata contra el mal olor y frescura. Desodorante para mantenerte seca, incluso en situaciones en las que las emociones te hacen transpirar m\u00e1s. Con el Antitranspirante Active Emotion hasta 48hs de protecci\u00f3n contra la transpiraci\u00f3n. <\/p>\n<h5>Beneficios:<\/h5>\n<p> 0% alcohol et\u00edlico para cuidar la piel de tus axilas. La fragancia se describe a trav\u00e9s de notas orientales, florales y frutales. Te brinda protecci\u00f3n durante todo el d\u00eda. <\/p>\n","protected":false},"excerpt":{"rendered":"<p>Desodorante Antitranspirante Rexona Women Active Emotion roll-on frescura en cada movimiento<\/p>\n","protected":false},"featured_media":6965,"comment_status":"open","ping_status":"closed","template":"","meta":[],"product_brand":[],"product_cat":[152],"product_tag":[],"class_list":{"0":"post-15726","1":"product","2":"type-product","3":"status-publish","4":"has-post-thumbnail","6":"product_cat-cuidado-personal","8":"first","9":"instock","10":"shipping-taxable","11":"purchasable","12":"product-type-simple"},"_links":{"self":[{"href":"https:\/\/farmaciadagostino.com.ar\/sitio\/wp-json\/wp\/v2\/product\/15726","targetHints":{"allow":["GET"]}}],"collection":[{"href":"https:\/\/farmaciadagostino.com.ar\/sitio\/wp-json\/wp\/v2\/product"}],"about":[{"href":"https:\/\/farmaciadagostino.com.ar\/sitio\/wp-json\/wp\/v2\/types\/product"}],"replies":[{"embeddable":true,"href":"https:\/\/farmaciadagostino.com.ar\/sitio\/wp-json\/wp\/v2\/comments?post=15726"}],"wp:featuredmedia":[{"embeddable":true,"href":"https:\/\/farmaciadagostino.com.ar\/sitio\/wp-json\/wp\/v2\/media\/6965"}],"wp:attachment":[{"href":"https:\/\/farmaciadagostino.com.ar\/sitio\/wp-json\/wp\/v2\/media?parent=15726"}],"wp:term":[{"taxonomy":"product_brand","embeddable":true,"href":"https:\/\/farmaciadagostino.com.ar\/sitio\/wp-json\/wp\/v2\/product_brand?post=15726"},{"taxonomy":"product_cat","embeddable":true,"href":"https:\/\/farmaciadagostino.com.ar\/sitio\/wp-json\/wp\/v2\/product_cat?post=15726"},{"taxonomy":"product_tag","embeddable":true,"href":"https:\/\/farmaciadagostino.com.ar\/sitio\/wp-json\/wp\/v2\/product_tag?post=15726"}],"curies":[{"name":"wp","href":"https:\/\/api.w.org\/{rel}","templated":true}]}}