{"id":15731,"date":"2024-07-01T23:08:43","date_gmt":"2024-07-02T02:08:43","guid":{"rendered":"https:\/\/farmaciadagostino.com.ar\/sitio\/producto\/cepillo-alisador-bellissima-magic-straight-wet-dry-brush-pb10-100\/"},"modified":"2026-03-09T10:25:37","modified_gmt":"2026-03-09T13:25:37","slug":"cepillo-alisador-bellissima-magic-straight-wet-dry-brush-pb10-100","status":"publish","type":"product","link":"https:\/\/farmaciadagostino.com.ar\/sitio\/producto\/cepillo-alisador-bellissima-magic-straight-wet-dry-brush-pb10-100\/","title":{"rendered":"Cepillo Alisador Bellissima Magic Straight Wet &#038; Dry Brush Pb10 100"},"content":{"rendered":"<p>El cepillo t\u00e9rmico alisador Bellisima Straight Wet &amp; Dry Brush contiene un HEAT &amp; AIR SYSTEM que combina cerdas t\u00e9rmicas con un soplo de aire para alisar el cabello cuando a\u00fan est\u00e1 h\u00famedo, optimizando los tiempos de secado y peinado. En un \u00fanico gesto, cabello lacio, ligero, luminoso y libre del exceso de humedad. Su revestimiento en cer\u00e1mica y cristales de turmalina favorece la protecci\u00f3n contra el calor y proporciona luminosidad al cabello. Recomendado para quienes tengan el cabello lacio u ondulado y sensible a la humedad.<\/p>\n<h5>Modo de Uso:<\/h5>\n<p>1. Desenreda y seca incluso el cabello h\u00famedo.<\/p>\n<p>2. Utiliz\u00e1 la posici\u00f3n Wet&amp;Dry para eliminar la humedad del cabello.<\/p>\n<p>3. Utiliz\u00e1 la posici\u00f3n Styling para alisar el cabello.<\/p>\n<p>4. Utiliz\u00e1 la posici\u00f3n Finishing para poner el cabello a\u00fan m\u00e1s luminoso.<\/p>\n<p>5. Para un efecto suave y ligero, cepill\u00e1 comenzando desde la ra\u00edz hasta llegar a las puntas, como con tu cepillo.<\/p>\n<p>6.Para un lacio m\u00e1s definido, divid\u00ed el cabello en secciones y pein\u00e1 cada mech\u00f3n con las cerdas dirigidas hacia el exterior. Mientras m\u00e1s lenta sea la pasada, l\u00e1s definido ser\u00e1 el resultado.<\/p>\n","protected":false},"excerpt":{"rendered":"<p>El cepillo t\u00e9rmico alisador Bellisima Straight Wet &amp; Dry Brush contiene un HEAT &amp; AIR SYSTEM que combina cerdas t\u00e9rmicas con un soplo de aire para alisar el cabello cuando a\u00fan est\u00e1 h\u00famedo, optimizando los tiempos de secado y peinado<\/p>\n","protected":false},"featured_media":13680,"comment_status":"open","ping_status":"closed","template":"","meta":[],"product_brand":[],"product_cat":[237,182],"product_tag":[],"class_list":{"0":"post-15731","1":"product","2":"type-product","3":"status-publish","4":"has-post-thumbnail","6":"product_cat-belleza","7":"product_cat-electro","9":"first","10":"instock","11":"shipping-taxable","12":"purchasable","13":"product-type-simple"},"_links":{"self":[{"href":"https:\/\/farmaciadagostino.com.ar\/sitio\/wp-json\/wp\/v2\/product\/15731","targetHints":{"allow":["GET"]}}],"collection":[{"href":"https:\/\/farmaciadagostino.com.ar\/sitio\/wp-json\/wp\/v2\/product"}],"about":[{"href":"https:\/\/farmaciadagostino.com.ar\/sitio\/wp-json\/wp\/v2\/types\/product"}],"replies":[{"embeddable":true,"href":"https:\/\/farmaciadagostino.com.ar\/sitio\/wp-json\/wp\/v2\/comments?post=15731"}],"wp:featuredmedia":[{"embeddable":true,"href":"https:\/\/farmaciadagostino.com.ar\/sitio\/wp-json\/wp\/v2\/media\/13680"}],"wp:attachment":[{"href":"https:\/\/farmaciadagostino.com.ar\/sitio\/wp-json\/wp\/v2\/media?parent=15731"}],"wp:term":[{"taxonomy":"product_brand","embeddable":true,"href":"https:\/\/farmaciadagostino.com.ar\/sitio\/wp-json\/wp\/v2\/product_brand?post=15731"},{"taxonomy":"product_cat","embeddable":true,"href":"https:\/\/farmaciadagostino.com.ar\/sitio\/wp-json\/wp\/v2\/product_cat?post=15731"},{"taxonomy":"product_tag","embeddable":true,"href":"https:\/\/farmaciadagostino.com.ar\/sitio\/wp-json\/wp\/v2\/product_tag?post=15731"}],"curies":[{"name":"wp","href":"https:\/\/api.w.org\/{rel}","templated":true}]}}