{"id":15735,"date":"2024-07-01T23:08:46","date_gmt":"2024-07-02T02:08:46","guid":{"rendered":"https:\/\/farmaciadagostino.com.ar\/sitio\/producto\/colgate-enjuague-bucal-plax-ice\/"},"modified":"2026-03-09T10:25:37","modified_gmt":"2026-03-09T13:25:37","slug":"colgate-enjuague-bucal-plax-ice","status":"publish","type":"product","link":"https:\/\/farmaciadagostino.com.ar\/sitio\/producto\/colgate-enjuague-bucal-plax-ice\/","title":{"rendered":"Colgate Enjuague Bucal Plax Ice"},"content":{"rendered":"<p> El enjuague bucal Colgate\u00ae Plax Ice es el aliado perfecto para mantener la buena salud bucal y elimina hasta el 99,9%<br \/>\nde las bacterias*.<br \/>\n<br \/>Colgate\u00ae Plax Ice es ideal para despu\u00e9s del cepillado. Proteg\u00e9 tu boca del mal aliento y mejor\u00e1 la limpieza con CPC, ingrediente comprobado contra bacterias*.<br \/>\n<br \/>Disfrut\u00e1 una buena limpieza dental con el enjuague bucal sin alcohol**, que dejar\u00e1 tu aliento fresco.<br \/>\n<br \/>Freshficacia, frescura intensa y eficacia comprobada contra bacterias.<\/p>\n<p>\n*Ayuda a reducir hasta el 99,9% del total de las bacterias anaerobias cultivables. Producto cosm\u00e9tico sin acci\u00f3n terap\u00e9utica.<br \/>\n**Esta f\u00f3rmula no contiene etanol.<\/p>\n","protected":false},"excerpt":{"rendered":"<p> El enjuague bucal Colgate\u00ae Plax Ice es el aliado perfecto para mantener la buena salud bucal y elimina hasta el 99,9%<br \/>\nde las bacterias*<\/p>\n","protected":false},"featured_media":9226,"comment_status":"open","ping_status":"closed","template":"","meta":[],"product_brand":[],"product_cat":[152],"product_tag":[],"class_list":{"0":"post-15735","1":"product","2":"type-product","3":"status-publish","4":"has-post-thumbnail","6":"product_cat-cuidado-personal","8":"first","9":"instock","10":"shipping-taxable","11":"purchasable","12":"product-type-simple"},"_links":{"self":[{"href":"https:\/\/farmaciadagostino.com.ar\/sitio\/wp-json\/wp\/v2\/product\/15735","targetHints":{"allow":["GET"]}}],"collection":[{"href":"https:\/\/farmaciadagostino.com.ar\/sitio\/wp-json\/wp\/v2\/product"}],"about":[{"href":"https:\/\/farmaciadagostino.com.ar\/sitio\/wp-json\/wp\/v2\/types\/product"}],"replies":[{"embeddable":true,"href":"https:\/\/farmaciadagostino.com.ar\/sitio\/wp-json\/wp\/v2\/comments?post=15735"}],"wp:featuredmedia":[{"embeddable":true,"href":"https:\/\/farmaciadagostino.com.ar\/sitio\/wp-json\/wp\/v2\/media\/9226"}],"wp:attachment":[{"href":"https:\/\/farmaciadagostino.com.ar\/sitio\/wp-json\/wp\/v2\/media?parent=15735"}],"wp:term":[{"taxonomy":"product_brand","embeddable":true,"href":"https:\/\/farmaciadagostino.com.ar\/sitio\/wp-json\/wp\/v2\/product_brand?post=15735"},{"taxonomy":"product_cat","embeddable":true,"href":"https:\/\/farmaciadagostino.com.ar\/sitio\/wp-json\/wp\/v2\/product_cat?post=15735"},{"taxonomy":"product_tag","embeddable":true,"href":"https:\/\/farmaciadagostino.com.ar\/sitio\/wp-json\/wp\/v2\/product_tag?post=15735"}],"curies":[{"name":"wp","href":"https:\/\/api.w.org\/{rel}","templated":true}]}}