{"id":15736,"date":"2024-07-01T23:08:46","date_gmt":"2024-07-02T02:08:46","guid":{"rendered":"https:\/\/farmaciadagostino.com.ar\/sitio\/producto\/colgate-enjuague-bucal-pro-alivio-250-ml\/"},"modified":"2026-03-09T10:10:22","modified_gmt":"2026-03-09T13:10:22","slug":"colgate-enjuague-bucal-pro-alivio-250-ml","status":"publish","type":"product","link":"https:\/\/farmaciadagostino.com.ar\/sitio\/producto\/colgate-enjuague-bucal-pro-alivio-250-ml\/","title":{"rendered":"Colgate Enjuague Bucal Pro Alivio 250 ml"},"content":{"rendered":"<h5>Descripci\u00f3n<\/h5>\n<p>Para alivio instant\u00e1neo y duradero de la sensibilidad.<\/p>\n<\/p>\n<h5>Beneficios:<\/h5>\n<p>&#8211; \u00danico enjuague bucal con tecnolog\u00eda Pro-Argin: un nuevo avance en el alivio de la hipersensibilidad dental, basado en un proceso natural de oclusi\u00f3n del t\u00fabulo, lo que ayuda a bloquear el impulso doloroso proporcionando alivio instant\u00e1neo y duradero.<\/p>\n<p>&#8211; Cl\u00ednicamente comprobado.<\/p>\n<p>&#8211; Repara \u00e1reas sensibles.<\/p>\n<p>&#8211; Aliento incre\u00edble.<\/p>\n<p>&#8211; Cero alcohol.<\/p>\n<h5>Modo de uso:<\/h5>\n<p>Llene la tapa dosificadora hasta la l\u00ednes continua (20ml). Enjuague la boca durante 30 segundos y despu\u00e9s elimine el producto de la boca. Use despu\u00e9s de cepillar sus dientes, al menos dos veces al d\u00eda. Se recomienda utilizar la l\u00ednea de productos con crema y cepillo dental Colgate Sensitive Pro-Alivio para mejores resultados.<\/p>\n<h5>Precauciones:<\/h5>\n<p> No tragar. Mantener fuera del alcance de los ni\u00f1os. No usar en ni\u00f1os menores de 6 a\u00f1os. Si observa alguna reacci\u00f3n desfavorable, suspenda su uso.<\/p>\n","protected":false},"excerpt":{"rendered":"<p>Descripci\u00f3nPara alivio instant\u00e1neo y duradero de la sensibilidad<\/p>\n","protected":false},"featured_media":13389,"comment_status":"open","ping_status":"closed","template":"","meta":[],"product_brand":[],"product_cat":[262,152,264],"product_tag":[],"class_list":{"0":"post-15736","1":"product","2":"type-product","3":"status-publish","4":"has-post-thumbnail","6":"product_cat-promo","7":"product_cat-cuidado-personal","8":"product_cat-ofertas","10":"first","11":"instock","12":"sale","13":"shipping-taxable","14":"purchasable","15":"product-type-simple"},"_links":{"self":[{"href":"https:\/\/farmaciadagostino.com.ar\/sitio\/wp-json\/wp\/v2\/product\/15736","targetHints":{"allow":["GET"]}}],"collection":[{"href":"https:\/\/farmaciadagostino.com.ar\/sitio\/wp-json\/wp\/v2\/product"}],"about":[{"href":"https:\/\/farmaciadagostino.com.ar\/sitio\/wp-json\/wp\/v2\/types\/product"}],"replies":[{"embeddable":true,"href":"https:\/\/farmaciadagostino.com.ar\/sitio\/wp-json\/wp\/v2\/comments?post=15736"}],"wp:featuredmedia":[{"embeddable":true,"href":"https:\/\/farmaciadagostino.com.ar\/sitio\/wp-json\/wp\/v2\/media\/13389"}],"wp:attachment":[{"href":"https:\/\/farmaciadagostino.com.ar\/sitio\/wp-json\/wp\/v2\/media?parent=15736"}],"wp:term":[{"taxonomy":"product_brand","embeddable":true,"href":"https:\/\/farmaciadagostino.com.ar\/sitio\/wp-json\/wp\/v2\/product_brand?post=15736"},{"taxonomy":"product_cat","embeddable":true,"href":"https:\/\/farmaciadagostino.com.ar\/sitio\/wp-json\/wp\/v2\/product_cat?post=15736"},{"taxonomy":"product_tag","embeddable":true,"href":"https:\/\/farmaciadagostino.com.ar\/sitio\/wp-json\/wp\/v2\/product_tag?post=15736"}],"curies":[{"name":"wp","href":"https:\/\/api.w.org\/{rel}","templated":true}]}}