{"id":15738,"date":"2024-07-01T23:08:47","date_gmt":"2024-07-02T02:08:47","guid":{"rendered":"https:\/\/farmaciadagostino.com.ar\/sitio\/producto\/colgate-enjuague-bucal-total-12-carbon-activado-250-ml\/"},"modified":"2026-03-09T10:25:37","modified_gmt":"2026-03-09T13:25:37","slug":"colgate-enjuague-bucal-total-12-carbon-activado-250-ml","status":"publish","type":"product","link":"https:\/\/farmaciadagostino.com.ar\/sitio\/producto\/colgate-enjuague-bucal-total-12-carbon-activado-250-ml\/","title":{"rendered":"Colgate Enjuague Bucal Total 12 Carbon Activado 250 ml"},"content":{"rendered":"<p>El nuevo enjuague Colgate Total 12 Charcoal 250 ml es ideal para una limpieza profunda y prolongada.<\/p>\n<p>Su f\u00f3rmula actual de Total 12 + el carb\u00f3n activado te dan 12 horas de defensa activa contra bacterias.<\/p>\n<p>La f\u00f3rmula con carb\u00f3n del enjuague Colgate adem\u00e1s de brindar una limpieza en cuesti\u00f3n de segundos, tambi\u00e9n cuenta con un delicioso sabor para un aliento fresco todos los d\u00edas, evitando la formaci\u00f3n de placa y caries a tu boca.<\/p>\n<p>Alcanza tu mejor sonrisa con Colgate Total 12 Carb\u00f3n activado y mant\u00e9n tus dientes sanos y brillantes.<\/p>\n","protected":false},"excerpt":{"rendered":"<p>El nuevo enjuague Colgate Total 12 Charcoal 250 ml es ideal para una limpieza profunda y prolongada<\/p>\n","protected":false},"featured_media":9255,"comment_status":"open","ping_status":"closed","template":"","meta":[],"product_brand":[],"product_cat":[152],"product_tag":[],"class_list":{"0":"post-15738","1":"product","2":"type-product","3":"status-publish","4":"has-post-thumbnail","6":"product_cat-cuidado-personal","8":"first","9":"instock","10":"shipping-taxable","11":"purchasable","12":"product-type-simple"},"_links":{"self":[{"href":"https:\/\/farmaciadagostino.com.ar\/sitio\/wp-json\/wp\/v2\/product\/15738","targetHints":{"allow":["GET"]}}],"collection":[{"href":"https:\/\/farmaciadagostino.com.ar\/sitio\/wp-json\/wp\/v2\/product"}],"about":[{"href":"https:\/\/farmaciadagostino.com.ar\/sitio\/wp-json\/wp\/v2\/types\/product"}],"replies":[{"embeddable":true,"href":"https:\/\/farmaciadagostino.com.ar\/sitio\/wp-json\/wp\/v2\/comments?post=15738"}],"wp:featuredmedia":[{"embeddable":true,"href":"https:\/\/farmaciadagostino.com.ar\/sitio\/wp-json\/wp\/v2\/media\/9255"}],"wp:attachment":[{"href":"https:\/\/farmaciadagostino.com.ar\/sitio\/wp-json\/wp\/v2\/media?parent=15738"}],"wp:term":[{"taxonomy":"product_brand","embeddable":true,"href":"https:\/\/farmaciadagostino.com.ar\/sitio\/wp-json\/wp\/v2\/product_brand?post=15738"},{"taxonomy":"product_cat","embeddable":true,"href":"https:\/\/farmaciadagostino.com.ar\/sitio\/wp-json\/wp\/v2\/product_cat?post=15738"},{"taxonomy":"product_tag","embeddable":true,"href":"https:\/\/farmaciadagostino.com.ar\/sitio\/wp-json\/wp\/v2\/product_tag?post=15738"}],"curies":[{"name":"wp","href":"https:\/\/api.w.org\/{rel}","templated":true}]}}