{"id":15792,"date":"2024-07-01T23:23:48","date_gmt":"2024-07-02T02:23:48","guid":{"rendered":"https:\/\/farmaciadagostino.com.ar\/sitio\/producto\/colgate-cepillo-dental-slim-soft-compact-head-2-unidades-promo-precio-especial\/"},"modified":"2026-03-09T10:18:29","modified_gmt":"2026-03-09T13:18:29","slug":"colgate-cepillo-dental-slim-soft-compact-head-2-unidades-promo-precio-especial","status":"publish","type":"product","link":"https:\/\/farmaciadagostino.com.ar\/sitio\/producto\/colgate-cepillo-dental-slim-soft-compact-head-2-unidades-promo-precio-especial\/","title":{"rendered":"Colgate Cepillo Dental Slim Soft Compact Head 2 Unidades Promo Precio Especial"},"content":{"rendered":"<h5>Descripci\u00f3n<\/h5>\n<p>Limpieza profunda y a la vez delicada.<\/p>\n<h5>Beneficio:<\/h5>\n<p>&#8211; Cerdas con puntas 17X m\u00e1s delgadas Vs. cepillo regular de cerdas planas, que penetran y remueven restos de comida en espacios estrechos entre los dientes y a lo largo de la l\u00ednea de la enc\u00eda.<\/p>\n<h5>Modo de uso:<\/h5>\n<p>Cep\u00edllese adecuadamente los dientes despu\u00e9s de cada comida, tres veces al d\u00eda o seg\u00fan la recomendaci\u00f3n de su odont\u00f3logo. Enjuagar completamente despu\u00e9s del cepillado.<\/p>\n<h5>Precauciones:<\/h5>\n<p> Mantener fuera del alcance de los ni\u00f1os menores de 3 a\u00f1os. Producto no perecedero. No usar si el empaque est\u00e1 abierto. Los odont\u00f3logos e higienistas recomiendan cambiar el cepillo de dientes cada 3 meses.<\/p>\n","protected":false},"excerpt":{"rendered":"<p>Descripci\u00f3nLimpieza profunda y a la vez delicada<\/p>\n","protected":false},"featured_media":18049,"comment_status":"open","ping_status":"closed","template":"","meta":[],"product_brand":[],"product_cat":[152],"product_tag":[],"class_list":{"0":"post-15792","1":"product","2":"type-product","3":"status-publish","4":"has-post-thumbnail","6":"product_cat-cuidado-personal","8":"first","9":"instock","10":"shipping-taxable","11":"purchasable","12":"product-type-simple"},"_links":{"self":[{"href":"https:\/\/farmaciadagostino.com.ar\/sitio\/wp-json\/wp\/v2\/product\/15792","targetHints":{"allow":["GET"]}}],"collection":[{"href":"https:\/\/farmaciadagostino.com.ar\/sitio\/wp-json\/wp\/v2\/product"}],"about":[{"href":"https:\/\/farmaciadagostino.com.ar\/sitio\/wp-json\/wp\/v2\/types\/product"}],"replies":[{"embeddable":true,"href":"https:\/\/farmaciadagostino.com.ar\/sitio\/wp-json\/wp\/v2\/comments?post=15792"}],"wp:featuredmedia":[{"embeddable":true,"href":"https:\/\/farmaciadagostino.com.ar\/sitio\/wp-json\/wp\/v2\/media\/18049"}],"wp:attachment":[{"href":"https:\/\/farmaciadagostino.com.ar\/sitio\/wp-json\/wp\/v2\/media?parent=15792"}],"wp:term":[{"taxonomy":"product_brand","embeddable":true,"href":"https:\/\/farmaciadagostino.com.ar\/sitio\/wp-json\/wp\/v2\/product_brand?post=15792"},{"taxonomy":"product_cat","embeddable":true,"href":"https:\/\/farmaciadagostino.com.ar\/sitio\/wp-json\/wp\/v2\/product_cat?post=15792"},{"taxonomy":"product_tag","embeddable":true,"href":"https:\/\/farmaciadagostino.com.ar\/sitio\/wp-json\/wp\/v2\/product_tag?post=15792"}],"curies":[{"name":"wp","href":"https:\/\/api.w.org\/{rel}","templated":true}]}}