{"id":15794,"date":"2024-07-01T23:23:53","date_gmt":"2024-07-02T02:23:53","guid":{"rendered":"https:\/\/farmaciadagostino.com.ar\/sitio\/producto\/colgate-cepillo-dental-smiles-0-2-anos-1-unidad\/"},"modified":"2026-03-09T10:25:37","modified_gmt":"2026-03-09T13:25:37","slug":"colgate-cepillo-dental-smiles-0-2-anos-1-unidad","status":"publish","type":"product","link":"https:\/\/farmaciadagostino.com.ar\/sitio\/producto\/colgate-cepillo-dental-smiles-0-2-anos-1-unidad\/","title":{"rendered":"Colgate Cepillo Dental Smiles 0-2 A\u00f1os 1 Unidad"},"content":{"rendered":"<p>Los primeros pasos de salud bucal del beb\u00e9.<\/p>\n<h5>Beneficios:<\/h5>\n<p>&#8211; Mango anti-deslizante ergon\u00f3mico para que el ni\u00f1o se familiarice con el cepillado. &#8211; Cerdas extra suaves para una limpieza suave y efectiva. &#8211; Cabeza compacta y acolchada para evitar maltratar la boca del ni\u00f1o. &#8211; Marca dosificadora en las cerdas que ayuda a medir la cantidad recomendada de crema dental que debe ser utilizada.<\/p>\n<h5>Modo de uso:<\/h5>\n<p>Cep\u00edllese adecuadamente los dientes despu\u00e9s de cada comida, tres veces al d\u00eda o seg\u00fan la recomendaci\u00f3n de su odont\u00f3logo. Enjuagar completamente despu\u00e9s del cepillado.<\/p>\n<h5>Precauciones:<\/h5>\n<p>Ni\u00f1os menores de 4 a\u00f1os deben tener la supervisi\u00f3n de un adulto. No morder o masticar. S\u00f3lo para cepillar los dientes. No usar como juguete. Producto no perecedero. No usar si el empaque est\u00e1 abierto.<\/p>\n","protected":false},"excerpt":{"rendered":"<p>Los primeros pasos de salud bucal del beb\u00e9<\/p>\n","protected":false},"featured_media":18042,"comment_status":"open","ping_status":"closed","template":"","meta":[],"product_brand":[],"product_cat":[152],"product_tag":[],"class_list":{"0":"post-15794","1":"product","2":"type-product","3":"status-publish","4":"has-post-thumbnail","6":"product_cat-cuidado-personal","8":"first","9":"instock","10":"shipping-taxable","11":"purchasable","12":"product-type-simple"},"_links":{"self":[{"href":"https:\/\/farmaciadagostino.com.ar\/sitio\/wp-json\/wp\/v2\/product\/15794","targetHints":{"allow":["GET"]}}],"collection":[{"href":"https:\/\/farmaciadagostino.com.ar\/sitio\/wp-json\/wp\/v2\/product"}],"about":[{"href":"https:\/\/farmaciadagostino.com.ar\/sitio\/wp-json\/wp\/v2\/types\/product"}],"replies":[{"embeddable":true,"href":"https:\/\/farmaciadagostino.com.ar\/sitio\/wp-json\/wp\/v2\/comments?post=15794"}],"wp:featuredmedia":[{"embeddable":true,"href":"https:\/\/farmaciadagostino.com.ar\/sitio\/wp-json\/wp\/v2\/media\/18042"}],"wp:attachment":[{"href":"https:\/\/farmaciadagostino.com.ar\/sitio\/wp-json\/wp\/v2\/media?parent=15794"}],"wp:term":[{"taxonomy":"product_brand","embeddable":true,"href":"https:\/\/farmaciadagostino.com.ar\/sitio\/wp-json\/wp\/v2\/product_brand?post=15794"},{"taxonomy":"product_cat","embeddable":true,"href":"https:\/\/farmaciadagostino.com.ar\/sitio\/wp-json\/wp\/v2\/product_cat?post=15794"},{"taxonomy":"product_tag","embeddable":true,"href":"https:\/\/farmaciadagostino.com.ar\/sitio\/wp-json\/wp\/v2\/product_tag?post=15794"}],"curies":[{"name":"wp","href":"https:\/\/api.w.org\/{rel}","templated":true}]}}