{"id":15841,"date":"2024-07-01T23:26:54","date_gmt":"2024-07-02T02:26:54","guid":{"rendered":"https:\/\/farmaciadagostino.com.ar\/sitio\/producto\/vogue-esmalte-fantastic-10-ml-brisa\/"},"modified":"2026-03-09T10:25:37","modified_gmt":"2026-03-09T13:25:37","slug":"vogue-esmalte-fantastic-10-ml-brisa","status":"publish","type":"product","link":"https:\/\/farmaciadagostino.com.ar\/sitio\/producto\/vogue-esmalte-fantastic-10-ml-brisa\/","title":{"rendered":"Vogue Esmalte Fantastic 10 ml Brisa"},"content":{"rendered":"<p>Luc\u00ed unas u\u00f1as impresionantes con el nuevo esmalte de u\u00f1as Vogue Fantastic Azulado en formato 10 ml. Color de Larga Duraci\u00f3n con pincel plano para un acabado profesional f\u00e1cil.<\/p>\n<p>Beneficios: Color intenso,Pincel plano para un acabado profesional f\u00e1cil, Larga duraci\u00f3n<\/p>\n<p>Aplic\u00e1 una capa de la base endurecedora Super Fantastic, luego el color que m\u00e1s te guste y para finalizar utiliz\u00e1 el top coat efecto gel Super Fantastic para un acabado brilloso y de una mayor duraci\u00f3n.<\/p>\n","protected":false},"excerpt":{"rendered":"<p>Luc\u00ed unas u\u00f1as impresionantes con el nuevo esmalte de u\u00f1as Vogue Fantastic Azulado en formato 10 ml<\/p>\n","protected":false},"featured_media":18030,"comment_status":"open","ping_status":"closed","template":"","meta":[],"product_brand":[],"product_cat":[237,265],"product_tag":[],"class_list":{"0":"post-15841","1":"product","2":"type-product","3":"status-publish","4":"has-post-thumbnail","6":"product_cat-belleza","7":"product_cat-maquillaje","9":"first","10":"instock","11":"shipping-taxable","12":"purchasable","13":"product-type-simple"},"_links":{"self":[{"href":"https:\/\/farmaciadagostino.com.ar\/sitio\/wp-json\/wp\/v2\/product\/15841","targetHints":{"allow":["GET"]}}],"collection":[{"href":"https:\/\/farmaciadagostino.com.ar\/sitio\/wp-json\/wp\/v2\/product"}],"about":[{"href":"https:\/\/farmaciadagostino.com.ar\/sitio\/wp-json\/wp\/v2\/types\/product"}],"replies":[{"embeddable":true,"href":"https:\/\/farmaciadagostino.com.ar\/sitio\/wp-json\/wp\/v2\/comments?post=15841"}],"wp:featuredmedia":[{"embeddable":true,"href":"https:\/\/farmaciadagostino.com.ar\/sitio\/wp-json\/wp\/v2\/media\/18030"}],"wp:attachment":[{"href":"https:\/\/farmaciadagostino.com.ar\/sitio\/wp-json\/wp\/v2\/media?parent=15841"}],"wp:term":[{"taxonomy":"product_brand","embeddable":true,"href":"https:\/\/farmaciadagostino.com.ar\/sitio\/wp-json\/wp\/v2\/product_brand?post=15841"},{"taxonomy":"product_cat","embeddable":true,"href":"https:\/\/farmaciadagostino.com.ar\/sitio\/wp-json\/wp\/v2\/product_cat?post=15841"},{"taxonomy":"product_tag","embeddable":true,"href":"https:\/\/farmaciadagostino.com.ar\/sitio\/wp-json\/wp\/v2\/product_tag?post=15841"}],"curies":[{"name":"wp","href":"https:\/\/api.w.org\/{rel}","templated":true}]}}