{"id":15873,"date":"2024-07-01T23:27:04","date_gmt":"2024-07-02T02:27:04","guid":{"rendered":"https:\/\/farmaciadagostino.com.ar\/sitio\/producto\/acf-mascara-facial-shcock-malbec-hidraskin\/"},"modified":"2026-03-09T10:18:29","modified_gmt":"2026-03-09T13:18:29","slug":"acf-mascara-facial-shcock-malbec-hidraskin","status":"publish","type":"product","link":"https:\/\/farmaciadagostino.com.ar\/sitio\/producto\/acf-mascara-facial-shcock-malbec-hidraskin\/","title":{"rendered":"Acf Mascara Facial Shcock Malbec Hidraskin"},"content":{"rendered":"<p>Aplicando los \u00faltimos conceptos de la biotecnolog\u00eda, El HYDRASKIN de levadura de Malbec permite hidratar en 5 minutos la piel, penetrando hasta 5 mm y conservando la acci\u00f3n por 72 hs. Mantiene la humedad, evitando el efecto de perdida de agua transepid\u00e9rmica (TEWL).<\/p>\n","protected":false},"excerpt":{"rendered":"<p>Aplicando los \u00faltimos conceptos de la biotecnolog\u00eda, El HYDRASKIN de levadura de Malbec permite hidratar en 5 minutos la piel, penetrando hasta 5 mm y conservando la acci\u00f3n por 72 hs<\/p>\n","protected":false},"featured_media":12443,"comment_status":"open","ping_status":"closed","template":"","meta":[],"product_brand":[],"product_cat":[237,162],"product_tag":[],"class_list":{"0":"post-15873","1":"product","2":"type-product","3":"status-publish","4":"has-post-thumbnail","6":"product_cat-belleza","7":"product_cat-dermocosmetica","9":"first","10":"instock","11":"shipping-taxable","12":"purchasable","13":"product-type-simple"},"_links":{"self":[{"href":"https:\/\/farmaciadagostino.com.ar\/sitio\/wp-json\/wp\/v2\/product\/15873","targetHints":{"allow":["GET"]}}],"collection":[{"href":"https:\/\/farmaciadagostino.com.ar\/sitio\/wp-json\/wp\/v2\/product"}],"about":[{"href":"https:\/\/farmaciadagostino.com.ar\/sitio\/wp-json\/wp\/v2\/types\/product"}],"replies":[{"embeddable":true,"href":"https:\/\/farmaciadagostino.com.ar\/sitio\/wp-json\/wp\/v2\/comments?post=15873"}],"wp:featuredmedia":[{"embeddable":true,"href":"https:\/\/farmaciadagostino.com.ar\/sitio\/wp-json\/wp\/v2\/media\/12443"}],"wp:attachment":[{"href":"https:\/\/farmaciadagostino.com.ar\/sitio\/wp-json\/wp\/v2\/media?parent=15873"}],"wp:term":[{"taxonomy":"product_brand","embeddable":true,"href":"https:\/\/farmaciadagostino.com.ar\/sitio\/wp-json\/wp\/v2\/product_brand?post=15873"},{"taxonomy":"product_cat","embeddable":true,"href":"https:\/\/farmaciadagostino.com.ar\/sitio\/wp-json\/wp\/v2\/product_cat?post=15873"},{"taxonomy":"product_tag","embeddable":true,"href":"https:\/\/farmaciadagostino.com.ar\/sitio\/wp-json\/wp\/v2\/product_tag?post=15873"}],"curies":[{"name":"wp","href":"https:\/\/api.w.org\/{rel}","templated":true}]}}