{"id":15874,"date":"2024-07-01T23:27:04","date_gmt":"2024-07-02T02:27:04","guid":{"rendered":"https:\/\/farmaciadagostino.com.ar\/sitio\/producto\/acf-pads-contorno-de-ojos\/"},"modified":"2026-03-09T10:25:37","modified_gmt":"2026-03-09T13:25:37","slug":"acf-pads-contorno-de-ojos","status":"publish","type":"product","link":"https:\/\/farmaciadagostino.com.ar\/sitio\/producto\/acf-pads-contorno-de-ojos\/","title":{"rendered":"Acf Pads Contorno de Ojos"},"content":{"rendered":"<p>Reducen la inflamaci\u00f3n, descongestionan e hidratan, brindando una mirada m\u00e1s fresca y descansada. <\/p>\n<h5>Beneficios:<\/h5>\n<p>Su f\u00f3rmula, contiene AgascalmTM, un principio activo que act\u00faa reduciendo la inflamaci\u00f3n y mejorando la tonicidad vascular y la luminosidad de la piel. Tambi\u00e9n contiene aloe vera, que hidrata, protege y regenera la piel, refrescando y descongestionando la zona, suavizando la mirada y brindando una sensaci\u00f3n de frescura. <\/p>\n","protected":false},"excerpt":{"rendered":"<p>Reducen la inflamaci\u00f3n, descongestionan e hidratan, brindando una mirada m\u00e1s fresca y descansada<\/p>\n","protected":false},"featured_media":12447,"comment_status":"open","ping_status":"closed","template":"","meta":[],"product_brand":[],"product_cat":[237,162],"product_tag":[],"class_list":{"0":"post-15874","1":"product","2":"type-product","3":"status-publish","4":"has-post-thumbnail","6":"product_cat-belleza","7":"product_cat-dermocosmetica","9":"first","10":"instock","11":"shipping-taxable","12":"purchasable","13":"product-type-simple"},"_links":{"self":[{"href":"https:\/\/farmaciadagostino.com.ar\/sitio\/wp-json\/wp\/v2\/product\/15874","targetHints":{"allow":["GET"]}}],"collection":[{"href":"https:\/\/farmaciadagostino.com.ar\/sitio\/wp-json\/wp\/v2\/product"}],"about":[{"href":"https:\/\/farmaciadagostino.com.ar\/sitio\/wp-json\/wp\/v2\/types\/product"}],"replies":[{"embeddable":true,"href":"https:\/\/farmaciadagostino.com.ar\/sitio\/wp-json\/wp\/v2\/comments?post=15874"}],"wp:featuredmedia":[{"embeddable":true,"href":"https:\/\/farmaciadagostino.com.ar\/sitio\/wp-json\/wp\/v2\/media\/12447"}],"wp:attachment":[{"href":"https:\/\/farmaciadagostino.com.ar\/sitio\/wp-json\/wp\/v2\/media?parent=15874"}],"wp:term":[{"taxonomy":"product_brand","embeddable":true,"href":"https:\/\/farmaciadagostino.com.ar\/sitio\/wp-json\/wp\/v2\/product_brand?post=15874"},{"taxonomy":"product_cat","embeddable":true,"href":"https:\/\/farmaciadagostino.com.ar\/sitio\/wp-json\/wp\/v2\/product_cat?post=15874"},{"taxonomy":"product_tag","embeddable":true,"href":"https:\/\/farmaciadagostino.com.ar\/sitio\/wp-json\/wp\/v2\/product_tag?post=15874"}],"curies":[{"name":"wp","href":"https:\/\/api.w.org\/{rel}","templated":true}]}}