{"id":15877,"date":"2024-07-01T23:27:06","date_gmt":"2024-07-02T02:27:06","guid":{"rendered":"https:\/\/farmaciadagostino.com.ar\/sitio\/producto\/crema-facial-acf-defensa-am-pm-by-dadatina-x-50-g\/"},"modified":"2026-03-09T10:18:29","modified_gmt":"2026-03-09T13:18:29","slug":"crema-facial-acf-defensa-am-pm-by-dadatina-x-50-g","status":"publish","type":"product","link":"https:\/\/farmaciadagostino.com.ar\/sitio\/producto\/crema-facial-acf-defensa-am-pm-by-dadatina-x-50-g\/","title":{"rendered":"Crema Facial Acf Defensa Am\/Pm By Dadatina x 50 g"},"content":{"rendered":"<p>Sella la hidrataci\u00f3n, protegiendo y fortaleciendo la barrera de la piel. Su f\u00f3rmula de textura fluida incorpora la tecnolog\u00eda probi\u00f3tica, combinando la acci\u00f3n del Extracto de Matcha Plus de propiedades antioxidantes, con el Hydraskin, un activo postbi\u00f3tico que hidrata la piel en profundidad, penetrando hasta 4mm y conservando su efecto por 72hs, para sellarla y protegerla de da\u00f1os externos.<\/p>\n<h5>Modo de uso:<\/h5>\n<p>Luego de la limpieza, y posterior a la aplicaci\u00f3n del serum (opcional), aplicar la crema en el rostro y en el cuello, de manera uniforme, con suaves movimientos ascendentes. De d\u00eda: continuar la rutina aplicando protector solar.<\/p>\n","protected":false},"excerpt":{"rendered":"<p>Sella la hidrataci\u00f3n, protegiendo y fortaleciendo la barrera de la piel<\/p>\n","protected":false},"featured_media":12449,"comment_status":"open","ping_status":"closed","template":"","meta":[],"product_brand":[],"product_cat":[237,162],"product_tag":[],"class_list":{"0":"post-15877","1":"product","2":"type-product","3":"status-publish","4":"has-post-thumbnail","6":"product_cat-belleza","7":"product_cat-dermocosmetica","9":"first","10":"instock","11":"shipping-taxable","12":"purchasable","13":"product-type-simple"},"_links":{"self":[{"href":"https:\/\/farmaciadagostino.com.ar\/sitio\/wp-json\/wp\/v2\/product\/15877","targetHints":{"allow":["GET"]}}],"collection":[{"href":"https:\/\/farmaciadagostino.com.ar\/sitio\/wp-json\/wp\/v2\/product"}],"about":[{"href":"https:\/\/farmaciadagostino.com.ar\/sitio\/wp-json\/wp\/v2\/types\/product"}],"replies":[{"embeddable":true,"href":"https:\/\/farmaciadagostino.com.ar\/sitio\/wp-json\/wp\/v2\/comments?post=15877"}],"wp:featuredmedia":[{"embeddable":true,"href":"https:\/\/farmaciadagostino.com.ar\/sitio\/wp-json\/wp\/v2\/media\/12449"}],"wp:attachment":[{"href":"https:\/\/farmaciadagostino.com.ar\/sitio\/wp-json\/wp\/v2\/media?parent=15877"}],"wp:term":[{"taxonomy":"product_brand","embeddable":true,"href":"https:\/\/farmaciadagostino.com.ar\/sitio\/wp-json\/wp\/v2\/product_brand?post=15877"},{"taxonomy":"product_cat","embeddable":true,"href":"https:\/\/farmaciadagostino.com.ar\/sitio\/wp-json\/wp\/v2\/product_cat?post=15877"},{"taxonomy":"product_tag","embeddable":true,"href":"https:\/\/farmaciadagostino.com.ar\/sitio\/wp-json\/wp\/v2\/product_tag?post=15877"}],"curies":[{"name":"wp","href":"https:\/\/api.w.org\/{rel}","templated":true}]}}