{"id":15881,"date":"2024-07-01T23:27:07","date_gmt":"2024-07-02T02:27:07","guid":{"rendered":"https:\/\/farmaciadagostino.com.ar\/sitio\/producto\/bagovit-crema-facial-antimanchas-pro-bio-50-ml\/"},"modified":"2026-03-09T10:18:29","modified_gmt":"2026-03-09T13:18:29","slug":"bagovit-crema-facial-antimanchas-pro-bio-50-ml","status":"publish","type":"product","link":"https:\/\/farmaciadagostino.com.ar\/sitio\/producto\/bagovit-crema-facial-antimanchas-pro-bio-50-ml\/","title":{"rendered":"Bagovit Crema Facial Antimanchas Pro Bio 50 ml"},"content":{"rendered":"<h5>Descripci\u00f3n<\/h5>\n<p>Crema Facial Bagovit Pro Bio Anti-manchas 50 ml previene y reduce de forma eficaz la aparici\u00f3n de manchas en el rostro, cuello y escote. Gracias a su f\u00f3rmula con Actiwhite que inhibe la formaci\u00f3n de melanina y reduce la hiperpigmentaci\u00f3n, y Vitamina C y Niacinamida, que ayudan a lograr un efecto reparador y aclarador, se logra una tez homog\u00e9nea, luminosa y radiante. Una crema con pollushied que protege de la poluci\u00f3n, de los rayos de sol y luz azul. Tambi\u00e9n combate la falta de elasticidad y tonicidad de la piel gracias a la Vitamina A.  Ideal para todo tipo de piel y para su uso de d\u00eda ya que cuenta con FPS40.<\/p>\n<h5>Beneficios<\/h5>\n<p>&#8211; Previene y reduce eficazmente la apariencia de las manchas del rostro, cuello y escote.<br \/>\n&#8211; Gracias a su f\u00f3rmula con Actiwhite que inhibe la formaci\u00f3n de melanina y reduce la hiperpigmentaci\u00f3n, y Vitamina C y Niacinamida, que ayudan a lograr un efecto reparador y aclarador, se logra una tez homog\u00e9nea, luminosa y radiante.<br \/>\n&#8211; Una crema con pollushied que protege de la poluci\u00f3n, de los rayos de sol y luz azul.<br \/>\n&#8211; Combate la falta de elasticidad y tonicidad de la piel gracias a la Vitamina A.<br \/>\n&#8211; Ideal para todo tipo de piel y para su uso de d\u00eda ya que cuenta con FPS40.<\/p>\n<h5>Modo de uso<\/h5>\n<p>Aplicar por la ma\u00f1ana en el rostro cuello y escote. <\/p>\n<h5>Ingredientes<\/h5>\n<p>Actiwhite &#8211; Vitamina C y Niacinamida &#8211; Pollushield &#8211; Vitamina A<\/p>\n","protected":false},"excerpt":{"rendered":"<p>Descripci\u00f3nCrema Facial Bagovit Pro Bio Anti-manchas 50 ml previene y reduce de forma eficaz la aparici\u00f3n de manchas en el rostro, cuello y escote<\/p>\n","protected":false},"featured_media":10085,"comment_status":"open","ping_status":"closed","template":"","meta":[],"product_brand":[],"product_cat":[237,162],"product_tag":[],"class_list":{"0":"post-15881","1":"product","2":"type-product","3":"status-publish","4":"has-post-thumbnail","6":"product_cat-belleza","7":"product_cat-dermocosmetica","9":"first","10":"instock","11":"shipping-taxable","12":"purchasable","13":"product-type-simple"},"_links":{"self":[{"href":"https:\/\/farmaciadagostino.com.ar\/sitio\/wp-json\/wp\/v2\/product\/15881","targetHints":{"allow":["GET"]}}],"collection":[{"href":"https:\/\/farmaciadagostino.com.ar\/sitio\/wp-json\/wp\/v2\/product"}],"about":[{"href":"https:\/\/farmaciadagostino.com.ar\/sitio\/wp-json\/wp\/v2\/types\/product"}],"replies":[{"embeddable":true,"href":"https:\/\/farmaciadagostino.com.ar\/sitio\/wp-json\/wp\/v2\/comments?post=15881"}],"wp:featuredmedia":[{"embeddable":true,"href":"https:\/\/farmaciadagostino.com.ar\/sitio\/wp-json\/wp\/v2\/media\/10085"}],"wp:attachment":[{"href":"https:\/\/farmaciadagostino.com.ar\/sitio\/wp-json\/wp\/v2\/media?parent=15881"}],"wp:term":[{"taxonomy":"product_brand","embeddable":true,"href":"https:\/\/farmaciadagostino.com.ar\/sitio\/wp-json\/wp\/v2\/product_brand?post=15881"},{"taxonomy":"product_cat","embeddable":true,"href":"https:\/\/farmaciadagostino.com.ar\/sitio\/wp-json\/wp\/v2\/product_cat?post=15881"},{"taxonomy":"product_tag","embeddable":true,"href":"https:\/\/farmaciadagostino.com.ar\/sitio\/wp-json\/wp\/v2\/product_tag?post=15881"}],"curies":[{"name":"wp","href":"https:\/\/api.w.org\/{rel}","templated":true}]}}