{"id":15904,"date":"2024-07-01T23:27:15","date_gmt":"2024-07-02T02:27:15","guid":{"rendered":"https:\/\/farmaciadagostino.com.ar\/sitio\/producto\/crema-facial-neutrogena-hidratante-intesiva-mate-3-en-1-x-100-g\/"},"modified":"2026-03-09T10:10:23","modified_gmt":"2026-03-09T13:10:23","slug":"crema-facial-neutrogena-hidratante-intesiva-mate-3-en-1-x-100-g","status":"publish","type":"product","link":"https:\/\/farmaciadagostino.com.ar\/sitio\/producto\/crema-facial-neutrogena-hidratante-intesiva-mate-3-en-1-x-100-g\/","title":{"rendered":"Crema Facial Neutrogena Hidratante Intesiva Mate 3 en 1 x 100 g"},"content":{"rendered":"<p>Combina la hidrataci\u00f3n con una textura ultraligera, oil free y de f\u00e1cil absorci\u00f3n, dejando la piel seca al tacto. <\/p>\n<h5>Beneficios:<\/h5>\n<p>Su f\u00f3rmula avanzada combina D-pantenol, glicerina y arginina que ofrece m\u00e1s ciencia a tu piel. Ofrece 24 horas de hidrataci\u00f3n intensa con un tacto aterciopelado, un efecto primer instant\u00e1neo y matificante y contiene tecnolog\u00eda que reduce la grasa y controla los brillos durante 8 horas <\/p>\n<h5>Modo de Uso:<\/h5>\n<p>Aplicar con movimientos suaves sobre el rostro y el cuello previamente limpios. <\/p>\n","protected":false},"excerpt":{"rendered":"<p>Combina la hidrataci\u00f3n con una textura ultraligera, oil free y de f\u00e1cil absorci\u00f3n, dejando la piel seca al tacto<\/p>\n","protected":false},"featured_media":13300,"comment_status":"open","ping_status":"closed","template":"","meta":[],"product_brand":[],"product_cat":[237,162],"product_tag":[],"class_list":{"0":"post-15904","1":"product","2":"type-product","3":"status-publish","4":"has-post-thumbnail","6":"product_cat-belleza","7":"product_cat-dermocosmetica","9":"first","10":"instock","11":"shipping-taxable","12":"purchasable","13":"product-type-simple"},"_links":{"self":[{"href":"https:\/\/farmaciadagostino.com.ar\/sitio\/wp-json\/wp\/v2\/product\/15904","targetHints":{"allow":["GET"]}}],"collection":[{"href":"https:\/\/farmaciadagostino.com.ar\/sitio\/wp-json\/wp\/v2\/product"}],"about":[{"href":"https:\/\/farmaciadagostino.com.ar\/sitio\/wp-json\/wp\/v2\/types\/product"}],"replies":[{"embeddable":true,"href":"https:\/\/farmaciadagostino.com.ar\/sitio\/wp-json\/wp\/v2\/comments?post=15904"}],"wp:featuredmedia":[{"embeddable":true,"href":"https:\/\/farmaciadagostino.com.ar\/sitio\/wp-json\/wp\/v2\/media\/13300"}],"wp:attachment":[{"href":"https:\/\/farmaciadagostino.com.ar\/sitio\/wp-json\/wp\/v2\/media?parent=15904"}],"wp:term":[{"taxonomy":"product_brand","embeddable":true,"href":"https:\/\/farmaciadagostino.com.ar\/sitio\/wp-json\/wp\/v2\/product_brand?post=15904"},{"taxonomy":"product_cat","embeddable":true,"href":"https:\/\/farmaciadagostino.com.ar\/sitio\/wp-json\/wp\/v2\/product_cat?post=15904"},{"taxonomy":"product_tag","embeddable":true,"href":"https:\/\/farmaciadagostino.com.ar\/sitio\/wp-json\/wp\/v2\/product_tag?post=15904"}],"curies":[{"name":"wp","href":"https:\/\/api.w.org\/{rel}","templated":true}]}}